{"id":2785,"date":"2025-10-19T15:36:47","date_gmt":"2025-10-19T13:36:47","guid":{"rendered":"https:\/\/unisource-future.com\/?page_id=2785"},"modified":"2025-11-19T15:46:42","modified_gmt":"2025-11-19T14:46:42","slug":"investor-relations","status":"publish","type":"page","link":"https:\/\/unisource-future.com\/en\/investor-relations\/","title":{"rendered":"Investor Relations"},"content":{"rendered":"<div data-elementor-type=\"wp-page\" data-elementor-id=\"2785\" class=\"elementor elementor-2785\" data-elementor-post-type=\"page\">\n\t\t\t\t<div class=\"elementor-element elementor-element-67054ae e-flex e-con-boxed e-con e-parent\" data-id=\"67054ae\" data-element_type=\"container\" data-e-type=\"container\" data-settings=\"{&quot;background_background&quot;:&quot;classic&quot;}\">\n\t\t\t\t\t<div class=\"e-con-inner\">\n\t\t<div class=\"elementor-element elementor-element-12966b3 e-con-full e-flex e-con e-child\" data-id=\"12966b3\" data-element_type=\"container\" data-e-type=\"container\">\n\t\t\t\t<div class=\"elementor-element elementor-element-68b0d43 animated-slow elementor-invisible elementor-widget elementor-widget-heading\" data-id=\"68b0d43\" data-element_type=\"widget\" data-e-type=\"widget\" data-settings=\"{&quot;_animation&quot;:&quot;fadeInDown&quot;}\" data-widget_type=\"heading.default\">\n\t\t\t\t<div class=\"elementor-widget-container\">\n\t\t\t\t\t<h1 class=\"elementor-heading-title elementor-size-default\">Investor Rela&shy;tions<\/h1>\t\t\t\t<\/div>\n\t\t\t\t<\/div>\n\t\t\t\t<div class=\"elementor-element elementor-element-8cba92b elementor-widget elementor-widget-heading\" data-id=\"8cba92b\" data-element_type=\"widget\" data-e-type=\"widget\" data-widget_type=\"heading.default\">\n\t\t\t\t<div class=\"elementor-widget-container\">\n\t\t\t\t\t<h4 class=\"elementor-heading-title elementor-size-default\">Erneuerbare Energien als stabile und zukunftssichere Kapitalanlage<\/h4>\t\t\t\t<\/div>\n\t\t\t\t<\/div>\n\t\t\t\t<div class=\"elementor-element elementor-element-113e7a0 animated-slow elementor-invisible elementor-widget elementor-widget-text-editor\" data-id=\"113e7a0\" data-element_type=\"widget\" data-e-type=\"widget\" data-settings=\"{&quot;_animation&quot;:&quot;fadeIn&quot;}\" data-widget_type=\"text-editor.default\">\n\t\t\t\t<div class=\"elementor-widget-container\">\n\t\t\t\t\t\t\t\t\t<p><span style=\"font-weight: 400;\"><a href=\"https:\/\/unisource-future.com\/en\/themen-bereich-erneuerbare-energien\/\" data-internallinksmanager029f6b8e52c=\"30\" title=\"https:\/\/unisource-future.com\/themen-bereich-erneuerbare-energien\/\">Renewable energies<\/a> sind l\u00e4ngst zu einer tragenden S\u00e4ule nachhaltiger Investitionsstrategien geworden. Als unabh\u00e4ngiger Experte in der Planung, Entwicklung und <a href=\"https:\/\/unisource-future.com\/en\/processing-and-realisation\/\" data-internallinksmanager029f6b8e52c=\"11\" title=\"https:\/\/unisource-future.com\/abwicklung-und-umsetzung\/\">Realisation<\/a> von Energieprojekten bieten wir <a href=\"https:\/\/unisource-future.com\/en\/beratung-fuer-investoren\/\" data-internallinksmanager029f6b8e52c=\"50\" title=\"https:\/\/unisource-future.com\/beratung-fuer-investoren\/\">Investors<\/a> direkten Zugang zu gepr\u00fcften, wirtschaftlich tragf\u00e4higen und zukunftsorientierten Projekten in den Bereichen Photovoltaik, Windkraft, Speichertechnologien wie Elektrolyse und elektrische Batteriespeicher, und <a href=\"https:\/\/unisource-future.com\/en\/project-development-in-the-field-of-hydrogen\/\" data-internallinksmanager029f6b8e52c=\"7\" title=\"https:\/\/unisource-future.com\/projektentwicklung-bereich-wasserstoff\/\">Hydrogen<\/a>.\u00a0<\/span><\/p><p><strong>Unsere Expertise liegt nicht nur in der technischen Umsetzung, sondern auch in der wirtschaftlichen Strukturierung von Projekten \u2013 mit einem klaren Fokus auf Rentabilit\u00e4t, Transparenz und <a href=\"https:\/\/unisource-future.com\/en\/risikomanagement-und-absicherung-fuer-stabile-investments\/\" data-internallinksmanager029f6b8e52c=\"42\" title=\"https:\/\/unisource-future.com\/risikomanagement-und-absicherung-fuer-stabile-investments\/\">Risikomanagement<\/a>.<\/strong><\/p>\t\t\t\t\t\t\t\t<\/div>\n\t\t\t\t<\/div>\n\t\t\t\t<div class=\"elementor-element elementor-element-a4e3bae elementor-widget elementor-widget-xpro-button\" data-id=\"a4e3bae\" data-element_type=\"widget\" data-e-type=\"widget\" data-widget_type=\"xpro-button.default\">\n\t\t\t\t<div class=\"elementor-widget-container\">\n\t\t\t\t\t\n<a  href=\"#kontakt\" class=\"xpro-elementor-button xpro-elementor-button-animation-none xpro-align-icon-right\">\n<span class=\"xpro-elementor-button-inner\">\n<span class=\"xpro-button-text\">Contact us<\/span>\n<\/span>\n<\/a>\n\t\t\t\t<\/div>\n\t\t\t\t<\/div>\n\t\t\t\t<\/div>\n\t\t<div class=\"elementor-element elementor-element-4f4f7e7 e-con-full e-flex e-con e-child\" data-id=\"4f4f7e7\" data-element_type=\"container\" data-e-type=\"container\" data-settings=\"{&quot;background_background&quot;:&quot;classic&quot;}\">\n\t\t\t\t<\/div>\n\t\t\t\t\t<\/div>\n\t\t\t\t<\/div>\n\t\t<div class=\"elementor-element elementor-element-3ae3f5d e-flex e-con-boxed e-con e-parent\" data-id=\"3ae3f5d\" data-element_type=\"container\" data-e-type=\"container\" data-settings=\"{&quot;background_background&quot;:&quot;classic&quot;}\">\n\t\t\t\t\t<div class=\"e-con-inner\">\n\t\t\t\t<div class=\"elementor-element elementor-element-1c9621a animated-slow elementor-invisible elementor-widget elementor-widget-heading\" data-id=\"1c9621a\" data-element_type=\"widget\" data-e-type=\"widget\" data-settings=\"{&quot;_animation&quot;:&quot;fadeInDown&quot;}\" data-widget_type=\"heading.default\">\n\t\t\t\t<div class=\"elementor-widget-container\">\n\t\t\t\t\t<h2 class=\"elementor-heading-title elementor-size-default\">What we offer investors: <\/h2>\t\t\t\t<\/div>\n\t\t\t\t<\/div>\n\t\t<div class=\"elementor-element elementor-element-25a206f e-grid e-con-full e-con e-child\" data-id=\"25a206f\" data-element_type=\"container\" data-e-type=\"container\">\n\t\t\t\t<div class=\"elementor-element elementor-element-d1f6d95 elementor-align-left elementor-widget elementor-widget-xpro-infolist\" data-id=\"d1f6d95\" data-element_type=\"widget\" data-e-type=\"widget\" data-widget_type=\"xpro-infolist.default\">\n\t\t\t\t<div class=\"elementor-widget-container\">\n\t\t\t\t\t<ul class=\"xpro-infolist-wrapper xpro-infolist-layout-vertical\">\n\t\t\t<li class=\"xpro-infolist-item elementor-repeater-item-48e8cf4\">\n\t\t\t\t\t\t\t\t\t\t<div class=\"xpro-infolist-media xpro-infolist-media-type-icon\">\n\t\t\t\t\t<svg aria-hidden=\"true\" class=\"e-font-icon-svg e-fas-square-full\" viewbox=\"0 0 512 512\" xmlns=\"http:\/\/www.w3.org\/2000\/svg\"><path d=\"M512 512H0V0h512v512z\"><\/path><\/svg>\t\t\t\t<\/div>\n\t\t\t\n\t\t\t<div class=\"xpro-infolist-content\">\n\t\t\t\t                <h2 class=\"xpro-infolist-title\"> Zugang <\/h2>\n                \t\t\t\t\t\t\t\t\t<p class=\"xpro-infolist-desc\">zu entwicklungsreifen und baureifen Energieprojekten <\/p>\n\t\t\t\t\t\t\t<\/div>\n\t\t\t\t\t<\/li>\n\t\t\t<li class=\"xpro-infolist-item elementor-repeater-item-9d8b65a\">\n\t\t\t\t\t\t\t\t\t\t<div class=\"xpro-infolist-media xpro-infolist-media-type-icon\">\n\t\t\t\t\t<svg aria-hidden=\"true\" class=\"e-font-icon-svg e-fas-square-full\" viewbox=\"0 0 512 512\" xmlns=\"http:\/\/www.w3.org\/2000\/svg\"><path d=\"M512 512H0V0h512v512z\"><\/path><\/svg>\t\t\t\t<\/div>\n\t\t\t\n\t\t\t<div class=\"xpro-infolist-content\">\n\t\t\t\t                <h2 class=\"xpro-infolist-title\"> Profitability analyses <\/h2>\n                \t\t\t\t\t\t\t\t\t<p class=\"xpro-infolist-desc\"><a href=\"https:\/\/unisource-future.com\/en\/stabile-cashflows-aus-erneuerbaren-energien\/\" data-internallinksmanager029f6b8e52c=\"41\" title=\"https:\/\/unisource-future.com\/stabile-cashflows-aus-erneuerbaren-energien\/\">Cash flow<\/a>-Betrachtungen und Amortisationsmodelle <\/p>\n\t\t\t\t\t\t\t<\/div>\n\t\t\t\t\t<\/li>\n\t\t\t<li class=\"xpro-infolist-item elementor-repeater-item-e632b9d\">\n\t\t\t\t\t\t\t\t\t\t<div class=\"xpro-infolist-media xpro-infolist-media-type-icon\">\n\t\t\t\t\t<svg aria-hidden=\"true\" class=\"e-font-icon-svg e-fas-square-full\" viewbox=\"0 0 512 512\" xmlns=\"http:\/\/www.w3.org\/2000\/svg\"><path d=\"M512 512H0V0h512v512z\"><\/path><\/svg>\t\t\t\t<\/div>\n\t\t\t\n\t\t\t<div class=\"xpro-infolist-content\">\n\t\t\t\t                <h2 class=\"xpro-infolist-title\"> Begleitung <\/h2>\n                \t\t\t\t\t\t\t\t\t<p class=\"xpro-infolist-desc\">bei der Investitionspr\u00fcfung (Due Diligence)<\/p>\n\t\t\t\t\t\t\t<\/div>\n\t\t\t\t\t<\/li>\n\t<\/ul>\n\t\t\t\t<\/div>\n\t\t\t\t<\/div>\n\t\t\t\t<div class=\"elementor-element elementor-element-9ff4920 elementor-align-left elementor-widget elementor-widget-xpro-infolist\" data-id=\"9ff4920\" data-element_type=\"widget\" data-e-type=\"widget\" data-widget_type=\"xpro-infolist.default\">\n\t\t\t\t<div class=\"elementor-widget-container\">\n\t\t\t\t\t<ul class=\"xpro-infolist-wrapper xpro-infolist-layout-vertical\">\n\t\t\t<li class=\"xpro-infolist-item elementor-repeater-item-48e8cf4\">\n\t\t\t\t\t\t\t\t\t\t<div class=\"xpro-infolist-media xpro-infolist-media-type-icon\">\n\t\t\t\t\t<svg aria-hidden=\"true\" class=\"e-font-icon-svg e-fas-square-full\" viewbox=\"0 0 512 512\" xmlns=\"http:\/\/www.w3.org\/2000\/svg\"><path d=\"M512 512H0V0h512v512z\"><\/path><\/svg>\t\t\t\t<\/div>\n\t\t\t\n\t\t\t<div class=\"xpro-infolist-content\">\n\t\t\t\t                <h2 class=\"xpro-infolist-title\"> Projektstrukturierung <\/h2>\n                \t\t\t\t\t\t\t\t\t<p class=\"xpro-infolist-desc\">Beteiligungsmodelle und Vertragsgestaltung <\/p>\n\t\t\t\t\t\t\t<\/div>\n\t\t\t\t\t<\/li>\n\t\t\t<li class=\"xpro-infolist-item elementor-repeater-item-9d8b65a\">\n\t\t\t\t\t\t\t\t\t\t<div class=\"xpro-infolist-media xpro-infolist-media-type-icon\">\n\t\t\t\t\t<svg aria-hidden=\"true\" class=\"e-font-icon-svg e-fas-square-full\" viewbox=\"0 0 512 512\" xmlns=\"http:\/\/www.w3.org\/2000\/svg\"><path d=\"M512 512H0V0h512v512z\"><\/path><\/svg>\t\t\t\t<\/div>\n\t\t\t\n\t\t\t<div class=\"xpro-infolist-content\">\n\t\t\t\t                <h2 class=\"xpro-infolist-title\"> Unterst\u00fctzung <\/h2>\n                \t\t\t\t\t\t\t\t\t<p class=\"xpro-infolist-desc\">bei F\u00f6rdermittelbeantragung und regulatorischer Bewertung<\/p>\n\t\t\t\t\t\t\t<\/div>\n\t\t\t\t\t<\/li>\n\t\t\t<li class=\"xpro-infolist-item elementor-repeater-item-e632b9d\">\n\t\t\t\t\t\t\t\t\t\t<div class=\"xpro-infolist-media xpro-infolist-media-type-icon\">\n\t\t\t\t\t<svg aria-hidden=\"true\" class=\"e-font-icon-svg e-fas-square-full\" viewbox=\"0 0 512 512\" xmlns=\"http:\/\/www.w3.org\/2000\/svg\"><path d=\"M512 512H0V0h512v512z\"><\/path><\/svg>\t\t\t\t<\/div>\n\t\t\t\n\t\t\t<div class=\"xpro-infolist-content\">\n\t\t\t\t                <h2 class=\"xpro-infolist-title\"> Technisches Controlling <\/h2>\n                \t\t\t\t\t\t\t\t\t<p class=\"xpro-infolist-desc\">and <a href=\"https:\/\/unisource-future.com\/en\/investor-relations-wirtschaftlichkeit-performance\/\" data-internallinksmanager029f6b8e52c=\"39\" title=\"https:\/\/unisource-future.com\/investor-relations-wirtschaftlichkeit-performance\/\">Performance<\/a>-Monitoring nach Projektstart<\/p>\n\t\t\t\t\t\t\t<\/div>\n\t\t\t\t\t<\/li>\n\t<\/ul>\n\t\t\t\t<\/div>\n\t\t\t\t<\/div>\n\t\t\t\t<\/div>\n\t\t\t\t\t<\/div>\n\t\t\t\t<\/div>\n\t\t<div class=\"elementor-element elementor-element-53037b9 e-flex e-con-boxed e-con e-parent\" data-id=\"53037b9\" data-element_type=\"container\" data-e-type=\"container\" data-settings=\"{&quot;background_background&quot;:&quot;classic&quot;}\">\n\t\t\t\t\t<div class=\"e-con-inner\">\n\t\t\t\t<div class=\"elementor-element elementor-element-8d9e084 animated-slow elementor-invisible elementor-widget elementor-widget-heading\" data-id=\"8d9e084\" data-element_type=\"widget\" data-e-type=\"widget\" data-settings=\"{&quot;_animation&quot;:&quot;fadeInDown&quot;}\" data-widget_type=\"heading.default\">\n\t\t\t\t<div class=\"elementor-widget-container\">\n\t\t\t\t\t<h2 class=\"elementor-heading-title elementor-size-default\">Warum in unsere Projekte investieren? <\/h2>\t\t\t\t<\/div>\n\t\t\t\t<\/div>\n\t\t\t\t<div class=\"elementor-element elementor-element-8b8de0a elementor-widget elementor-widget-text-editor\" data-id=\"8b8de0a\" data-element_type=\"widget\" data-e-type=\"widget\" data-widget_type=\"text-editor.default\">\n\t\t\t\t<div class=\"elementor-widget-container\">\n\t\t\t\t\t\t\t\t\t<p><span style=\"font-weight: 400;\">Unsere Projekte zeichnen sich durch stabile Ertragsprognosen, realistische Planungsgrundlagen und eine sorgf\u00e4ltige technische sowie rechtliche Absicherung aus. Dank unserer unabh\u00e4ngigen Herangehensweise schaffen wir transparente Voraussetzungen f\u00fcr fundierte Investitionsentscheidungen \u2013 vom ersten Konzept bis zur laufenden Betriebsphase.<\/span><\/p>\t\t\t\t\t\t\t\t<\/div>\n\t\t\t\t<\/div>\n\t\t\t\t\t<\/div>\n\t\t\t\t<\/div>\n\t\t<div class=\"elementor-element elementor-element-9606238 e-flex e-con-boxed e-con e-parent\" data-id=\"9606238\" data-element_type=\"container\" data-e-type=\"container\">\n\t\t\t\t\t<div class=\"e-con-inner\">\n\t\t<div class=\"elementor-element elementor-element-ace6387 e-con-full e-flex e-con e-child\" data-id=\"ace6387\" data-element_type=\"container\" data-e-type=\"container\">\n\t\t\t\t<div class=\"elementor-element elementor-element-faf2ce4 elementor-widget elementor-widget-heading\" data-id=\"faf2ce4\" data-element_type=\"widget\" data-e-type=\"widget\" data-widget_type=\"heading.default\">\n\t\t\t\t<div class=\"elementor-widget-container\">\n\t\t\t\t\t<h4 class=\"elementor-heading-title elementor-size-default\">Partnerschaft auf Augenh\u00f6he<\/h4>\t\t\t\t<\/div>\n\t\t\t\t<\/div>\n\t\t\t\t<div class=\"elementor-element elementor-element-6cf2c5d elementor-widget elementor-widget-text-editor\" data-id=\"6cf2c5d\" data-element_type=\"widget\" data-e-type=\"widget\" data-widget_type=\"text-editor.default\">\n\t\t\t\t<div class=\"elementor-widget-container\">\n\t\t\t\t\t\t\t\t\t<p><span style=\"font-weight: 400;\">Wir verstehen Investor Relations als langfristige Zusammenarbeit: gepr\u00e4gt von Vertrauen, offener Kommunikation und gemeinsamen Zielen. Ob Direktinvestition, Co-Development oder strategische Beteiligung \u2013 wir entwickeln flexible L\u00f6sungen, die zu Ihrem Investitionsprofil passen.<\/span><\/p>\t\t\t\t\t\t\t\t<\/div>\n\t\t\t\t<\/div>\n\t\t\t\t<\/div>\n\t\t<div class=\"elementor-element elementor-element-36c8be1 e-con-full e-flex e-con e-child\" data-id=\"36c8be1\" data-element_type=\"container\" data-e-type=\"container\">\n\t\t\t\t<div class=\"elementor-element elementor-element-7cb4f74 elementor-widget elementor-widget-heading\" data-id=\"7cb4f74\" data-element_type=\"widget\" data-e-type=\"widget\" data-widget_type=\"heading.default\">\n\t\t\t\t<div class=\"elementor-widget-container\">\n\t\t\t\t\t<h4 class=\"elementor-heading-title elementor-size-default\">Conclusion <\/h4>\t\t\t\t<\/div>\n\t\t\t\t<\/div>\n\t\t\t\t<div class=\"elementor-element elementor-element-a46694a elementor-widget elementor-widget-text-editor\" data-id=\"a46694a\" data-element_type=\"widget\" data-e-type=\"widget\" data-widget_type=\"text-editor.default\">\n\t\t\t\t<div class=\"elementor-widget-container\">\n\t\t\t\t\t\t\t\t\t<p><span style=\"font-weight: 400;\">The <a href=\"https:\/\/unisource-future.com\/en\/beratung-zur-energiewende\/\" data-internallinksmanager029f6b8e52c=\"26\" title=\"https:\/\/unisource-future.com\/beratung-zur-energiewende\/\">Energy transition<\/a> bietet wirtschaftliche Chancen \u2013 f\u00fcr alle, die heute strategisch investieren. Mit unserer Fachkompetenz und Erfahrung bringen wir Ihr Kapital dorthin, wo es Wirkung entfaltet: in solide, nachhaltige Energieprojekte mit Perspektive. <\/span><\/p>\t\t\t\t\t\t\t\t<\/div>\n\t\t\t\t<\/div>\n\t\t\t\t<\/div>\n\t\t\t\t\t<\/div>\n\t\t\t\t<\/div>\n\t\t<div class=\"elementor-element elementor-element-c03cbcd e-flex e-con-boxed e-con e-parent\" data-id=\"c03cbcd\" data-element_type=\"container\" data-e-type=\"container\">\n\t\t\t\t\t<div class=\"e-con-inner\">\n\t\t\t\t<div class=\"elementor-element elementor-element-589faf0 elementor-widget elementor-widget-xpro-template\" data-id=\"589faf0\" data-element_type=\"widget\" data-e-type=\"widget\" data-widget_type=\"xpro-template.default\">\n\t\t\t\t<div class=\"elementor-widget-container\">\n\t\t\t\t\t<style>.elementor-3275 .elementor-element.elementor-element-22a7556 > .elementor-container{max-width:1170px;}.elementor-3275 .elementor-element.elementor-element-22a7556{transition:background 0.3s, border 0.3s, border-radius 0.3s, box-shadow 0.3s;padding:4rem 0.9375rem 4rem 0.9375rem;}.elementor-3275 .elementor-element.elementor-element-22a7556 > .elementor-background-overlay{transition:background 0.3s, border-radius 0.3s, opacity 0.3s;}.elementor-3275 .elementor-element.elementor-element-fc90c8e.elementor-column > .elementor-widget-wrap{justify-content:center;}.elementor-widget-heading .elementor-heading-title{font-family:var( --e-global-typography-primary-font-family ), Sans-serif;font-weight:var( --e-global-typography-primary-font-weight );color:var( --e-global-color-primary );}.elementor-3275 .elementor-element.elementor-element-65a0d57{text-align:center;}.elementor-3275 .elementor-element.elementor-element-65a0d57 .elementor-heading-title{color:var( --e-global-color-b046fbd );}.elementor-3275 .elementor-element.elementor-element-65a0d57.xpro-widget-bg-overlay:before{transition:background 0.3s;}.elementor-3275 .elementor-element.elementor-element-0b56467{--spacer-size:25px;}.elementor-3275 .elementor-element.elementor-element-0b56467.xpro-widget-bg-overlay:before{transition:background 0.3s;}.elementor-3275 .elementor-element.elementor-element-e49c06f{--e-image-carousel-slides-to-show:3;}.elementor-3275 .elementor-element.elementor-element-e49c06f .swiper-wrapper{display:flex;align-items:flex-end;}.elementor-3275 .elementor-element.elementor-element-e49c06f .elementor-image-carousel-wrapper .elementor-image-carousel .swiper-slide-image{border-radius:10px 10px 10px 10px;}.elementor-3275 .elementor-element.elementor-element-e49c06f .elementor-image-carousel-caption{text-align:center;color:var( --e-global-color-b046fbd );font-size:20px;font-weight:700;text-transform:uppercase;font-style:normal;}.elementor-3275 .elementor-element.elementor-element-e49c06f.xpro-widget-bg-overlay:before{transition:background 0.3s;}@media(max-width:767px){.elementor-3275 .elementor-element.elementor-element-65a0d57{text-align:center;}}<\/style>\t\t<div data-elementor-type=\"container\" data-elementor-id=\"3275\" class=\"elementor elementor-3275\" data-elementor-post-type=\"elementor_library\">\n\t\t\t\t\t\t<section class=\"elementor-section elementor-top-section elementor-element elementor-element-22a7556 elementor-section-boxed elementor-section-height-default elementor-section-height-default\" data-id=\"22a7556\" data-element_type=\"section\" data-e-type=\"section\" data-settings=\"{&quot;background_background&quot;:&quot;classic&quot;}\">\n\t\t\t\t\t\t<div class=\"elementor-container elementor-column-gap-default\">\n\t\t\t\t\t<div class=\"elementor-column elementor-col-100 elementor-top-column elementor-element elementor-element-fc90c8e\" data-id=\"fc90c8e\" data-element_type=\"column\" data-e-type=\"column\">\n\t\t\t<div class=\"elementor-widget-wrap elementor-element-populated\">\n\t\t\t\t\t\t<div class=\"elementor-element elementor-element-65a0d57 animated-slow elementor-invisible elementor-widget elementor-widget-heading\" data-id=\"65a0d57\" data-element_type=\"widget\" data-e-type=\"widget\" data-settings=\"{&quot;_animation&quot;:&quot;fadeInDown&quot;}\" data-widget_type=\"heading.default\">\n\t\t\t\t<div class=\"elementor-widget-container\">\n\t\t\t\t\t<h2 class=\"elementor-heading-title elementor-size-default\">Our projects<\/h2>\t\t\t\t<\/div>\n\t\t\t\t<\/div>\n\t\t\t\t<div class=\"elementor-element elementor-element-0b56467 elementor-widget elementor-widget-spacer\" data-id=\"0b56467\" data-element_type=\"widget\" data-e-type=\"widget\" data-widget_type=\"spacer.default\">\n\t\t\t\t<div class=\"elementor-widget-container\">\n\t\t\t\t\t\t\t<div class=\"elementor-spacer\">\n\t\t\t<div class=\"elementor-spacer-inner\"><\/div>\n\t\t<\/div>\n\t\t\t\t\t\t<\/div>\n\t\t\t\t<\/div>\n\t\t\t\t<div class=\"elementor-element elementor-element-e49c06f elementor-arrows-position-inside elementor-pagination-position-outside elementor-widget elementor-widget-image-carousel\" data-id=\"e49c06f\" data-element_type=\"widget\" data-e-type=\"widget\" data-settings=\"{&quot;slides_to_show&quot;:&quot;3&quot;,&quot;autoplay_speed&quot;:3000,&quot;navigation&quot;:&quot;both&quot;,&quot;autoplay&quot;:&quot;yes&quot;,&quot;pause_on_hover&quot;:&quot;yes&quot;,&quot;pause_on_interaction&quot;:&quot;yes&quot;,&quot;infinite&quot;:&quot;yes&quot;,&quot;speed&quot;:500,&quot;image_spacing_custom&quot;:{&quot;unit&quot;:&quot;px&quot;,&quot;size&quot;:20,&quot;sizes&quot;:[]},&quot;image_spacing_custom_tablet&quot;:{&quot;unit&quot;:&quot;px&quot;,&quot;size&quot;:&quot;&quot;,&quot;sizes&quot;:[]},&quot;image_spacing_custom_mobile&quot;:{&quot;unit&quot;:&quot;px&quot;,&quot;size&quot;:&quot;&quot;,&quot;sizes&quot;:[]}}\" data-widget_type=\"image-carousel.default\">\n\t\t\t\t<div class=\"elementor-widget-container\">\n\t\t\t\t\t\t\t<div class=\"elementor-image-carousel-wrapper swiper\" role=\"region\" aria-roledescription=\"carousel\" aria-label=\"Picture carousel\" dir=\"ltr\">\n\t\t\t<div class=\"elementor-image-carousel swiper-wrapper\" aria-live=\"off\">\n\t\t\t\t\t\t\t\t<div class=\"swiper-slide\" role=\"group\" aria-roledescription=\"slide\" aria-label=\"1 from 3\"><figure class=\"swiper-slide-inner\"><img decoding=\"async\" class=\"swiper-slide-image\" src=\"https:\/\/unisource-future.com\/wp-content\/uploads\/2025\/11\/SolarCompliance---PV-Anlage-nach-Solarpaket-Verordnung-umgesetzt.jpg\" alt=\"SolarCompliance - PV system implemented in accordance with the Solar Package Ordinance\" \/><figcaption class=\"elementor-image-carousel-caption\">SolarCompliance - PV system implemented in accordance with the Solar Package Ordinance<\/figcaption><\/figure><\/div><div class=\"swiper-slide\" role=\"group\" aria-roledescription=\"slide\" aria-label=\"2 from 3\"><figure class=\"swiper-slide-inner\"><img decoding=\"async\" class=\"swiper-slide-image\" src=\"https:\/\/unisource-future.com\/wp-content\/uploads\/2025\/11\/PV.Connect.HS---Aufdachanlage-mit-Hochspannungsintegration.jpg\" alt=\"PV.Connect.HS - Rooftop system with high-voltage integration\" \/><figcaption class=\"elementor-image-carousel-caption\">PV.Connect.HS - <a href=\"https:\/\/unisource-future.com\/en\/project-planning-photovoltaic-rooftop-systems\/\" data-internallinksmanager029f6b8e52c=\"12\" title=\"https:\/\/unisource-future.com\/projektierung-photovoltaik-aufdachanlagen\/\">Rooftop system<\/a> with high voltage integration<\/figcaption><\/figure><\/div><div class=\"swiper-slide\" role=\"group\" aria-roledescription=\"slide\" aria-label=\"3 from 3\"><figure class=\"swiper-slide-inner\"><img decoding=\"async\" class=\"swiper-slide-image\" src=\"https:\/\/unisource-future.com\/wp-content\/uploads\/2025\/11\/PV.Connect.MS---Aufdachanlage-mit-Mittelspannungsanbindung-fuer-Industrie.jpg\" alt=\"PV.Connect.MS - Rooftop system with medium-voltage connection for industry\" \/><figcaption class=\"elementor-image-carousel-caption\">PV.Connect.MS - Rooftop system with medium-voltage connection for <a href=\"https:\/\/unisource-future.com\/en\/beratung-fuer-gewerbe-und-industrie\/\" data-internallinksmanager029f6b8e52c=\"47\" title=\"https:\/\/unisource-future.com\/beratung-fuer-gewerbe-und-industrie\/\">Industry<\/a><\/figcaption><\/figure><\/div>\t\t\t<\/div>\n\t\t\t\t\t\t\t\t\t\t\t\t<div class=\"elementor-swiper-button elementor-swiper-button-prev\" role=\"button\" tabindex=\"0\">\n\t\t\t\t\t\t<svg aria-hidden=\"true\" class=\"e-font-icon-svg e-eicon-chevron-left\" viewbox=\"0 0 1000 1000\" xmlns=\"http:\/\/www.w3.org\/2000\/svg\"><path d=\"M646 125C629 125 613 133 604 142L308 442C296 454 292 471 292 487 292 504 296 521 308 533L604 854C617 867 629 875 646 875 663 875 679 871 692 858 704 846 713 829 713 812 713 796 708 779 692 767L438 487 692 225C700 217 708 204 708 187 708 171 704 154 692 142 675 129 663 125 646 125Z\"><\/path><\/svg>\t\t\t\t\t<\/div>\n\t\t\t\t\t<div class=\"elementor-swiper-button elementor-swiper-button-next\" role=\"button\" tabindex=\"0\">\n\t\t\t\t\t\t<svg aria-hidden=\"true\" class=\"e-font-icon-svg e-eicon-chevron-right\" viewbox=\"0 0 1000 1000\" xmlns=\"http:\/\/www.w3.org\/2000\/svg\"><path d=\"M696 533C708 521 713 504 713 487 713 471 708 454 696 446L400 146C388 133 375 125 354 125 338 125 325 129 313 142 300 154 292 171 292 187 292 204 296 221 308 233L563 492 304 771C292 783 288 800 288 817 288 833 296 850 308 863 321 871 338 875 354 875 371 875 388 867 400 854L696 533Z\"><\/path><\/svg>\t\t\t\t\t<\/div>\n\t\t\t\t\n\t\t\t\t\t\t\t\t\t<div class=\"swiper-pagination\"><\/div>\n\t\t\t\t\t\t\t\t\t<\/div>\n\t\t\t\t\t\t<\/div>\n\t\t\t\t<\/div>\n\t\t\t\t\t<\/div>\n\t\t<\/div>\n\t\t\t\t\t<\/div>\n\t\t<\/section>\n\t\t\t\t<\/div>\n\t\t\t\t\t\t<\/div>\n\t\t\t\t<\/div>\n\t\t\t\t\t<\/div>\n\t\t\t\t<\/div>\n\t\t\t\t<\/div>","protected":false},"excerpt":{"rendered":"<p>Investor Rela&shy;tions Erneuerbare Energien als stabile und zukunftssichere Kapitalanlage Erneuerbare Energien sind l\u00e4ngst zu einer tragenden S\u00e4ule nachhaltiger Investitionsstrategien geworden. Als unabh\u00e4ngiger Experte in der Planung, Entwicklung und Umsetzung von Energieprojekten bieten wir Investoren direkten Zugang zu gepr\u00fcften, wirtschaftlich tragf\u00e4higen und zukunftsorientierten Projekten in den Bereichen Photovoltaik, Windkraft, Speichertechnologien wie Elektrolyse und elektrische Batteriespeicher, und [&hellip;]<\/p>\n","protected":false},"author":1,"featured_media":2797,"parent":0,"menu_order":0,"comment_status":"closed","ping_status":"closed","template":"elementor_header_footer","meta":{"footnotes":""},"class_list":["post-2785","page","type-page","status-publish","has-post-thumbnail","hentry"],"_links":{"self":[{"href":"https:\/\/unisource-future.com\/en\/wp-json\/wp\/v2\/pages\/2785","targetHints":{"allow":["GET"]}}],"collection":[{"href":"https:\/\/unisource-future.com\/en\/wp-json\/wp\/v2\/pages"}],"about":[{"href":"https:\/\/unisource-future.com\/en\/wp-json\/wp\/v2\/types\/page"}],"author":[{"embeddable":true,"href":"https:\/\/unisource-future.com\/en\/wp-json\/wp\/v2\/users\/1"}],"replies":[{"embeddable":true,"href":"https:\/\/unisource-future.com\/en\/wp-json\/wp\/v2\/comments?post=2785"}],"version-history":[{"count":10,"href":"https:\/\/unisource-future.com\/en\/wp-json\/wp\/v2\/pages\/2785\/revisions"}],"predecessor-version":[{"id":3727,"href":"https:\/\/unisource-future.com\/en\/wp-json\/wp\/v2\/pages\/2785\/revisions\/3727"}],"wp:featuredmedia":[{"embeddable":true,"href":"https:\/\/unisource-future.com\/en\/wp-json\/wp\/v2\/media\/2797"}],"wp:attachment":[{"href":"https:\/\/unisource-future.com\/en\/wp-json\/wp\/v2\/media?parent=2785"}],"curies":[{"name":"wp","href":"https:\/\/api.w.org\/{rel}","templated":true}]}}