{"id":2801,"date":"2025-10-19T17:22:26","date_gmt":"2025-10-19T15:22:26","guid":{"rendered":"https:\/\/unisource-future.com\/?page_id=2801"},"modified":"2025-11-19T15:46:28","modified_gmt":"2025-11-19T14:46:28","slug":"information-for-investors","status":"publish","type":"page","link":"https:\/\/unisource-future.com\/en\/information-for-investors\/","title":{"rendered":"Information for investors"},"content":{"rendered":"<div data-elementor-type=\"wp-page\" data-elementor-id=\"2801\" class=\"elementor elementor-2801\" data-elementor-post-type=\"page\">\n\t\t\t\t<div class=\"elementor-element elementor-element-67054ae e-flex e-con-boxed e-con e-parent\" data-id=\"67054ae\" data-element_type=\"container\" data-e-type=\"container\" data-settings=\"{&quot;background_background&quot;:&quot;classic&quot;}\">\n\t\t\t\t\t<div class=\"e-con-inner\">\n\t\t<div class=\"elementor-element elementor-element-12966b3 e-con-full e-flex e-con e-child\" data-id=\"12966b3\" data-element_type=\"container\" data-e-type=\"container\">\n\t\t\t\t<div class=\"elementor-element elementor-element-68b0d43 animated-slow elementor-invisible elementor-widget elementor-widget-heading\" data-id=\"68b0d43\" data-element_type=\"widget\" data-e-type=\"widget\" data-settings=\"{&quot;_animation&quot;:&quot;fadeInDown&quot;}\" data-widget_type=\"heading.default\">\n\t\t\t\t<div class=\"elementor-widget-container\">\n\t\t\t\t\t<h1 class=\"elementor-heading-title elementor-size-default\">Information for investors<\/h1>\t\t\t\t<\/div>\n\t\t\t\t<\/div>\n\t\t\t\t<div class=\"elementor-element elementor-element-8cba92b elementor-widget elementor-widget-heading\" data-id=\"8cba92b\" data-element_type=\"widget\" data-e-type=\"widget\" data-widget_type=\"heading.default\">\n\t\t\t\t<div class=\"elementor-widget-container\">\n\t\t\t\t\t<h4 class=\"elementor-heading-title elementor-size-default\">Investing together in a sustainable energy future<\/h4>\t\t\t\t<\/div>\n\t\t\t\t<\/div>\n\t\t\t\t<div class=\"elementor-element elementor-element-113e7a0 animated-slow elementor-invisible elementor-widget elementor-widget-text-editor\" data-id=\"113e7a0\" data-element_type=\"widget\" data-e-type=\"widget\" data-settings=\"{&quot;_animation&quot;:&quot;fadeIn&quot;}\" data-widget_type=\"text-editor.default\">\n\t\t\t\t<div class=\"elementor-widget-container\">\n\t\t\t\t\t\t\t\t\t<p><span style=\"font-weight: 400;\">As experts for <a href=\"https:\/\/unisource-future.com\/en\/themen-bereich-erneuerbare-energien\/\" data-internallinksmanager029f6b8e52c=\"30\" title=\"https:\/\/unisource-future.com\/themen-bereich-erneuerbare-energien\/\">Renewable energies<\/a> we stand for sustainable, economically viable and future-orientated energy projects. Our focus is on the development, planning and <a href=\"https:\/\/unisource-future.com\/en\/processing-and-realisation\/\" data-internallinksmanager029f6b8e52c=\"11\" title=\"https:\/\/unisource-future.com\/abwicklung-und-umsetzung\/\">Realisation<\/a> high-quality projects in the areas of photovoltaics, <a href=\"https:\/\/unisource-future.com\/en\/projektierung-projektmanagement-fuer-windenergie\/\" data-internallinksmanager029f6b8e52c=\"14\" title=\"https:\/\/unisource-future.com\/projektierung-projektmanagement-fuer-windenergie\/\">Wind energy<\/a>, storage technologies with electrolysis or electric battery storage, and green energy storage. <a href=\"https:\/\/unisource-future.com\/en\/project-development-in-the-field-of-hydrogen\/\" data-internallinksmanager029f6b8e52c=\"7\" title=\"https:\/\/unisource-future.com\/projektentwicklung-bereich-wasserstoff\/\">Hydrogen<\/a>. For <a href=\"https:\/\/unisource-future.com\/en\/beratung-fuer-investoren\/\" data-internallinksmanager029f6b8e52c=\"50\" title=\"https:\/\/unisource-future.com\/beratung-fuer-investoren\/\">Investors<\/a> we offer the opportunity to actively participate in the <a href=\"https:\/\/unisource-future.com\/en\/beratung-zur-energiewende\/\" data-internallinksmanager029f6b8e52c=\"26\" title=\"https:\/\/unisource-future.com\/beratung-zur-energiewende\/\">Energy transition<\/a> with attractive potential returns, transparent communication and professional project management.<\/span><\/p>\t\t\t\t\t\t\t\t<\/div>\n\t\t\t\t<\/div>\n\t\t\t\t<div class=\"elementor-element elementor-element-a4e3bae elementor-widget elementor-widget-xpro-button\" data-id=\"a4e3bae\" data-element_type=\"widget\" data-e-type=\"widget\" data-widget_type=\"xpro-button.default\">\n\t\t\t\t<div class=\"elementor-widget-container\">\n\t\t\t\t\t\n<a  href=\"#kontakt\" class=\"xpro-elementor-button xpro-elementor-button-animation-none xpro-align-icon-right\">\n<span class=\"xpro-elementor-button-inner\">\n<span class=\"xpro-button-text\">Contact us<\/span>\n<\/span>\n<\/a>\n\t\t\t\t<\/div>\n\t\t\t\t<\/div>\n\t\t\t\t<\/div>\n\t\t<div class=\"elementor-element elementor-element-4f4f7e7 e-con-full e-flex e-con e-child\" data-id=\"4f4f7e7\" data-element_type=\"container\" data-e-type=\"container\" data-settings=\"{&quot;background_background&quot;:&quot;classic&quot;}\">\n\t\t\t\t<\/div>\n\t\t\t\t\t<\/div>\n\t\t\t\t<\/div>\n\t\t<div class=\"elementor-element elementor-element-8c8b0d7 e-flex e-con-boxed e-con e-parent\" data-id=\"8c8b0d7\" data-element_type=\"container\" data-e-type=\"container\" data-settings=\"{&quot;background_background&quot;:&quot;classic&quot;}\">\n\t\t\t\t\t<div class=\"e-con-inner\">\n\t\t\t\t<div class=\"elementor-element elementor-element-728c0d9 animated-slow elementor-invisible elementor-widget elementor-widget-heading\" data-id=\"728c0d9\" data-element_type=\"widget\" data-e-type=\"widget\" data-settings=\"{&quot;_animation&quot;:&quot;fadeInDown&quot;}\" data-widget_type=\"heading.default\">\n\t\t\t\t<div class=\"elementor-widget-container\">\n\t\t\t\t\t<h2 class=\"elementor-heading-title elementor-size-default\">Why invest with us?<\/h2>\t\t\t\t<\/div>\n\t\t\t\t<\/div>\n\t\t\t\t<div class=\"elementor-element elementor-element-bec4928 elementor-widget elementor-widget-text-editor\" data-id=\"bec4928\" data-element_type=\"widget\" data-e-type=\"widget\" data-widget_type=\"text-editor.default\">\n\t\t\t\t<div class=\"elementor-widget-container\">\n\t\t\t\t\t\t\t\t\t<p><span style=\"font-weight: 400;\">As an experienced partner in the energy transition, we combine technical expertise with entrepreneurial foresight. We know the markets, understand the regulatory framework and bring projects safely to realisation. Together with you, we don't just want to generate energy - we want to create value.<\/span><\/p><p><b>Get in touch with us<\/b><span style=\"font-weight: 400;\"> - for further information, current project offers or a personal discussion on investment strategy.<\/span><\/p>\t\t\t\t\t\t\t\t<\/div>\n\t\t\t\t<\/div>\n\t\t\t\t\t<\/div>\n\t\t\t\t<\/div>\n\t\t<div class=\"elementor-element elementor-element-2ba7083 e-flex e-con-boxed e-con e-parent\" data-id=\"2ba7083\" data-element_type=\"container\" data-e-type=\"container\" data-settings=\"{&quot;background_background&quot;:&quot;classic&quot;}\">\n\t\t\t\t\t<div class=\"e-con-inner\">\n\t\t<div class=\"elementor-element elementor-element-3d55981 e-con-full elementor-hidden-tablet elementor-hidden-mobile e-flex e-con e-child\" data-id=\"3d55981\" data-element_type=\"container\" data-e-type=\"container\" data-settings=\"{&quot;background_background&quot;:&quot;classic&quot;}\">\n\t\t\t\t<\/div>\n\t\t<div class=\"elementor-element elementor-element-100a8e0 e-con-full e-flex e-con e-child\" data-id=\"100a8e0\" data-element_type=\"container\" data-e-type=\"container\">\n\t\t\t\t<div class=\"elementor-element elementor-element-91e9b77 elementor-widget elementor-widget-heading\" data-id=\"91e9b77\" data-element_type=\"widget\" data-e-type=\"widget\" data-widget_type=\"heading.default\">\n\t\t\t\t<div class=\"elementor-widget-container\">\n\t\t\t\t\t<h2 class=\"elementor-heading-title elementor-size-default\">What we offer investors: <\/h2>\t\t\t\t<\/div>\n\t\t\t\t<\/div>\n\t\t\t\t<div class=\"elementor-element elementor-element-420a458 elementor-align-left elementor-widget elementor-widget-xpro-infolist\" data-id=\"420a458\" data-element_type=\"widget\" data-e-type=\"widget\" data-widget_type=\"xpro-infolist.default\">\n\t\t\t\t<div class=\"elementor-widget-container\">\n\t\t\t\t\t<ul class=\"xpro-infolist-wrapper xpro-infolist-layout-vertical\">\n\t\t\t<li class=\"xpro-infolist-item elementor-repeater-item-96c929f\">\n\t\t\t\t\t\t\t\t\t\t<div class=\"xpro-infolist-media xpro-infolist-media-type-icon\">\n\t\t\t\t\t<svg aria-hidden=\"true\" class=\"e-font-icon-svg e-fas-check\" viewbox=\"0 0 512 512\" xmlns=\"http:\/\/www.w3.org\/2000\/svg\"><path d=\"M173.898 439.404l-166.4-166.4c-9.997-9.997-9.997-26.206 0-36.204l36.203-36.204c9.997-9.998 26.207-9.998 36.204 0L192 312.69 432.095 72.596c9.997-9.997 26.207-9.997 36.204 0l36.203 36.204c9.997 9.997 9.997 26.206 0 36.204l-294.4 294.401c-9.998 9.997-26.207 9.997-36.204-.001z\"><\/path><\/svg>\t\t\t\t<\/div>\n\t\t\t\n\t\t\t<div class=\"xpro-infolist-content\">\n\t\t\t\t                <h5 class=\"xpro-infolist-title\"> Access to tested, development-ready projects <\/h5>\n                \t\t\t\t\t\t\t\t\t<p class=\"xpro-infolist-desc\">Our projects are characterised by careful site selection, reliable profitability calculations and approvable planning. We offer you opportunities to participate in specific projects at various stages of development.<\/p>\n\t\t\t\t\t\t\t<\/div>\n\t\t\t\t\t<\/li>\n\t\t\t<li class=\"xpro-infolist-item elementor-repeater-item-5b89971\">\n\t\t\t\t\t\t\t\t\t\t<div class=\"xpro-infolist-media xpro-infolist-media-type-icon\">\n\t\t\t\t\t<svg aria-hidden=\"true\" class=\"e-font-icon-svg e-fas-check\" viewbox=\"0 0 512 512\" xmlns=\"http:\/\/www.w3.org\/2000\/svg\"><path d=\"M173.898 439.404l-166.4-166.4c-9.997-9.997-9.997-26.206 0-36.204l36.203-36.204c9.997-9.998 26.207-9.998 36.204 0L192 312.69 432.095 72.596c9.997-9.997 26.207-9.997 36.204 0l36.203 36.204c9.997 9.997 9.997 26.206 0 36.204l-294.4 294.401c-9.998 9.997-26.207 9.997-36.204-.001z\"><\/path><\/svg>\t\t\t\t<\/div>\n\t\t\t\n\t\t\t<div class=\"xpro-infolist-content\">\n\t\t\t\t                <h5 class=\"xpro-infolist-title\"> Attractive and predictable investment models <\/h5>\n                \t\t\t\t\t\t\t\t\t<p class=\"xpro-infolist-desc\">Whether direct investment, joint venture or long-term <a href=\"https:\/\/unisource-future.com\/en\/partnerschaft-in-consulting-projektentwicklung\/\" data-internallinksmanager029f6b8e52c=\"43\" title=\"https:\/\/unisource-future.com\/partnerschaft-in-consulting-projektentwicklung\/\">Partnership<\/a> - We design investment models that are customised and transparent. We attach particular importance to stable returns, legal security and technological quality.<\/p>\n\t\t\t\t\t\t\t<\/div>\n\t\t\t\t\t<\/li>\n\t\t\t<li class=\"xpro-infolist-item elementor-repeater-item-cf4e9bd\">\n\t\t\t\t\t\t\t\t\t\t<div class=\"xpro-infolist-media xpro-infolist-media-type-icon\">\n\t\t\t\t\t<svg aria-hidden=\"true\" class=\"e-font-icon-svg e-fas-check\" viewbox=\"0 0 512 512\" xmlns=\"http:\/\/www.w3.org\/2000\/svg\"><path d=\"M173.898 439.404l-166.4-166.4c-9.997-9.997-9.997-26.206 0-36.204l36.203-36.204c9.997-9.998 26.207-9.998 36.204 0L192 312.69 432.095 72.596c9.997-9.997 26.207-9.997 36.204 0l36.203 36.204c9.997 9.997 9.997 26.206 0 36.204l-294.4 294.401c-9.998 9.997-26.207 9.997-36.204-.001z\"><\/path><\/svg>\t\t\t\t<\/div>\n\t\t\t\n\t\t\t<div class=\"xpro-infolist-content\">\n\t\t\t\t                <h5 class=\"xpro-infolist-title\">  Risk management &amp; due diligence <\/h5>\n                \t\t\t\t\t\t\t\t\t<p class=\"xpro-infolist-desc\">Our projects undergo structured review processes - from technical analyses and legal assessments to comprehensive ESG criteria. This is how we create trust and minimise investment risks.<\/p>\n\t\t\t\t\t\t\t<\/div>\n\t\t\t\t\t<\/li>\n\t\t\t<li class=\"xpro-infolist-item elementor-repeater-item-2823597\">\n\t\t\t\t\t\t\t\t\t\t<div class=\"xpro-infolist-media xpro-infolist-media-type-icon\">\n\t\t\t\t\t<svg aria-hidden=\"true\" class=\"e-font-icon-svg e-fas-check\" viewbox=\"0 0 512 512\" xmlns=\"http:\/\/www.w3.org\/2000\/svg\"><path d=\"M173.898 439.404l-166.4-166.4c-9.997-9.997-9.997-26.206 0-36.204l36.203-36.204c9.997-9.998 26.207-9.998 36.204 0L192 312.69 432.095 72.596c9.997-9.997 26.207-9.997 36.204 0l36.203 36.204c9.997 9.997 9.997 26.206 0 36.204l-294.4 294.401c-9.998 9.997-26.207 9.997-36.204-.001z\"><\/path><\/svg>\t\t\t\t<\/div>\n\t\t\t\n\t\t\t<div class=\"xpro-infolist-content\">\n\t\t\t\t                <h5 class=\"xpro-infolist-title\"> Transparent communication &amp; regular reporting  <\/h5>\n                \t\t\t\t\t\t\t\t\t<p class=\"xpro-infolist-desc\">We keep our investors continuously informed - with clear reports on project progress, key financial figures and regulatory developments. Trust is based on reliability. <\/p>\n\t\t\t\t\t\t\t<\/div>\n\t\t\t\t\t<\/li>\n\t\t\t<li class=\"xpro-infolist-item elementor-repeater-item-f8205a9\">\n\t\t\t\t\t\t\t\t\t\t<div class=\"xpro-infolist-media xpro-infolist-media-type-icon\">\n\t\t\t\t\t<svg aria-hidden=\"true\" class=\"e-font-icon-svg e-fas-check\" viewbox=\"0 0 512 512\" xmlns=\"http:\/\/www.w3.org\/2000\/svg\"><path d=\"M173.898 439.404l-166.4-166.4c-9.997-9.997-9.997-26.206 0-36.204l36.203-36.204c9.997-9.998 26.207-9.998 36.204 0L192 312.69 432.095 72.596c9.997-9.997 26.207-9.997 36.204 0l36.203 36.204c9.997 9.997 9.997 26.206 0 36.204l-294.4 294.401c-9.998 9.997-26.207 9.997-36.204-.001z\"><\/path><\/svg>\t\t\t\t<\/div>\n\t\t\t\n\t\t\t<div class=\"xpro-infolist-content\">\n\t\t\t\t                <h5 class=\"xpro-infolist-title\"> Sustainable impact &amp; regulatory compliance <\/h5>\n                \t\t\t\t\t\t\t\t\t<p class=\"xpro-infolist-desc\">Our projects make a measurable contribution to decarbonisation and comply with the applicable guidelines for sustainable investments (e.g. EU taxonomy, SFDR). They are therefore also suitable for ESG-orientated portfolios.<\/p>\n\t\t\t\t\t\t\t<\/div>\n\t\t\t\t\t<\/li>\n\t<\/ul>\n\t\t\t\t<\/div>\n\t\t\t\t<\/div>\n\t\t\t\t<div class=\"elementor-element elementor-element-0e295fb elementor-widget elementor-widget-xpro-button\" data-id=\"0e295fb\" data-element_type=\"widget\" data-e-type=\"widget\" data-widget_type=\"xpro-button.default\">\n\t\t\t\t<div class=\"elementor-widget-container\">\n\t\t\t\t\t\n<a  href=\"#kontakt\" class=\"xpro-elementor-button xpro-elementor-button-animation-none xpro-align-icon-right\">\n<span class=\"xpro-elementor-button-inner\">\n<span class=\"xpro-button-text\">Contact us<\/span>\n<\/span>\n<\/a>\n\t\t\t\t<\/div>\n\t\t\t\t<\/div>\n\t\t\t\t<\/div>\n\t\t\t\t\t<\/div>\n\t\t\t\t<\/div>\n\t\t<div class=\"elementor-element elementor-element-eeb91d5 e-flex e-con-boxed e-con e-parent\" data-id=\"eeb91d5\" data-element_type=\"container\" data-e-type=\"container\">\n\t\t\t\t\t<div class=\"e-con-inner\">\n\t\t\t\t<div class=\"elementor-element elementor-element-645e4c4 elementor-widget elementor-widget-xpro-template\" data-id=\"645e4c4\" data-element_type=\"widget\" data-e-type=\"widget\" data-widget_type=\"xpro-template.default\">\n\t\t\t\t<div class=\"elementor-widget-container\">\n\t\t\t\t\t<style>.elementor-3275 .elementor-element.elementor-element-22a7556 > .elementor-container{max-width:1170px;}.elementor-3275 .elementor-element.elementor-element-22a7556{transition:background 0.3s, border 0.3s, border-radius 0.3s, box-shadow 0.3s;padding:4rem 0.9375rem 4rem 0.9375rem;}.elementor-3275 .elementor-element.elementor-element-22a7556 > .elementor-background-overlay{transition:background 0.3s, border-radius 0.3s, opacity 0.3s;}.elementor-3275 .elementor-element.elementor-element-fc90c8e.elementor-column > .elementor-widget-wrap{justify-content:center;}.elementor-widget-heading .elementor-heading-title{font-family:var( --e-global-typography-primary-font-family ), Sans-serif;font-weight:var( --e-global-typography-primary-font-weight );color:var( --e-global-color-primary );}.elementor-3275 .elementor-element.elementor-element-65a0d57{text-align:center;}.elementor-3275 .elementor-element.elementor-element-65a0d57 .elementor-heading-title{color:var( --e-global-color-b046fbd );}.elementor-3275 .elementor-element.elementor-element-65a0d57.xpro-widget-bg-overlay:before{transition:background 0.3s;}.elementor-3275 .elementor-element.elementor-element-0b56467{--spacer-size:25px;}.elementor-3275 .elementor-element.elementor-element-0b56467.xpro-widget-bg-overlay:before{transition:background 0.3s;}.elementor-3275 .elementor-element.elementor-element-e49c06f{--e-image-carousel-slides-to-show:3;}.elementor-3275 .elementor-element.elementor-element-e49c06f .swiper-wrapper{display:flex;align-items:flex-end;}.elementor-3275 .elementor-element.elementor-element-e49c06f .elementor-image-carousel-wrapper .elementor-image-carousel .swiper-slide-image{border-radius:10px 10px 10px 10px;}.elementor-3275 .elementor-element.elementor-element-e49c06f .elementor-image-carousel-caption{text-align:center;color:var( --e-global-color-b046fbd );font-size:20px;font-weight:700;text-transform:uppercase;font-style:normal;}.elementor-3275 .elementor-element.elementor-element-e49c06f.xpro-widget-bg-overlay:before{transition:background 0.3s;}@media(max-width:767px){.elementor-3275 .elementor-element.elementor-element-65a0d57{text-align:center;}}<\/style>\t\t<div data-elementor-type=\"container\" data-elementor-id=\"3275\" class=\"elementor elementor-3275\" data-elementor-post-type=\"elementor_library\">\n\t\t\t\t\t\t<section class=\"elementor-section elementor-top-section elementor-element elementor-element-22a7556 elementor-section-boxed elementor-section-height-default elementor-section-height-default\" data-id=\"22a7556\" data-element_type=\"section\" data-e-type=\"section\" data-settings=\"{&quot;background_background&quot;:&quot;classic&quot;}\">\n\t\t\t\t\t\t<div class=\"elementor-container elementor-column-gap-default\">\n\t\t\t\t\t<div class=\"elementor-column elementor-col-100 elementor-top-column elementor-element elementor-element-fc90c8e\" data-id=\"fc90c8e\" data-element_type=\"column\" data-e-type=\"column\">\n\t\t\t<div class=\"elementor-widget-wrap elementor-element-populated\">\n\t\t\t\t\t\t<div class=\"elementor-element elementor-element-65a0d57 animated-slow elementor-invisible elementor-widget elementor-widget-heading\" data-id=\"65a0d57\" data-element_type=\"widget\" data-e-type=\"widget\" data-settings=\"{&quot;_animation&quot;:&quot;fadeInDown&quot;}\" data-widget_type=\"heading.default\">\n\t\t\t\t<div class=\"elementor-widget-container\">\n\t\t\t\t\t<h2 class=\"elementor-heading-title elementor-size-default\">Our projects<\/h2>\t\t\t\t<\/div>\n\t\t\t\t<\/div>\n\t\t\t\t<div class=\"elementor-element elementor-element-0b56467 elementor-widget elementor-widget-spacer\" data-id=\"0b56467\" data-element_type=\"widget\" data-e-type=\"widget\" data-widget_type=\"spacer.default\">\n\t\t\t\t<div class=\"elementor-widget-container\">\n\t\t\t\t\t\t\t<div class=\"elementor-spacer\">\n\t\t\t<div class=\"elementor-spacer-inner\"><\/div>\n\t\t<\/div>\n\t\t\t\t\t\t<\/div>\n\t\t\t\t<\/div>\n\t\t\t\t<div class=\"elementor-element elementor-element-e49c06f elementor-arrows-position-inside elementor-pagination-position-outside elementor-widget elementor-widget-image-carousel\" data-id=\"e49c06f\" data-element_type=\"widget\" data-e-type=\"widget\" data-settings=\"{&quot;slides_to_show&quot;:&quot;3&quot;,&quot;autoplay_speed&quot;:3000,&quot;navigation&quot;:&quot;both&quot;,&quot;autoplay&quot;:&quot;yes&quot;,&quot;pause_on_hover&quot;:&quot;yes&quot;,&quot;pause_on_interaction&quot;:&quot;yes&quot;,&quot;infinite&quot;:&quot;yes&quot;,&quot;speed&quot;:500,&quot;image_spacing_custom&quot;:{&quot;unit&quot;:&quot;px&quot;,&quot;size&quot;:20,&quot;sizes&quot;:[]},&quot;image_spacing_custom_tablet&quot;:{&quot;unit&quot;:&quot;px&quot;,&quot;size&quot;:&quot;&quot;,&quot;sizes&quot;:[]},&quot;image_spacing_custom_mobile&quot;:{&quot;unit&quot;:&quot;px&quot;,&quot;size&quot;:&quot;&quot;,&quot;sizes&quot;:[]}}\" data-widget_type=\"image-carousel.default\">\n\t\t\t\t<div class=\"elementor-widget-container\">\n\t\t\t\t\t\t\t<div class=\"elementor-image-carousel-wrapper swiper\" role=\"region\" aria-roledescription=\"carousel\" aria-label=\"Picture carousel\" dir=\"ltr\">\n\t\t\t<div class=\"elementor-image-carousel swiper-wrapper\" aria-live=\"off\">\n\t\t\t\t\t\t\t\t<div class=\"swiper-slide\" role=\"group\" aria-roledescription=\"slide\" aria-label=\"1 of 3\" data-no-translation-aria-label=\"\"><figure class=\"swiper-slide-inner\"><img decoding=\"async\" class=\"swiper-slide-image\" src=\"https:\/\/unisource-future.com\/wp-content\/uploads\/2025\/11\/SolarCompliance---PV-Anlage-nach-Solarpaket-Verordnung-umgesetzt.jpg\" alt=\"SolarCompliance - PV system implemented in accordance with the Solar Package Ordinance\" \/><figcaption class=\"elementor-image-carousel-caption\">SolarCompliance - PV system implemented in accordance with the Solar Package Ordinance<\/figcaption><\/figure><\/div><div class=\"swiper-slide\" role=\"group\" aria-roledescription=\"slide\" aria-label=\"2 of 3\" data-no-translation-aria-label=\"\"><figure class=\"swiper-slide-inner\"><img decoding=\"async\" class=\"swiper-slide-image\" src=\"https:\/\/unisource-future.com\/wp-content\/uploads\/2025\/11\/PV.Connect.HS---Aufdachanlage-mit-Hochspannungsintegration.jpg\" alt=\"PV.Connect.HS - Rooftop system with high-voltage integration\" \/><figcaption class=\"elementor-image-carousel-caption\">PV.Connect.HS - <a href=\"https:\/\/unisource-future.com\/en\/project-planning-photovoltaic-rooftop-systems\/\" data-internallinksmanager029f6b8e52c=\"12\" title=\"https:\/\/unisource-future.com\/projektierung-photovoltaik-aufdachanlagen\/\">Rooftop system<\/a> with high voltage integration<\/figcaption><\/figure><\/div><div class=\"swiper-slide\" role=\"group\" aria-roledescription=\"slide\" aria-label=\"3 of 3\" data-no-translation-aria-label=\"\"><figure class=\"swiper-slide-inner\"><img decoding=\"async\" class=\"swiper-slide-image\" src=\"https:\/\/unisource-future.com\/wp-content\/uploads\/2025\/11\/PV.Connect.MS---Aufdachanlage-mit-Mittelspannungsanbindung-fuer-Industrie.jpg\" alt=\"PV.Connect.MS - Rooftop system with medium-voltage connection for industry\" \/><figcaption class=\"elementor-image-carousel-caption\">PV.Connect.MS - Rooftop system with medium-voltage connection for <a href=\"https:\/\/unisource-future.com\/en\/beratung-fuer-gewerbe-und-industrie\/\" data-internallinksmanager029f6b8e52c=\"47\" title=\"https:\/\/unisource-future.com\/beratung-fuer-gewerbe-und-industrie\/\">Industry<\/a><\/figcaption><\/figure><\/div>\t\t\t<\/div>\n\t\t\t\t\t\t\t\t\t\t\t\t<div class=\"elementor-swiper-button elementor-swiper-button-prev\" role=\"button\" tabindex=\"0\">\n\t\t\t\t\t\t<svg aria-hidden=\"true\" class=\"e-font-icon-svg e-eicon-chevron-left\" viewbox=\"0 0 1000 1000\" xmlns=\"http:\/\/www.w3.org\/2000\/svg\"><path d=\"M646 125C629 125 613 133 604 142L308 442C296 454 292 471 292 487 292 504 296 521 308 533L604 854C617 867 629 875 646 875 663 875 679 871 692 858 704 846 713 829 713 812 713 796 708 779 692 767L438 487 692 225C700 217 708 204 708 187 708 171 704 154 692 142 675 129 663 125 646 125Z\"><\/path><\/svg>\t\t\t\t\t<\/div>\n\t\t\t\t\t<div class=\"elementor-swiper-button elementor-swiper-button-next\" role=\"button\" tabindex=\"0\">\n\t\t\t\t\t\t<svg aria-hidden=\"true\" class=\"e-font-icon-svg e-eicon-chevron-right\" viewbox=\"0 0 1000 1000\" xmlns=\"http:\/\/www.w3.org\/2000\/svg\"><path d=\"M696 533C708 521 713 504 713 487 713 471 708 454 696 446L400 146C388 133 375 125 354 125 338 125 325 129 313 142 300 154 292 171 292 187 292 204 296 221 308 233L563 492 304 771C292 783 288 800 288 817 288 833 296 850 308 863 321 871 338 875 354 875 371 875 388 867 400 854L696 533Z\"><\/path><\/svg>\t\t\t\t\t<\/div>\n\t\t\t\t\n\t\t\t\t\t\t\t\t\t<div class=\"swiper-pagination\"><\/div>\n\t\t\t\t\t\t\t\t\t<\/div>\n\t\t\t\t\t\t<\/div>\n\t\t\t\t<\/div>\n\t\t\t\t\t<\/div>\n\t\t<\/div>\n\t\t\t\t\t<\/div>\n\t\t<\/section>\n\t\t\t\t<\/div>\n\t\t\t\t\t\t<\/div>\n\t\t\t\t<\/div>\n\t\t\t\t\t<\/div>\n\t\t\t\t<\/div>\n\t\t\t\t<\/div>","protected":false},"excerpt":{"rendered":"<p>Informa&shy;tionen f\u00fcr Investor Gemeinsam in eine nachhaltige Energiezukunft investieren Als Experten f\u00fcr erneuerbare Energien stehen wir f\u00fcr nachhaltige, wirtschaftlich tragf\u00e4hige und zukunftsorientierte Energieprojekte. Unser Fokus liegt auf der Entwicklung, Planung und Umsetzung hochwertiger Projekte in den Bereichen Photovoltaik, Windenergie, Speichertechnologien mit Elektrolyse oder elektrischen Batteriespeichern, und gr\u00fcner Wasserstoff. F\u00fcr Investoren bieten wir die M\u00f6glichkeit, aktiv [&hellip;]<\/p>\n","protected":false},"author":1,"featured_media":2806,"parent":0,"menu_order":0,"comment_status":"closed","ping_status":"closed","template":"elementor_header_footer","meta":{"footnotes":""},"class_list":["post-2801","page","type-page","status-publish","has-post-thumbnail","hentry"],"_links":{"self":[{"href":"https:\/\/unisource-future.com\/en\/wp-json\/wp\/v2\/pages\/2801","targetHints":{"allow":["GET"]}}],"collection":[{"href":"https:\/\/unisource-future.com\/en\/wp-json\/wp\/v2\/pages"}],"about":[{"href":"https:\/\/unisource-future.com\/en\/wp-json\/wp\/v2\/types\/page"}],"author":[{"embeddable":true,"href":"https:\/\/unisource-future.com\/en\/wp-json\/wp\/v2\/users\/1"}],"replies":[{"embeddable":true,"href":"https:\/\/unisource-future.com\/en\/wp-json\/wp\/v2\/comments?post=2801"}],"version-history":[{"count":10,"href":"https:\/\/unisource-future.com\/en\/wp-json\/wp\/v2\/pages\/2801\/revisions"}],"predecessor-version":[{"id":3724,"href":"https:\/\/unisource-future.com\/en\/wp-json\/wp\/v2\/pages\/2801\/revisions\/3724"}],"wp:featuredmedia":[{"embeddable":true,"href":"https:\/\/unisource-future.com\/en\/wp-json\/wp\/v2\/media\/2806"}],"wp:attachment":[{"href":"https:\/\/unisource-future.com\/en\/wp-json\/wp\/v2\/media?parent=2801"}],"curies":[{"name":"wp","href":"https:\/\/api.w.org\/{rel}","templated":true}]}}