{"id":3165,"date":"2025-11-10T14:49:48","date_gmt":"2025-11-10T13:49:48","guid":{"rendered":"https:\/\/unisource-future.com\/?page_id=3165"},"modified":"2025-11-19T16:28:31","modified_gmt":"2025-11-19T15:28:31","slug":"company-history","status":"publish","type":"page","link":"https:\/\/unisource-future.com\/en\/company-history\/","title":{"rendered":"Company history"},"content":{"rendered":"<div data-elementor-type=\"wp-page\" data-elementor-id=\"3165\" class=\"elementor elementor-3165\" data-elementor-post-type=\"page\">\n\t\t\t\t<div class=\"elementor-element elementor-element-61948e5 e-flex e-con-boxed e-con e-parent\" data-id=\"61948e5\" data-element_type=\"container\" data-e-type=\"container\" data-settings=\"{&quot;background_background&quot;:&quot;classic&quot;}\">\n\t\t\t\t\t<div class=\"e-con-inner\">\n\t\t\t\t<div class=\"elementor-element elementor-element-786c624 animated-slow elementor-widget__width-initial elementor-invisible elementor-widget elementor-widget-heading\" data-id=\"786c624\" data-element_type=\"widget\" data-e-type=\"widget\" data-settings=\"{&quot;_animation&quot;:&quot;fadeInDown&quot;}\" data-widget_type=\"heading.default\">\n\t\t\t\t<div class=\"elementor-widget-container\">\n\t\t\t\t\t<h1 class=\"elementor-heading-title elementor-size-default\">Company history<\/h1>\t\t\t\t<\/div>\n\t\t\t\t<\/div>\n\t\t\t\t<div class=\"elementor-element elementor-element-ae7cdf6 animated-slow elementor-widget__width-initial elementor-invisible elementor-widget elementor-widget-heading\" data-id=\"ae7cdf6\" data-element_type=\"widget\" data-e-type=\"widget\" data-settings=\"{&quot;_animation&quot;:&quot;fadeInDown&quot;}\" data-widget_type=\"heading.default\">\n\t\t\t\t<div class=\"elementor-widget-container\">\n\t\t\t\t\t<h3 class=\"elementor-heading-title elementor-size-default\">Commitment with substance - from personal drive to European project development<\/h3>\t\t\t\t<\/div>\n\t\t\t\t<\/div>\n\t\t\t\t\t<\/div>\n\t\t\t\t<\/div>\n\t\t<div class=\"elementor-element elementor-element-5f23dc9 e-flex e-con-boxed e-con e-parent\" data-id=\"5f23dc9\" data-element_type=\"container\" data-e-type=\"container\">\n\t\t\t\t\t<div class=\"e-con-inner\">\n\t\t<div class=\"elementor-element elementor-element-43068f5 e-con-full e-flex e-con e-child\" data-id=\"43068f5\" data-element_type=\"container\" data-e-type=\"container\">\n\t\t\t\t<div class=\"elementor-element elementor-element-8e3d71e elementor-widget elementor-widget-heading\" data-id=\"8e3d71e\" data-element_type=\"widget\" data-e-type=\"widget\" data-widget_type=\"heading.default\">\n\t\t\t\t<div class=\"elementor-widget-container\">\n\t\t\t\t\t<h4 class=\"elementor-heading-title elementor-size-default\">The roots<\/h4>\t\t\t\t<\/div>\n\t\t\t\t<\/div>\n\t\t\t\t<div class=\"elementor-element elementor-element-8d23de5 animated-slow elementor-invisible elementor-widget elementor-widget-text-editor\" data-id=\"8d23de5\" data-element_type=\"widget\" data-e-type=\"widget\" data-settings=\"{&quot;_animation&quot;:&quot;fadeIn&quot;}\" data-widget_type=\"text-editor.default\">\n\t\t\t\t<div class=\"elementor-widget-container\">\n\t\t\t\t\t\t\t\t\t<p>The roots of our company extend far beyond the actual foundation: Managing Director <b>Stefan Niederhofer<\/b> has been passionately committed to the <a href=\"https:\/\/unisource-future.com\/en\/processing-and-realisation\/\" data-internallinksmanager029f6b8e52c=\"11\" title=\"https:\/\/unisource-future.com\/abwicklung-und-umsetzung\/\">Realisation<\/a> and further development of renewable energies. The company developed its own projects early on - accompanied by the aim of combining technical excellence with social added value.<\/p>\t\t\t\t\t\t\t\t<\/div>\n\t\t\t\t<\/div>\n\t\t\t\t<\/div>\n\t\t<div class=\"elementor-element elementor-element-3c68e04 e-con-full e-flex e-con e-child\" data-id=\"3c68e04\" data-element_type=\"container\" data-e-type=\"container\">\n\t\t\t\t<div class=\"elementor-element elementor-element-8b475d8 elementor-widget elementor-widget-heading\" data-id=\"8b475d8\" data-element_type=\"widget\" data-e-type=\"widget\" data-widget_type=\"heading.default\">\n\t\t\t\t<div class=\"elementor-widget-container\">\n\t\t\t\t\t<h4 class=\"elementor-heading-title elementor-size-default\">The in-depth expertise<\/h4>\t\t\t\t<\/div>\n\t\t\t\t<\/div>\n\t\t\t\t<div class=\"elementor-element elementor-element-75fe7a9 animated-slow elementor-invisible elementor-widget elementor-widget-text-editor\" data-id=\"75fe7a9\" data-element_type=\"widget\" data-e-type=\"widget\" data-settings=\"{&quot;_animation&quot;:&quot;fadeIn&quot;}\" data-widget_type=\"text-editor.default\">\n\t\t\t\t<div class=\"elementor-widget-container\">\n\t\t\t\t\t\t\t\t\t<p><span style=\"font-size: 1rem;\">Mr Niederhofer's in-depth specialist knowledge was deepened through his studies and subsequent doctorate in the energy sector. At the same time, Mr Niederhofer was already working independently - with consulting and development projects that took him as far as European committees and political decision-making processes. The early and close networking with political and scientific players still characterises the strategic orientation of the company today.<\/span><\/p>\t\t\t\t\t\t\t\t<\/div>\n\t\t\t\t<\/div>\n\t\t\t\t<\/div>\n\t\t<div class=\"elementor-element elementor-element-52311c5 e-con-full e-flex e-con e-child\" data-id=\"52311c5\" data-element_type=\"container\" data-e-type=\"container\">\n\t\t\t\t<div class=\"elementor-element elementor-element-586359a elementor-widget elementor-widget-heading\" data-id=\"586359a\" data-element_type=\"widget\" data-e-type=\"widget\" data-widget_type=\"heading.default\">\n\t\t\t\t<div class=\"elementor-widget-container\">\n\t\t\t\t\t<h4 class=\"elementor-heading-title elementor-size-default\">In 2016<\/h4>\t\t\t\t<\/div>\n\t\t\t\t<\/div>\n\t\t\t\t<div class=\"elementor-element elementor-element-2332c03 animated-slow elementor-invisible elementor-widget elementor-widget-text-editor\" data-id=\"2332c03\" data-element_type=\"widget\" data-e-type=\"widget\" data-settings=\"{&quot;_animation&quot;:&quot;fadeIn&quot;}\" data-widget_type=\"text-editor.default\">\n\t\t\t\t<div class=\"elementor-widget-container\">\n\t\t\t\t\t\t\t\t\t<p>In the year <b>2016<\/b> the targeted entry into the <b>Scalable realisation of photovoltaic projects in Austria<\/b>. The demand and structural requirements led to the consistent <b>Expansion of business to Germany from 2020<\/b>, accompanied by a steady expansion of the range of services - from project development and <a href=\"https:\/\/unisource-future.com\/en\/netzanschlussplanung\/\" data-internallinksmanager029f6b8e52c=\"18\" title=\"https:\/\/unisource-future.com\/netzanschlussplanung\/\">Grid connection planning<\/a>, the <a href=\"https:\/\/unisource-future.com\/en\/partnerschaft-in-consulting-projektentwicklung\/\" data-internallinksmanager029f6b8e52c=\"43\" title=\"https:\/\/unisource-future.com\/partnerschaft-in-consulting-projektentwicklung\/\">Consulting<\/a> through to holistic project management.<\/p>\t\t\t\t\t\t\t\t<\/div>\n\t\t\t\t<\/div>\n\t\t\t\t<\/div>\n\t\t<div class=\"elementor-element elementor-element-c8b0914 e-con-full e-flex e-con e-child\" data-id=\"c8b0914\" data-element_type=\"container\" data-e-type=\"container\">\n\t\t\t\t<div class=\"elementor-element elementor-element-7589391 elementor-widget elementor-widget-heading\" data-id=\"7589391\" data-element_type=\"widget\" data-e-type=\"widget\" data-widget_type=\"heading.default\">\n\t\t\t\t<div class=\"elementor-widget-container\">\n\t\t\t\t\t<h4 class=\"elementor-heading-title elementor-size-default\">Today<\/h4>\t\t\t\t<\/div>\n\t\t\t\t<\/div>\n\t\t\t\t<div class=\"elementor-element elementor-element-7ab0988 animated-slow elementor-invisible elementor-widget elementor-widget-text-editor\" data-id=\"7ab0988\" data-element_type=\"widget\" data-e-type=\"widget\" data-settings=\"{&quot;_animation&quot;:&quot;fadeIn&quot;}\" data-widget_type=\"text-editor.default\">\n\t\t\t\t<div class=\"elementor-widget-container\">\n\t\t\t\t\t\t\t\t\t<p>Today, the company combines technical engineering, independent <a href=\"https:\/\/unisource-future.com\/en\/advice-on-large-storage-tanks\/\" data-internallinksmanager029f6b8e52c=\"29\" title=\"https:\/\/unisource-future.com\/beratung-zu-grossspeichern\/\">Counselling<\/a> and entrepreneurial thinking under one roof - with a clear goal:<br \/><b>To actively shape the sustainable development of the European energy system - and to have an impact beyond this.<\/b><\/p>\t\t\t\t\t\t\t\t<\/div>\n\t\t\t\t<\/div>\n\t\t\t\t<\/div>\n\t\t\t\t\t<\/div>\n\t\t\t\t<\/div>\n\t\t<div class=\"elementor-element elementor-element-0dff528 e-flex e-con-boxed e-con e-parent\" data-id=\"0dff528\" data-element_type=\"container\" data-e-type=\"container\" data-settings=\"{&quot;background_background&quot;:&quot;classic&quot;}\">\n\t\t\t\t\t<div class=\"e-con-inner\">\n\t\t\t\t<div class=\"elementor-element elementor-element-6890bb6 animated-slow elementor-invisible elementor-widget elementor-widget-heading\" data-id=\"6890bb6\" data-element_type=\"widget\" data-e-type=\"widget\" data-settings=\"{&quot;_animation&quot;:&quot;fadeInDown&quot;}\" data-widget_type=\"heading.default\">\n\t\t\t\t<div class=\"elementor-widget-container\">\n\t\t\t\t\t<h2 class=\"elementor-heading-title elementor-size-default\">Personal statement<\/h2>\t\t\t\t<\/div>\n\t\t\t\t<\/div>\n\t\t\t\t<div class=\"elementor-element elementor-element-d296561 elementor-widget elementor-widget-heading\" data-id=\"d296561\" data-element_type=\"widget\" data-e-type=\"widget\" data-widget_type=\"heading.default\">\n\t\t\t\t<div class=\"elementor-widget-container\">\n\t\t\t\t\t<h4 class=\"elementor-heading-title elementor-size-default\">Today, we see ourselves as a partner for complex energy projects - with sound technical expertise, a strategic view and a clear understanding of values.<\/h4>\t\t\t\t<\/div>\n\t\t\t\t<\/div>\n\t\t\t\t<div class=\"elementor-element elementor-element-3b88a9c elementor-align-left elementor-tablet-align-left elementor-mobile-align-center elementor-widget elementor-widget-xpro-block-quote\" data-id=\"3b88a9c\" data-element_type=\"widget\" data-e-type=\"widget\" data-widget_type=\"xpro-block-quote.default\">\n\t\t\t\t<div class=\"elementor-widget-container\">\n\t\t\t\t\t<div class=\"xpro-block-quote-wrapper xpro-block-quote-layout-1\">\n\t<div class=\"xpro-block-quote-inner\">\n\t\t\t\t\t<span class=\"xpro-block-quote-icon\">\n\t\t\t<i aria-hidden=\"true\" class=\"fas fa-quote-left\"><\/i>\t\t\t<\/span>\n\t\t\n\t\t<div class=\"xpro-block-quote-content\">\n\t\t\t\n\t\t\t<div class=\"xpro-block-quote-content-wrap\">\n\n\t\t\t\t\t\t\t\t\t<!-- Text -->\n\t\t\t\t\t<p class=\"xpro-block-quote-text\">\u201e<a href=\"https:\/\/unisource-future.com\/en\/themen-bereich-erneuerbare-energien\/\" data-internallinksmanager029f6b8e52c=\"30\" title=\"https:\/\/unisource-future.com\/themen-bereich-erneuerbare-energien\/\">Renewable energies<\/a> are not only a technical challenge, but also a social responsibility. Our aim is to create solutions that last - technically, economically and in human terms.\u201c<\/p>\n\t\t\t\t\n\t\t\t\t<div class=\"xpro-block-quote-desc\">\n\t\t\t\t\t\t\t\t\t\t\t<!-- Title -->\n\t\t\t\t\t\t<span class=\"xpro-block-quote-title\">Stefan Niederhofer, MSc<\/span>\n\t\t\t\t\t\n\t\t\t\t\t\t\t\t\t\t\t<!-- Designation -->\n\t\t\t\t\t\t<span class=\"xpro-block-quote-designation\">Managing Director<\/span>\n\t\t\t\t\t\n\t\t\t\t<\/div>\n\t\t\t<\/div>\n\t\t<\/div>\n\t<\/div>\n<\/div>\n\t\t\t\t<\/div>\n\t\t\t\t<\/div>\n\t\t\t\t\t<\/div>\n\t\t\t\t<\/div>\n\t\t<div class=\"elementor-element elementor-element-2c2b10c e-con-full e-flex e-con e-parent\" data-id=\"2c2b10c\" data-element_type=\"container\" data-e-type=\"container\">\n\t\t<div class=\"elementor-element elementor-element-e50c5e4 e-con-full e-flex e-con e-child\" data-id=\"e50c5e4\" data-element_type=\"container\" data-e-type=\"container\" data-settings=\"{&quot;background_background&quot;:&quot;classic&quot;}\">\n\t\t\t\t<div class=\"elementor-element elementor-element-1b5a69a elementor-view-default elementor-widget elementor-widget-icon\" data-id=\"1b5a69a\" data-element_type=\"widget\" data-e-type=\"widget\" data-widget_type=\"icon.default\">\n\t\t\t\t<div class=\"elementor-widget-container\">\n\t\t\t\t\t\t\t<div class=\"elementor-icon-wrapper\">\n\t\t\t<div class=\"elementor-icon\">\n\t\t\t<i aria-hidden=\"true\" class=\"xi xi-edit\"><\/i>\t\t\t<\/div>\n\t\t<\/div>\n\t\t\t\t\t\t<\/div>\n\t\t\t\t<\/div>\n\t\t\t\t<div class=\"elementor-element elementor-element-64d1033 elementor-widget elementor-widget-counter\" data-id=\"64d1033\" data-element_type=\"widget\" data-e-type=\"widget\" data-widget_type=\"counter.default\">\n\t\t\t\t<div class=\"elementor-widget-container\">\n\t\t\t\t\t\t\t<div class=\"elementor-counter\">\n\t\t\t<div class=\"elementor-counter-title\">requested grid connections<\/div>\t\t\t<div class=\"elementor-counter-number-wrapper\">\n\t\t\t\t<span class=\"elementor-counter-number-prefix\"><\/span>\n\t\t\t\t<span class=\"elementor-counter-number\" data-duration=\"2000\" data-to-value=\"35\" data-from-value=\"0\" data-delimiter=\",\">0<\/span>\n\t\t\t\t<span class=\"elementor-counter-number-suffix\"><\/span>\n\t\t\t<\/div>\n\t\t<\/div>\n\t\t\t\t\t\t<\/div>\n\t\t\t\t<\/div>\n\t\t\t\t<\/div>\n\t\t<div class=\"elementor-element elementor-element-7a452e0 e-con-full e-flex e-con e-child\" data-id=\"7a452e0\" data-element_type=\"container\" data-e-type=\"container\" data-settings=\"{&quot;background_background&quot;:&quot;classic&quot;}\">\n\t\t\t\t<div class=\"elementor-element elementor-element-d5bd2d9 elementor-view-default elementor-widget elementor-widget-icon\" data-id=\"d5bd2d9\" data-element_type=\"widget\" data-e-type=\"widget\" data-widget_type=\"icon.default\">\n\t\t\t\t<div class=\"elementor-widget-container\">\n\t\t\t\t\t\t\t<div class=\"elementor-icon-wrapper\">\n\t\t\t<div class=\"elementor-icon\">\n\t\t\t<i aria-hidden=\"true\" class=\"xi xi-bar-graph\"><\/i>\t\t\t<\/div>\n\t\t<\/div>\n\t\t\t\t\t\t<\/div>\n\t\t\t\t<\/div>\n\t\t\t\t<div class=\"elementor-element elementor-element-90f2907 elementor-widget elementor-widget-counter\" data-id=\"90f2907\" data-element_type=\"widget\" data-e-type=\"widget\" data-widget_type=\"counter.default\">\n\t\t\t\t<div class=\"elementor-widget-container\">\n\t\t\t\t\t\t\t<div class=\"elementor-counter\">\n\t\t\t<div class=\"elementor-counter-title\">in the 2-digit million range realised<\/div>\t\t\t<div class=\"elementor-counter-number-wrapper\">\n\t\t\t\t<span class=\"elementor-counter-number-prefix\"><\/span>\n\t\t\t\t<span class=\"elementor-counter-number\" data-duration=\"2000\" data-to-value=\"60\" data-from-value=\"\" data-delimiter=\",\"><\/span>\n\t\t\t\t<span class=\"elementor-counter-number-suffix\"> Attachments<\/span>\n\t\t\t<\/div>\n\t\t<\/div>\n\t\t\t\t\t\t<\/div>\n\t\t\t\t<\/div>\n\t\t\t\t<\/div>\n\t\t<div class=\"elementor-element elementor-element-6a8b5c5 e-con-full e-flex e-con e-child\" data-id=\"6a8b5c5\" data-element_type=\"container\" data-e-type=\"container\" data-settings=\"{&quot;background_background&quot;:&quot;classic&quot;}\">\n\t\t\t\t<div class=\"elementor-element elementor-element-cfe8dc6 elementor-view-default elementor-widget elementor-widget-icon\" data-id=\"cfe8dc6\" data-element_type=\"widget\" data-e-type=\"widget\" data-widget_type=\"icon.default\">\n\t\t\t\t<div class=\"elementor-widget-container\">\n\t\t\t\t\t\t\t<div class=\"elementor-icon-wrapper\">\n\t\t\t<div class=\"elementor-icon\">\n\t\t\t<i aria-hidden=\"true\" class=\"xi xi-cloud-link\"><\/i>\t\t\t<\/div>\n\t\t<\/div>\n\t\t\t\t\t\t<\/div>\n\t\t\t\t<\/div>\n\t\t\t\t<div class=\"elementor-element elementor-element-c3f70ac elementor-widget elementor-widget-counter\" data-id=\"c3f70ac\" data-element_type=\"widget\" data-e-type=\"widget\" data-widget_type=\"counter.default\">\n\t\t\t\t<div class=\"elementor-widget-container\">\n\t\t\t\t\t\t\t<div class=\"elementor-counter\">\n\t\t\t<div class=\"elementor-counter-title\">tonnes of CO2 saved<\/div>\t\t\t<div class=\"elementor-counter-number-wrapper\">\n\t\t\t\t<span class=\"elementor-counter-number-prefix\"><\/span>\n\t\t\t\t<span class=\"elementor-counter-number\" data-duration=\"2000\" data-to-value=\"12000\" data-from-value=\"0\" data-delimiter=\",\">0<\/span>\n\t\t\t\t<span class=\"elementor-counter-number-suffix\"><\/span>\n\t\t\t<\/div>\n\t\t<\/div>\n\t\t\t\t\t\t<\/div>\n\t\t\t\t<\/div>\n\t\t\t\t<\/div>\n\t\t\t\t<\/div>\n\t\t\t\t<\/div>","protected":false},"excerpt":{"rendered":"<p>Unternehmens&shy;geschichte\u200b Engagement mit Substanz \u2013 vom pers\u00f6nlichen Antrieb zur europ\u00e4ischen Projektentwicklung Die Wurzeln Die Wurzeln unseres Unternehmens reichen weit \u00fcber die eigentliche Gr\u00fcndung hinaus: Gesch\u00e4ftsf\u00fchrer Stefan Niederhofer engagiert sich seit seiner Jugend leidenschaftlich f\u00fcr die Umsetzung und Weiterentwicklung Erneuerbarer Energien. Fr\u00fch entstanden eigene Projekte \u2013 begleitet von dem Anspruch, technische Exzellenz mit gesellschaftlichem Mehrwert zu [&hellip;]<\/p>\n","protected":false},"author":1,"featured_media":3010,"parent":0,"menu_order":0,"comment_status":"closed","ping_status":"closed","template":"elementor_header_footer","meta":{"footnotes":""},"class_list":["post-3165","page","type-page","status-publish","has-post-thumbnail","hentry"],"_links":{"self":[{"href":"https:\/\/unisource-future.com\/en\/wp-json\/wp\/v2\/pages\/3165","targetHints":{"allow":["GET"]}}],"collection":[{"href":"https:\/\/unisource-future.com\/en\/wp-json\/wp\/v2\/pages"}],"about":[{"href":"https:\/\/unisource-future.com\/en\/wp-json\/wp\/v2\/types\/page"}],"author":[{"embeddable":true,"href":"https:\/\/unisource-future.com\/en\/wp-json\/wp\/v2\/users\/1"}],"replies":[{"embeddable":true,"href":"https:\/\/unisource-future.com\/en\/wp-json\/wp\/v2\/comments?post=3165"}],"version-history":[{"count":10,"href":"https:\/\/unisource-future.com\/en\/wp-json\/wp\/v2\/pages\/3165\/revisions"}],"predecessor-version":[{"id":3833,"href":"https:\/\/unisource-future.com\/en\/wp-json\/wp\/v2\/pages\/3165\/revisions\/3833"}],"wp:featuredmedia":[{"embeddable":true,"href":"https:\/\/unisource-future.com\/en\/wp-json\/wp\/v2\/media\/3010"}],"wp:attachment":[{"href":"https:\/\/unisource-future.com\/en\/wp-json\/wp\/v2\/media?parent=3165"}],"curies":[{"name":"wp","href":"https:\/\/api.w.org\/{rel}","templated":true}]}}