{"id":856,"date":"2025-07-30T10:04:47","date_gmt":"2025-07-30T08:04:47","guid":{"rendered":"https:\/\/unisource-future.com\/?page_id=856"},"modified":"2025-11-24T16:00:49","modified_gmt":"2025-11-24T15:00:49","slug":"imprint","status":"publish","type":"page","link":"https:\/\/unisource-future.com\/en\/imprint\/","title":{"rendered":"Imprint"},"content":{"rendered":"<div data-elementor-type=\"wp-page\" data-elementor-id=\"856\" class=\"elementor elementor-856\" data-elementor-post-type=\"page\">\n\t\t\t\t<div class=\"elementor-element elementor-element-0247702 elementor-hidden-tablet elementor-hidden-mobile e-flex e-con-boxed e-con e-parent\" data-id=\"0247702\" data-element_type=\"container\" data-e-type=\"container\" data-settings=\"{&quot;background_background&quot;:&quot;classic&quot;}\">\n\t\t\t\t\t<div class=\"e-con-inner\">\n\t\t<div class=\"elementor-element elementor-element-7e766c4 e-con-full e-flex e-con e-child\" data-id=\"7e766c4\" data-element_type=\"container\" data-e-type=\"container\">\n\t\t\t\t<div class=\"elementor-element elementor-element-22ed71b animated-slow elementor-widget__width-initial elementor-invisible elementor-widget elementor-widget-heading\" data-id=\"22ed71b\" data-element_type=\"widget\" data-e-type=\"widget\" data-settings=\"{&quot;_animation&quot;:&quot;fadeInDown&quot;}\" data-widget_type=\"heading.default\">\n\t\t\t\t<div class=\"elementor-widget-container\">\n\t\t\t\t\t<h1 class=\"elementor-heading-title elementor-size-default\">Imprint<\/h1>\t\t\t\t<\/div>\n\t\t\t\t<\/div>\n\t\t\t\t<div class=\"elementor-element elementor-element-91ac654 elementor-mobile-align-center elementor-widget elementor-widget-xpro-button\" data-id=\"91ac654\" data-element_type=\"widget\" data-e-type=\"widget\" data-widget_type=\"xpro-button.default\">\n\t\t\t\t<div class=\"elementor-widget-container\">\n\t\t\t\t\t\n<a  href=\"#kontakt\" class=\"xpro-elementor-button xpro-elementor-button-animation-none xpro-align-icon-right\">\n<span class=\"xpro-elementor-button-inner\">\n<span class=\"xpro-button-text\">Contact us<\/span>\n<\/span>\n<\/a>\n\t\t\t\t<\/div>\n\t\t\t\t<\/div>\n\t\t\t\t<\/div>\n\t\t\t\t\t<\/div>\n\t\t\t\t<\/div>\n\t\t<div class=\"elementor-element elementor-element-49d0eb7 e-flex e-con-boxed e-con e-parent\" data-id=\"49d0eb7\" data-element_type=\"container\" data-e-type=\"container\" data-settings=\"{&quot;background_background&quot;:&quot;classic&quot;}\">\n\t\t\t\t\t<div class=\"e-con-inner\">\n\t\t\t\t<div class=\"elementor-element elementor-element-afa4376 animated-slow elementor-invisible elementor-widget elementor-widget-heading\" data-id=\"afa4376\" data-element_type=\"widget\" data-e-type=\"widget\" data-settings=\"{&quot;_animation&quot;:&quot;fadeInDown&quot;}\" data-widget_type=\"heading.default\">\n\t\t\t\t<div class=\"elementor-widget-container\">\n\t\t\t\t\t<h1 class=\"elementor-heading-title elementor-size-default\">Information about the service provider<\/h1>\t\t\t\t<\/div>\n\t\t\t\t<\/div>\n\t\t\t\t<div class=\"elementor-element elementor-element-52cc149 animated-slow elementor-invisible elementor-widget elementor-widget-text-editor\" data-id=\"52cc149\" data-element_type=\"widget\" data-e-type=\"widget\" data-settings=\"{&quot;_animation&quot;:&quot;fadeIn&quot;}\" data-widget_type=\"text-editor.default\">\n\t\t\t\t<div class=\"elementor-widget-container\">\n\t\t\t\t\t\t\t\t\t<p><strong>Unisource GmbH<\/strong><br \/>Gewerbestrasse 37b,<br \/>84570 Polling,<br \/>Germany<br \/>Phone: +49 172 6401886<\/p><p>Register: Commercial register<br \/>Register number: HRB 32775<br \/>Register court: Local court Traunstein<br \/>VAT number: DE366921253<\/p><p>Job title: <a href=\"https:\/\/unisource-future.com\/en\/partnerschaft-in-consulting-projektentwicklung\/\" data-internallinksmanager029f6b8e52c=\"43\" title=\"https:\/\/unisource-future.com\/partnerschaft-in-consulting-projektentwicklung\/\">Consulting<\/a> and engineering office for <a href=\"https:\/\/unisource-future.com\/en\/themen-bereich-erneuerbare-energien\/\" data-internallinksmanager029f6b8e52c=\"30\" title=\"https:\/\/unisource-future.com\/themen-bereich-erneuerbare-energien\/\">Renewable energies<\/a><br \/>Awarding country: Germany<br \/>Managing Director: Stefan Niederhofer<br \/>Data protection officer:<br \/>Stefan Niederhofer,<br \/>Church Square 10\/20,<br \/>A-4982 Obernberg am Inn<br \/>+49 172 6401886<br \/>e-mail: <a href=\"mailto:stefan.niederhofer@unisource-future.com\">stefan.niederhofer@unisource-future.com<\/a><\/p><h3>Universal arbitration centre<\/h3><p>We participate in dispute resolution proceedings before a consumer arbitration board. The<br \/>The competent body is the Federal Universal Arbitration Board, Centre for Arbitration,<br \/>located at Stra\u00dfburger Stra\u00dfe 8, 77694 Kehl am Rhein (https:\/\/www.verbraucherschlichter.de).<\/p><h3>Picture credits<\/h3><p>The images, photos and graphics on this website are protected by copyright.<\/p><p><strong>The image rights are held by:<\/strong><br \/>Stefan Niederhofer<br \/>Shutterstock<br \/>All texts are protected by copyright.<\/p><p>Icon used: Photovoltaic icon (solar panel icon)<br \/>Created by Freepik, provided by Flaticon.<br \/>Source: <a href=\"https:\/\/www.flaticon.com\/free-icons\/solar-panel\" target=\"_blank\" rel=\"noopener\">Solar panel icons created by Freepik - Flaticon<\/a><\/p><p>Icon used: Wind power symbol (<a href=\"https:\/\/unisource-future.com\/en\/site-evaluation-wind-pv\/\" data-internallinksmanager029f6b8e52c=\"3\" title=\"https:\/\/unisource-future.com\/standortbewertung-wind-pv\/\">Wind<\/a> Turbine Icon)<br \/>Created by Iconic Artisan, provided by Flaticon.<br \/>Source: <a href=\"http:\/\/href=&quot;https:\/\/www.flaticon.com\/free-icons\/wind-turbine\" data-wplink-url-error=\"true\">Wind turbine icons created by Iconic Artisan - Flaticon<\/a><\/p><p>Icon used: <a href=\"https:\/\/unisource-future.com\/en\/project-development-in-the-field-of-hydrogen\/\" data-internallinksmanager029f6b8e52c=\"7\" title=\"https:\/\/unisource-future.com\/projektentwicklung-bereich-wasserstoff\/\">Hydrogen<\/a>-Icon (Hydrogen Icon)<br \/>Created by Smashicons, provided by Flaticon.<br \/>Source:<br \/><a href=\"https:\/\/www.flaticon.com\/free-icons\/hydrogen\" target=\"_blank\" rel=\"noopener\">Hydrogen icons created by Smashicons - Flaticon<\/a><\/p><p>Icon used: Battery icon (Manufacturing \/ Battery Icon)<br \/>Created by kerismaker, provided by Flaticon.<br \/>Source: <a href=\"http:\/\/href=&quot;https:\/\/www.flaticon.com\/free-icons\/manufacturing\" data-wplink-url-error=\"true\">Manufacturing icons created by kerismaker - Flaticon<\/a><\/p><p><strong>Source<\/strong>Created with the <a href=\"https:\/\/www.adsimple.de\/impressum-generator\/\" target=\"_blank\" rel=\"noopener\">Imprint Generator<\/a> from AdSimple<\/p>\t\t\t\t\t\t\t\t<\/div>\n\t\t\t\t<\/div>\n\t\t\t\t\t<\/div>\n\t\t\t\t<\/div>\n\t\t\t\t<\/div>","protected":false},"excerpt":{"rendered":"<p>Impressum Kontakt Informationen \u00fcber den Diensteanbieter Unisource GmbHGewerbestra\u00dfe 37b,84570 Polling,DeutschlandTel.: +49 172 6401886 Register: HandelsregisterRegisternummer: HRB 32775Registergericht: Amtsgericht TraunsteinUSt-IdNr.: DE366921253 Berufsbezeichnung: Consulting und Ingenieurb\u00fcro f\u00fcr Erneuerbare EnergienVerleihungsstaat: DeutschlandGesch\u00e4ftsf\u00fchrer: Stefan NiederhoferDatenschutz Verantwortlicher:Stefan Niederhofer,Kirchenplatz 10\/20,A-4982 Obernberg am Inn+49 172 6401886E-Mail: stefan.niederhofer@unisource-future.com Universalschlichtungsstelle An einem Streitbeilegungsverfahren vor einer Verbraucherschlichtungsstelle nehmen wir teil. Diezust\u00e4ndige Stelle ist die Universalschlichtungsstelle des [&hellip;]<\/p>\n","protected":false},"author":1,"featured_media":860,"parent":0,"menu_order":0,"comment_status":"closed","ping_status":"closed","template":"elementor_header_footer","meta":{"footnotes":""},"class_list":["post-856","page","type-page","status-publish","has-post-thumbnail","hentry"],"_links":{"self":[{"href":"https:\/\/unisource-future.com\/en\/wp-json\/wp\/v2\/pages\/856","targetHints":{"allow":["GET"]}}],"collection":[{"href":"https:\/\/unisource-future.com\/en\/wp-json\/wp\/v2\/pages"}],"about":[{"href":"https:\/\/unisource-future.com\/en\/wp-json\/wp\/v2\/types\/page"}],"author":[{"embeddable":true,"href":"https:\/\/unisource-future.com\/en\/wp-json\/wp\/v2\/users\/1"}],"replies":[{"embeddable":true,"href":"https:\/\/unisource-future.com\/en\/wp-json\/wp\/v2\/comments?post=856"}],"version-history":[{"count":10,"href":"https:\/\/unisource-future.com\/en\/wp-json\/wp\/v2\/pages\/856\/revisions"}],"predecessor-version":[{"id":4147,"href":"https:\/\/unisource-future.com\/en\/wp-json\/wp\/v2\/pages\/856\/revisions\/4147"}],"wp:featuredmedia":[{"embeddable":true,"href":"https:\/\/unisource-future.com\/en\/wp-json\/wp\/v2\/media\/860"}],"wp:attachment":[{"href":"https:\/\/unisource-future.com\/en\/wp-json\/wp\/v2\/media?parent=856"}],"curies":[{"name":"wp","href":"https:\/\/api.w.org\/{rel}","templated":true}]}}