{"id":3165,"date":"2025-11-10T14:49:48","date_gmt":"2025-11-10T13:49:48","guid":{"rendered":"https:\/\/unisource-future.com\/?page_id=3165"},"modified":"2025-11-19T16:28:31","modified_gmt":"2025-11-19T15:28:31","slug":"histoire-de-lentreprise","status":"publish","type":"page","link":"https:\/\/unisource-future.com\/fr\/histoire-de-lentreprise\/","title":{"rendered":"Histoire de l'entreprise"},"content":{"rendered":"<div data-elementor-type=\"wp-page\" data-elementor-id=\"3165\" class=\"elementor elementor-3165\" data-elementor-post-type=\"page\">\n\t\t\t\t<div class=\"elementor-element elementor-element-61948e5 e-flex e-con-boxed e-con e-parent\" data-id=\"61948e5\" data-element_type=\"container\" data-e-type=\"container\" data-settings=\"{&quot;background_background&quot;:&quot;classic&quot;}\">\n\t\t\t\t\t<div class=\"e-con-inner\">\n\t\t\t\t<div class=\"elementor-element elementor-element-786c624 animated-slow elementor-widget__width-initial elementor-invisible elementor-widget elementor-widget-heading\" data-id=\"786c624\" data-element_type=\"widget\" data-e-type=\"widget\" data-settings=\"{&quot;_animation&quot;:&quot;fadeInDown&quot;}\" data-widget_type=\"heading.default\">\n\t\t\t\t<div class=\"elementor-widget-container\">\n\t\t\t\t\t<h1 class=\"elementor-heading-title elementor-size-default\">Histoire de l'entreprise<\/h1>\t\t\t\t<\/div>\n\t\t\t\t<\/div>\n\t\t\t\t<div class=\"elementor-element elementor-element-ae7cdf6 animated-slow elementor-widget__width-initial elementor-invisible elementor-widget elementor-widget-heading\" data-id=\"ae7cdf6\" data-element_type=\"widget\" data-e-type=\"widget\" data-settings=\"{&quot;_animation&quot;:&quot;fadeInDown&quot;}\" data-widget_type=\"heading.default\">\n\t\t\t\t<div class=\"elementor-widget-container\">\n\t\t\t\t\t<h3 class=\"elementor-heading-title elementor-size-default\">Un engagement de fond - de la motivation personnelle au d\u00e9veloppement de projets europ\u00e9ens<\/h3>\t\t\t\t<\/div>\n\t\t\t\t<\/div>\n\t\t\t\t\t<\/div>\n\t\t\t\t<\/div>\n\t\t<div class=\"elementor-element elementor-element-5f23dc9 e-flex e-con-boxed e-con e-parent\" data-id=\"5f23dc9\" data-element_type=\"container\" data-e-type=\"container\">\n\t\t\t\t\t<div class=\"e-con-inner\">\n\t\t<div class=\"elementor-element elementor-element-43068f5 e-con-full e-flex e-con e-child\" data-id=\"43068f5\" data-element_type=\"container\" data-e-type=\"container\">\n\t\t\t\t<div class=\"elementor-element elementor-element-8e3d71e elementor-widget elementor-widget-heading\" data-id=\"8e3d71e\" data-element_type=\"widget\" data-e-type=\"widget\" data-widget_type=\"heading.default\">\n\t\t\t\t<div class=\"elementor-widget-container\">\n\t\t\t\t\t<h4 class=\"elementor-heading-title elementor-size-default\">Les racines<\/h4>\t\t\t\t<\/div>\n\t\t\t\t<\/div>\n\t\t\t\t<div class=\"elementor-element elementor-element-8d23de5 animated-slow elementor-invisible elementor-widget elementor-widget-text-editor\" data-id=\"8d23de5\" data-element_type=\"widget\" data-e-type=\"widget\" data-settings=\"{&quot;_animation&quot;:&quot;fadeIn&quot;}\" data-widget_type=\"text-editor.default\">\n\t\t\t\t<div class=\"elementor-widget-container\">\n\t\t\t\t\t\t\t\t\t<p>Les racines de notre entreprise remontent bien au-del\u00e0 de sa cr\u00e9ation proprement dite : le directeur g\u00e9n\u00e9ral <b>Stefan Niederhofer<\/b> s'engage passionn\u00e9ment depuis sa jeunesse pour la <a href=\"https:\/\/unisource-future.com\/fr\/deroulement-et-mise-en-oeuvre\/\" data-internallinksmanager029f6b8e52c=\"11\" title=\"https:\/\/unisource-future.com\/abwicklung-und-umsetzung\/\">Mise en \u0153uvre<\/a> et le d\u00e9veloppement des \u00e9nergies renouvelables. Ses propres projets ont vu le jour tr\u00e8s t\u00f4t, accompagn\u00e9s de l'exigence de combiner l'excellence technique avec une valeur ajout\u00e9e sociale.<\/p>\t\t\t\t\t\t\t\t<\/div>\n\t\t\t\t<\/div>\n\t\t\t\t<\/div>\n\t\t<div class=\"elementor-element elementor-element-3c68e04 e-con-full e-flex e-con e-child\" data-id=\"3c68e04\" data-element_type=\"container\" data-e-type=\"container\">\n\t\t\t\t<div class=\"elementor-element elementor-element-8b475d8 elementor-widget elementor-widget-heading\" data-id=\"8b475d8\" data-element_type=\"widget\" data-e-type=\"widget\" data-widget_type=\"heading.default\">\n\t\t\t\t<div class=\"elementor-widget-container\">\n\t\t\t\t\t<h4 class=\"elementor-heading-title elementor-size-default\">Les connaissances approfondies<\/h4>\t\t\t\t<\/div>\n\t\t\t\t<\/div>\n\t\t\t\t<div class=\"elementor-element elementor-element-75fe7a9 animated-slow elementor-invisible elementor-widget elementor-widget-text-editor\" data-id=\"75fe7a9\" data-element_type=\"widget\" data-e-type=\"widget\" data-settings=\"{&quot;_animation&quot;:&quot;fadeIn&quot;}\" data-widget_type=\"text-editor.default\">\n\t\t\t\t<div class=\"elementor-widget-container\">\n\t\t\t\t\t\t\t\t\t<p><span style=\"font-size: 1rem;\">Ses connaissances approfondies ont \u00e9t\u00e9 compl\u00e9t\u00e9es par des \u00e9tudes et un doctorat dans le domaine de l'\u00e9nergie. Parall\u00e8lement, M. Niederhofer travaillait d\u00e9j\u00e0 en tant qu'ind\u00e9pendant - avec des projets de conseil et de d\u00e9veloppement qui l'ont men\u00e9 jusque dans des comit\u00e9s europ\u00e9ens et des processus de d\u00e9cision politiques. Les liens \u00e9troits et pr\u00e9coces avec les acteurs politiques et scientifiques marquent encore aujourd'hui l'orientation strat\u00e9gique de l'entreprise.<\/span><\/p>\t\t\t\t\t\t\t\t<\/div>\n\t\t\t\t<\/div>\n\t\t\t\t<\/div>\n\t\t<div class=\"elementor-element elementor-element-52311c5 e-con-full e-flex e-con e-child\" data-id=\"52311c5\" data-element_type=\"container\" data-e-type=\"container\">\n\t\t\t\t<div class=\"elementor-element elementor-element-586359a elementor-widget elementor-widget-heading\" data-id=\"586359a\" data-element_type=\"widget\" data-e-type=\"widget\" data-widget_type=\"heading.default\">\n\t\t\t\t<div class=\"elementor-widget-container\">\n\t\t\t\t\t<h4 class=\"elementor-heading-title elementor-size-default\">En 2016<\/h4>\t\t\t\t<\/div>\n\t\t\t\t<\/div>\n\t\t\t\t<div class=\"elementor-element elementor-element-2332c03 animated-slow elementor-invisible elementor-widget elementor-widget-text-editor\" data-id=\"2332c03\" data-element_type=\"widget\" data-e-type=\"widget\" data-settings=\"{&quot;_animation&quot;:&quot;fadeIn&quot;}\" data-widget_type=\"text-editor.default\">\n\t\t\t\t<div class=\"elementor-widget-container\">\n\t\t\t\t\t\t\t\t\t<p>En l'an <b>2016<\/b> L'entr\u00e9e cibl\u00e9e dans le domaine de la <b>mise en \u0153uvre \u00e9volutive de projets photovolta\u00efques en Autriche<\/b>. La demande et les exigences structurelles ont conduit \u00e0 la mise en place syst\u00e9matique d'un syst\u00e8me de gestion de la qualit\u00e9. <b>Extension des activit\u00e9s en Allemagne \u00e0 partir de 2020<\/b>, La soci\u00e9t\u00e9 s'est engag\u00e9e dans un processus d'am\u00e9lioration continue, accompagn\u00e9 d'une extension constante de la gamme de services, du d\u00e9veloppement de projets \u00e0 la gestion de projets. <a href=\"https:\/\/unisource-future.com\/fr\/planification-du-raccordement-au-reseau\/\" data-internallinksmanager029f6b8e52c=\"18\" title=\"https:\/\/unisource-future.com\/netzanschlussplanung\/\">Planification du raccordement au r\u00e9seau<\/a>, le <a href=\"https:\/\/unisource-future.com\/fr\/partenariat-dans-le-consulting-developpement-de-projets\/\" data-internallinksmanager029f6b8e52c=\"43\" title=\"https:\/\/unisource-future.com\/partnerschaft-in-consulting-projektentwicklung\/\">Conseil<\/a> jusqu'\u00e0 la gestion globale de projets.<\/p>\t\t\t\t\t\t\t\t<\/div>\n\t\t\t\t<\/div>\n\t\t\t\t<\/div>\n\t\t<div class=\"elementor-element elementor-element-c8b0914 e-con-full e-flex e-con e-child\" data-id=\"c8b0914\" data-element_type=\"container\" data-e-type=\"container\">\n\t\t\t\t<div class=\"elementor-element elementor-element-7589391 elementor-widget elementor-widget-heading\" data-id=\"7589391\" data-element_type=\"widget\" data-e-type=\"widget\" data-widget_type=\"heading.default\">\n\t\t\t\t<div class=\"elementor-widget-container\">\n\t\t\t\t\t<h4 class=\"elementor-heading-title elementor-size-default\">Aujourd'hui<\/h4>\t\t\t\t<\/div>\n\t\t\t\t<\/div>\n\t\t\t\t<div class=\"elementor-element elementor-element-7ab0988 animated-slow elementor-invisible elementor-widget elementor-widget-text-editor\" data-id=\"7ab0988\" data-element_type=\"widget\" data-e-type=\"widget\" data-settings=\"{&quot;_animation&quot;:&quot;fadeIn&quot;}\" data-widget_type=\"text-editor.default\">\n\t\t\t\t<div class=\"elementor-widget-container\">\n\t\t\t\t\t\t\t\t\t<p>Aujourd'hui, l'entreprise r\u00e9unit l'ing\u00e9nierie technique, la recherche ind\u00e9pendante et la formation. <a href=\"https:\/\/unisource-future.com\/fr\/conseil-en-stockage-a-grande-echelle\/\" data-internallinksmanager029f6b8e52c=\"29\" title=\"https:\/\/unisource-future.com\/beratung-zu-grossspeichern\/\">Conseil<\/a> et l'esprit d'entreprise sous un m\u00eame toit - avec un objectif clair :<br \/><b>Contribuer activement au d\u00e9veloppement durable du syst\u00e8me \u00e9nerg\u00e9tique europ\u00e9en - et avoir un impact au-del\u00e0.<\/b><\/p>\t\t\t\t\t\t\t\t<\/div>\n\t\t\t\t<\/div>\n\t\t\t\t<\/div>\n\t\t\t\t\t<\/div>\n\t\t\t\t<\/div>\n\t\t<div class=\"elementor-element elementor-element-0dff528 e-flex e-con-boxed e-con e-parent\" data-id=\"0dff528\" data-element_type=\"container\" data-e-type=\"container\" data-settings=\"{&quot;background_background&quot;:&quot;classic&quot;}\">\n\t\t\t\t\t<div class=\"e-con-inner\">\n\t\t\t\t<div class=\"elementor-element elementor-element-6890bb6 animated-slow elementor-invisible elementor-widget elementor-widget-heading\" data-id=\"6890bb6\" data-element_type=\"widget\" data-e-type=\"widget\" data-settings=\"{&quot;_animation&quot;:&quot;fadeInDown&quot;}\" data-widget_type=\"heading.default\">\n\t\t\t\t<div class=\"elementor-widget-container\">\n\t\t\t\t\t<h2 class=\"elementor-heading-title elementor-size-default\">D\u00e9claration personnelle<\/h2>\t\t\t\t<\/div>\n\t\t\t\t<\/div>\n\t\t\t\t<div class=\"elementor-element elementor-element-d296561 elementor-widget elementor-widget-heading\" data-id=\"d296561\" data-element_type=\"widget\" data-e-type=\"widget\" data-widget_type=\"heading.default\">\n\t\t\t\t<div class=\"elementor-widget-container\">\n\t\t\t\t\t<h4 class=\"elementor-heading-title elementor-size-default\">Aujourd'hui, nous nous consid\u00e9rons comme un partenaire pour des projets \u00e9nerg\u00e9tiques complexes - avec des comp\u00e9tences techniques solides, une vision strat\u00e9gique et une compr\u00e9hension claire des valeurs.<\/h4>\t\t\t\t<\/div>\n\t\t\t\t<\/div>\n\t\t\t\t<div class=\"elementor-element elementor-element-3b88a9c elementor-align-left elementor-tablet-align-left elementor-mobile-align-center elementor-widget elementor-widget-xpro-block-quote\" data-id=\"3b88a9c\" data-element_type=\"widget\" data-e-type=\"widget\" data-widget_type=\"xpro-block-quote.default\">\n\t\t\t\t<div class=\"elementor-widget-container\">\n\t\t\t\t\t<div class=\"xpro-block-quote-wrapper xpro-block-quote-layout-1\">\n\t<div class=\"xpro-block-quote-inner\">\n\t\t\t\t\t<span class=\"xpro-block-quote-icon\">\n\t\t\t<i aria-hidden=\"true\" class=\"fas fa-quote-left\"><\/i>\t\t\t<\/span>\n\t\t\n\t\t<div class=\"xpro-block-quote-content\">\n\t\t\t\n\t\t\t<div class=\"xpro-block-quote-content-wrap\">\n\n\t\t\t\t\t\t\t\t\t<!-- Text -->\n\t\t\t\t\t<p class=\"xpro-block-quote-text\">\u201e<a href=\"https:\/\/unisource-future.com\/fr\/theme-du-secteur-des-energies-renouvelables\/\" data-internallinksmanager029f6b8e52c=\"30\" title=\"https:\/\/unisource-future.com\/themen-bereich-erneuerbare-energien\/\">\u00c9nergie renouvelable<\/a> ne sont pas seulement un d\u00e9fi technique, mais aussi une responsabilit\u00e9 sociale. Notre ambition est de cr\u00e9er des solutions qui durent - techniquement, \u00e9conomiquement et humainement\u201c.\u201c<\/p>\n\t\t\t\t\n\t\t\t\t<div class=\"xpro-block-quote-desc\">\n\t\t\t\t\t\t\t\t\t\t\t<!-- Title -->\n\t\t\t\t\t\t<span class=\"xpro-block-quote-title\">Ing. Stefan Niederhofer, MSc<\/span>\n\t\t\t\t\t\n\t\t\t\t\t\t\t\t\t\t\t<!-- Designation -->\n\t\t\t\t\t\t<span class=\"xpro-block-quote-designation\">Directeur g\u00e9n\u00e9ral<\/span>\n\t\t\t\t\t\n\t\t\t\t<\/div>\n\t\t\t<\/div>\n\t\t<\/div>\n\t<\/div>\n<\/div>\n\t\t\t\t<\/div>\n\t\t\t\t<\/div>\n\t\t\t\t\t<\/div>\n\t\t\t\t<\/div>\n\t\t<div class=\"elementor-element elementor-element-2c2b10c e-con-full e-flex e-con e-parent\" data-id=\"2c2b10c\" data-element_type=\"container\" data-e-type=\"container\">\n\t\t<div class=\"elementor-element elementor-element-e50c5e4 e-con-full e-flex e-con e-child\" data-id=\"e50c5e4\" data-element_type=\"container\" data-e-type=\"container\" data-settings=\"{&quot;background_background&quot;:&quot;classic&quot;}\">\n\t\t\t\t<div class=\"elementor-element elementor-element-1b5a69a elementor-view-default elementor-widget elementor-widget-icon\" data-id=\"1b5a69a\" data-element_type=\"widget\" data-e-type=\"widget\" data-widget_type=\"icon.default\">\n\t\t\t\t<div class=\"elementor-widget-container\">\n\t\t\t\t\t\t\t<div class=\"elementor-icon-wrapper\">\n\t\t\t<div class=\"elementor-icon\">\n\t\t\t<i aria-hidden=\"true\" class=\"xi xi-edit\"><\/i>\t\t\t<\/div>\n\t\t<\/div>\n\t\t\t\t\t\t<\/div>\n\t\t\t\t<\/div>\n\t\t\t\t<div class=\"elementor-element elementor-element-64d1033 elementor-widget elementor-widget-counter\" data-id=\"64d1033\" data-element_type=\"widget\" data-e-type=\"widget\" data-widget_type=\"counter.default\">\n\t\t\t\t<div class=\"elementor-widget-container\">\n\t\t\t\t\t\t\t<div class=\"elementor-counter\">\n\t\t\t<div class=\"elementor-counter-title\">raccordements au r\u00e9seau demand\u00e9s<\/div>\t\t\t<div class=\"elementor-counter-number-wrapper\">\n\t\t\t\t<span class=\"elementor-counter-number-prefix\"><\/span>\n\t\t\t\t<span class=\"elementor-counter-number\" data-duration=\"2000\" data-to-value=\"35\" data-from-value=\"0\" data-delimiter=\",\">0<\/span>\n\t\t\t\t<span class=\"elementor-counter-number-suffix\"><\/span>\n\t\t\t<\/div>\n\t\t<\/div>\n\t\t\t\t\t\t<\/div>\n\t\t\t\t<\/div>\n\t\t\t\t<\/div>\n\t\t<div class=\"elementor-element elementor-element-7a452e0 e-con-full e-flex e-con e-child\" data-id=\"7a452e0\" data-element_type=\"container\" data-e-type=\"container\" data-settings=\"{&quot;background_background&quot;:&quot;classic&quot;}\">\n\t\t\t\t<div class=\"elementor-element elementor-element-d5bd2d9 elementor-view-default elementor-widget elementor-widget-icon\" data-id=\"d5bd2d9\" data-element_type=\"widget\" data-e-type=\"widget\" data-widget_type=\"icon.default\">\n\t\t\t\t<div class=\"elementor-widget-container\">\n\t\t\t\t\t\t\t<div class=\"elementor-icon-wrapper\">\n\t\t\t<div class=\"elementor-icon\">\n\t\t\t<i aria-hidden=\"true\" class=\"xi xi-bar-graph\"><\/i>\t\t\t<\/div>\n\t\t<\/div>\n\t\t\t\t\t\t<\/div>\n\t\t\t\t<\/div>\n\t\t\t\t<div class=\"elementor-element elementor-element-90f2907 elementor-widget elementor-widget-counter\" data-id=\"90f2907\" data-element_type=\"widget\" data-e-type=\"widget\" data-widget_type=\"counter.default\">\n\t\t\t\t<div class=\"elementor-widget-container\">\n\t\t\t\t\t\t\t<div class=\"elementor-counter\">\n\t\t\t<div class=\"elementor-counter-title\">r\u00e9alis\u00e9 en millions \u00e0 2 chiffres<\/div>\t\t\t<div class=\"elementor-counter-number-wrapper\">\n\t\t\t\t<span class=\"elementor-counter-number-prefix\"><\/span>\n\t\t\t\t<span class=\"elementor-counter-number\" data-duration=\"2000\" data-to-value=\"60\" data-from-value=\"\" data-delimiter=\",\"><\/span>\n\t\t\t\t<span class=\"elementor-counter-number-suffix\"> Placements<\/span>\n\t\t\t<\/div>\n\t\t<\/div>\n\t\t\t\t\t\t<\/div>\n\t\t\t\t<\/div>\n\t\t\t\t<\/div>\n\t\t<div class=\"elementor-element elementor-element-6a8b5c5 e-con-full e-flex e-con e-child\" data-id=\"6a8b5c5\" data-element_type=\"container\" data-e-type=\"container\" data-settings=\"{&quot;background_background&quot;:&quot;classic&quot;}\">\n\t\t\t\t<div class=\"elementor-element elementor-element-cfe8dc6 elementor-view-default elementor-widget elementor-widget-icon\" data-id=\"cfe8dc6\" data-element_type=\"widget\" data-e-type=\"widget\" data-widget_type=\"icon.default\">\n\t\t\t\t<div class=\"elementor-widget-container\">\n\t\t\t\t\t\t\t<div class=\"elementor-icon-wrapper\">\n\t\t\t<div class=\"elementor-icon\">\n\t\t\t<i aria-hidden=\"true\" class=\"xi xi-cloud-link\"><\/i>\t\t\t<\/div>\n\t\t<\/div>\n\t\t\t\t\t\t<\/div>\n\t\t\t\t<\/div>\n\t\t\t\t<div class=\"elementor-element elementor-element-c3f70ac elementor-widget elementor-widget-counter\" data-id=\"c3f70ac\" data-element_type=\"widget\" data-e-type=\"widget\" data-widget_type=\"counter.default\">\n\t\t\t\t<div class=\"elementor-widget-container\">\n\t\t\t\t\t\t\t<div class=\"elementor-counter\">\n\t\t\t<div class=\"elementor-counter-title\">Tonnes de CO2 \u00e9conomis\u00e9es<\/div>\t\t\t<div class=\"elementor-counter-number-wrapper\">\n\t\t\t\t<span class=\"elementor-counter-number-prefix\"><\/span>\n\t\t\t\t<span class=\"elementor-counter-number\" data-duration=\"2000\" data-to-value=\"12000\" data-from-value=\"0\" data-delimiter=\",\">0<\/span>\n\t\t\t\t<span class=\"elementor-counter-number-suffix\"><\/span>\n\t\t\t<\/div>\n\t\t<\/div>\n\t\t\t\t\t\t<\/div>\n\t\t\t\t<\/div>\n\t\t\t\t<\/div>\n\t\t\t\t<\/div>\n\t\t\t\t<\/div>","protected":false},"excerpt":{"rendered":"<p>Unternehmens&shy;geschichte\u200b Engagement mit Substanz \u2013 vom pers\u00f6nlichen Antrieb zur europ\u00e4ischen Projektentwicklung Die Wurzeln Die Wurzeln unseres Unternehmens reichen weit \u00fcber die eigentliche Gr\u00fcndung hinaus: Gesch\u00e4ftsf\u00fchrer Stefan Niederhofer engagiert sich seit seiner Jugend leidenschaftlich f\u00fcr die Umsetzung und Weiterentwicklung Erneuerbarer Energien. Fr\u00fch entstanden eigene Projekte \u2013 begleitet von dem Anspruch, technische Exzellenz mit gesellschaftlichem Mehrwert zu [&hellip;]<\/p>\n","protected":false},"author":1,"featured_media":3010,"parent":0,"menu_order":0,"comment_status":"closed","ping_status":"closed","template":"elementor_header_footer","meta":{"footnotes":""},"class_list":["post-3165","page","type-page","status-publish","has-post-thumbnail","hentry"],"_links":{"self":[{"href":"https:\/\/unisource-future.com\/fr\/wp-json\/wp\/v2\/pages\/3165","targetHints":{"allow":["GET"]}}],"collection":[{"href":"https:\/\/unisource-future.com\/fr\/wp-json\/wp\/v2\/pages"}],"about":[{"href":"https:\/\/unisource-future.com\/fr\/wp-json\/wp\/v2\/types\/page"}],"author":[{"embeddable":true,"href":"https:\/\/unisource-future.com\/fr\/wp-json\/wp\/v2\/users\/1"}],"replies":[{"embeddable":true,"href":"https:\/\/unisource-future.com\/fr\/wp-json\/wp\/v2\/comments?post=3165"}],"version-history":[{"count":10,"href":"https:\/\/unisource-future.com\/fr\/wp-json\/wp\/v2\/pages\/3165\/revisions"}],"predecessor-version":[{"id":3833,"href":"https:\/\/unisource-future.com\/fr\/wp-json\/wp\/v2\/pages\/3165\/revisions\/3833"}],"wp:featuredmedia":[{"embeddable":true,"href":"https:\/\/unisource-future.com\/fr\/wp-json\/wp\/v2\/media\/3010"}],"wp:attachment":[{"href":"https:\/\/unisource-future.com\/fr\/wp-json\/wp\/v2\/media?parent=3165"}],"curies":[{"name":"wp","href":"https:\/\/api.w.org\/{rel}","templated":true}]}}