{"id":3529,"date":"2025-11-17T14:12:24","date_gmt":"2025-11-17T13:12:24","guid":{"rendered":"https:\/\/unisource-future.com\/?page_id=3529"},"modified":"2025-11-19T16:28:11","modified_gmt":"2025-11-19T15:28:11","slug":"ueber-uns","status":"publish","type":"page","link":"https:\/\/unisource-future.com\/fr\/ueber-uns\/","title":{"rendered":"\u00c0 propos de nous"},"content":{"rendered":"<div data-elementor-type=\"wp-page\" data-elementor-id=\"3529\" class=\"elementor elementor-3529\" data-elementor-post-type=\"page\">\n\t\t\t\t<div class=\"elementor-element elementor-element-67054ae e-flex e-con-boxed e-con e-parent\" data-id=\"67054ae\" data-element_type=\"container\" data-e-type=\"container\" data-settings=\"{&quot;background_background&quot;:&quot;classic&quot;}\">\n\t\t\t\t\t<div class=\"e-con-inner\">\n\t\t<div class=\"elementor-element elementor-element-12966b3 e-con-full e-flex e-con e-child\" data-id=\"12966b3\" data-element_type=\"container\" data-e-type=\"container\">\n\t\t\t\t<div class=\"elementor-element elementor-element-68b0d43 animated-slow elementor-invisible elementor-widget elementor-widget-heading\" data-id=\"68b0d43\" data-element_type=\"widget\" data-e-type=\"widget\" data-settings=\"{&quot;_animation&quot;:&quot;fadeInDown&quot;}\" data-widget_type=\"heading.default\">\n\t\t\t\t<div class=\"elementor-widget-container\">\n\t\t\t\t\t<h1 class=\"elementor-heading-title elementor-size-default\">Wer wir sind und wof\u00fcr wir stehen<\/h1>\t\t\t\t<\/div>\n\t\t\t\t<\/div>\n\t\t\t\t<div class=\"elementor-element elementor-element-8cba92b elementor-widget elementor-widget-heading\" data-id=\"8cba92b\" data-element_type=\"widget\" data-e-type=\"widget\" data-widget_type=\"heading.default\">\n\t\t\t\t<div class=\"elementor-widget-container\">\n\t\t\t\t\t<h4 class=\"elementor-heading-title elementor-size-default\">Technische Kompetenz. Pers\u00f6nliches Engagement. Klare Haltung.<\/h4>\t\t\t\t<\/div>\n\t\t\t\t<\/div>\n\t\t\t\t<div class=\"elementor-element elementor-element-113e7a0 animated-slow elementor-invisible elementor-widget elementor-widget-text-editor\" data-id=\"113e7a0\" data-element_type=\"widget\" data-e-type=\"widget\" data-settings=\"{&quot;_animation&quot;:&quot;fadeIn&quot;}\" data-widget_type=\"text-editor.default\">\n\t\t\t\t<div class=\"elementor-widget-container\">\n\t\t\t\t\t\t\t\t\t<p>Hinter jedem erfolgreichen Projekt stehen Menschen mit Vision, Erfahrung und \u00dcberzeugung. Wir sind ein interdisziplin\u00e4res Team aus Technik, Projektmanagement, <a href=\"https:\/\/unisource-future.com\/fr\/conseil-en-stockage-a-grande-echelle\/\" data-internallinksmanager029f6b8e52c=\"29\" title=\"https:\/\/unisource-future.com\/beratung-zu-grossspeichern\/\">Conseil<\/a> und Kommunikation \u2013 verbunden durch ein gemeinsames Ziel: den nachhaltigen Wandel des Energiesystems aktiv mitzugestalten.<\/p>\t\t\t\t\t\t\t\t<\/div>\n\t\t\t\t<\/div>\n\t\t\t\t<div class=\"elementor-element elementor-element-a4e3bae elementor-widget elementor-widget-xpro-button\" data-id=\"a4e3bae\" data-element_type=\"widget\" data-e-type=\"widget\" data-widget_type=\"xpro-button.default\">\n\t\t\t\t<div class=\"elementor-widget-container\">\n\t\t\t\t\t\n<a  href=\"#kontakt\" class=\"xpro-elementor-button xpro-elementor-button-animation-none xpro-align-icon-right\">\n<span class=\"xpro-elementor-button-inner\">\n<span class=\"xpro-button-text\">Prendre contact<\/span>\n<\/span>\n<\/a>\n\t\t\t\t<\/div>\n\t\t\t\t<\/div>\n\t\t\t\t<\/div>\n\t\t<div class=\"elementor-element elementor-element-4f4f7e7 e-con-full e-flex e-con e-child\" data-id=\"4f4f7e7\" data-element_type=\"container\" data-e-type=\"container\" data-settings=\"{&quot;background_background&quot;:&quot;classic&quot;}\">\n\t\t\t\t<\/div>\n\t\t\t\t\t<\/div>\n\t\t\t\t<\/div>\n\t\t<div class=\"elementor-element elementor-element-2ba7083 e-flex e-con-boxed e-con e-parent\" data-id=\"2ba7083\" data-element_type=\"container\" data-e-type=\"container\" data-settings=\"{&quot;background_background&quot;:&quot;classic&quot;}\">\n\t\t\t\t\t<div class=\"e-con-inner\">\n\t\t<div class=\"elementor-element elementor-element-100a8e0 e-con-full e-flex e-con e-child\" data-id=\"100a8e0\" data-element_type=\"container\" data-e-type=\"container\">\n\t\t\t\t<div class=\"elementor-element elementor-element-91e9b77 elementor-widget elementor-widget-heading\" data-id=\"91e9b77\" data-element_type=\"widget\" data-e-type=\"widget\" data-widget_type=\"heading.default\">\n\t\t\t\t<div class=\"elementor-widget-container\">\n\t\t\t\t\t<h2 class=\"elementor-heading-title elementor-size-default\">Unser Weg begann mit pers\u00f6nlichem Engagement f\u00fcr Erneuerbare Energien<\/h2>\t\t\t\t<\/div>\n\t\t\t\t<\/div>\n\t\t\t\t<div class=\"elementor-element elementor-element-6d00a44 elementor-widget elementor-widget-heading\" data-id=\"6d00a44\" data-element_type=\"widget\" data-e-type=\"widget\" data-widget_type=\"heading.default\">\n\t\t\t\t<div class=\"elementor-widget-container\">\n\t\t\t\t\t<h4 class=\"elementor-heading-title elementor-size-default\">Heute vereinen wir Engineering, Projektmanagement, Netzplanung und Consulting unter einem Dach.<\/h4>\t\t\t\t<\/div>\n\t\t\t\t<\/div>\n\t\t\t\t<div class=\"elementor-element elementor-element-d7fb03c animated-slow elementor-invisible elementor-widget elementor-widget-text-editor\" data-id=\"d7fb03c\" data-element_type=\"widget\" data-e-type=\"widget\" data-settings=\"{&quot;_animation&quot;:&quot;fadeIn&quot;}\" data-widget_type=\"text-editor.default\">\n\t\t\t\t<div class=\"elementor-widget-container\">\n\t\t\t\t\t\t\t\t\t<p>Dabei handeln wir stets wertebasiert: mit Verantwortung, Integrit\u00e4t, Qualit\u00e4tsbewusstsein und dem Anspruch, Projekte ganzheitlich zu denken und verl\u00e4sslich umzusetzen.<\/p><p>Was uns auszeichnet, ist nicht nur unser Fachwissen, sondern die Art, wie wir arbeiten: strukturiert, partnerschaftlich und mit pers\u00f6nlichem Einsatz.<\/p><p>Neben der fachlichen Projektarbeit bieten wir Ihnen ein breites Spektrum an begleitenden Services \u2013 von der Beh\u00f6rdenkommunikation \u00fcber technische Dokumentation bis hin zur Unterst\u00fctzung bei Inbetriebnahmen und Monitoring.<\/p><p>Lernen Sie unser Team, unsere Geschichte, unsere Werte und unser erweitertes Leistungsspektrum kennen.<\/p><p><b>Wir freuen uns darauf, Ihre Projekte gemeinsam mit Ihnen zu gestalten.<\/b><\/p>\t\t\t\t\t\t\t\t<\/div>\n\t\t\t\t<\/div>\n\t\t\t\t<div class=\"elementor-element elementor-element-0e295fb elementor-widget elementor-widget-xpro-button\" data-id=\"0e295fb\" data-element_type=\"widget\" data-e-type=\"widget\" data-widget_type=\"xpro-button.default\">\n\t\t\t\t<div class=\"elementor-widget-container\">\n\t\t\t\t\t\n<a  href=\"#kontakt\" class=\"xpro-elementor-button xpro-elementor-button-animation-none xpro-align-icon-right\">\n<span class=\"xpro-elementor-button-inner\">\n<span class=\"xpro-button-text\">Prendre contact<\/span>\n<\/span>\n<\/a>\n\t\t\t\t<\/div>\n\t\t\t\t<\/div>\n\t\t\t\t<\/div>\n\t\t\t\t\t<\/div>\n\t\t\t\t<\/div>\n\t\t<div class=\"elementor-element elementor-element-25c5a24 e-con-full e-flex e-con e-parent\" data-id=\"25c5a24\" data-element_type=\"container\" data-e-type=\"container\">\n\t\t<div class=\"elementor-element elementor-element-039f2f1 e-con-full e-flex e-con e-child\" data-id=\"039f2f1\" data-element_type=\"container\" data-e-type=\"container\" data-settings=\"{&quot;background_background&quot;:&quot;classic&quot;}\">\n\t\t\t\t<div class=\"elementor-element elementor-element-631d508 elementor-view-default elementor-widget elementor-widget-icon\" data-id=\"631d508\" data-element_type=\"widget\" data-e-type=\"widget\" data-widget_type=\"icon.default\">\n\t\t\t\t<div class=\"elementor-widget-container\">\n\t\t\t\t\t\t\t<div class=\"elementor-icon-wrapper\">\n\t\t\t<div class=\"elementor-icon\">\n\t\t\t<i aria-hidden=\"true\" class=\"xi xi-edit\"><\/i>\t\t\t<\/div>\n\t\t<\/div>\n\t\t\t\t\t\t<\/div>\n\t\t\t\t<\/div>\n\t\t\t\t<div class=\"elementor-element elementor-element-b8d8efb elementor-widget elementor-widget-counter\" data-id=\"b8d8efb\" data-element_type=\"widget\" data-e-type=\"widget\" data-widget_type=\"counter.default\">\n\t\t\t\t<div class=\"elementor-widget-container\">\n\t\t\t\t\t\t\t<div class=\"elementor-counter\">\n\t\t\t<div class=\"elementor-counter-title\">raccordements au r\u00e9seau demand\u00e9s<\/div>\t\t\t<div class=\"elementor-counter-number-wrapper\">\n\t\t\t\t<span class=\"elementor-counter-number-prefix\"><\/span>\n\t\t\t\t<span class=\"elementor-counter-number\" data-duration=\"2000\" data-to-value=\"35\" data-from-value=\"0\" data-delimiter=\",\">0<\/span>\n\t\t\t\t<span class=\"elementor-counter-number-suffix\"><\/span>\n\t\t\t<\/div>\n\t\t<\/div>\n\t\t\t\t\t\t<\/div>\n\t\t\t\t<\/div>\n\t\t\t\t<\/div>\n\t\t<div class=\"elementor-element elementor-element-c3a55c3 e-con-full e-flex e-con e-child\" data-id=\"c3a55c3\" data-element_type=\"container\" data-e-type=\"container\" data-settings=\"{&quot;background_background&quot;:&quot;classic&quot;}\">\n\t\t\t\t<div class=\"elementor-element elementor-element-28c248a elementor-view-default elementor-widget elementor-widget-icon\" data-id=\"28c248a\" data-element_type=\"widget\" data-e-type=\"widget\" data-widget_type=\"icon.default\">\n\t\t\t\t<div class=\"elementor-widget-container\">\n\t\t\t\t\t\t\t<div class=\"elementor-icon-wrapper\">\n\t\t\t<div class=\"elementor-icon\">\n\t\t\t<i aria-hidden=\"true\" class=\"xi xi-bar-graph\"><\/i>\t\t\t<\/div>\n\t\t<\/div>\n\t\t\t\t\t\t<\/div>\n\t\t\t\t<\/div>\n\t\t\t\t<div class=\"elementor-element elementor-element-065debd elementor-widget elementor-widget-counter\" data-id=\"065debd\" data-element_type=\"widget\" data-e-type=\"widget\" data-widget_type=\"counter.default\">\n\t\t\t\t<div class=\"elementor-widget-container\">\n\t\t\t\t\t\t\t<div class=\"elementor-counter\">\n\t\t\t<div class=\"elementor-counter-title\">r\u00e9alis\u00e9 en millions \u00e0 2 chiffres<\/div>\t\t\t<div class=\"elementor-counter-number-wrapper\">\n\t\t\t\t<span class=\"elementor-counter-number-prefix\"><\/span>\n\t\t\t\t<span class=\"elementor-counter-number\" data-duration=\"2000\" data-to-value=\"60\" data-from-value=\"\" data-delimiter=\",\"><\/span>\n\t\t\t\t<span class=\"elementor-counter-number-suffix\"> Placements<\/span>\n\t\t\t<\/div>\n\t\t<\/div>\n\t\t\t\t\t\t<\/div>\n\t\t\t\t<\/div>\n\t\t\t\t<\/div>\n\t\t<div class=\"elementor-element elementor-element-ccd349c e-con-full e-flex e-con e-child\" data-id=\"ccd349c\" data-element_type=\"container\" data-e-type=\"container\" data-settings=\"{&quot;background_background&quot;:&quot;classic&quot;}\">\n\t\t\t\t<div class=\"elementor-element elementor-element-352143f elementor-view-default elementor-widget elementor-widget-icon\" data-id=\"352143f\" data-element_type=\"widget\" data-e-type=\"widget\" data-widget_type=\"icon.default\">\n\t\t\t\t<div class=\"elementor-widget-container\">\n\t\t\t\t\t\t\t<div class=\"elementor-icon-wrapper\">\n\t\t\t<div class=\"elementor-icon\">\n\t\t\t<i aria-hidden=\"true\" class=\"xi xi-cloud-link\"><\/i>\t\t\t<\/div>\n\t\t<\/div>\n\t\t\t\t\t\t<\/div>\n\t\t\t\t<\/div>\n\t\t\t\t<div class=\"elementor-element elementor-element-e678943 elementor-widget elementor-widget-counter\" data-id=\"e678943\" data-element_type=\"widget\" data-e-type=\"widget\" data-widget_type=\"counter.default\">\n\t\t\t\t<div class=\"elementor-widget-container\">\n\t\t\t\t\t\t\t<div class=\"elementor-counter\">\n\t\t\t<div class=\"elementor-counter-title\">Tonnes de CO2 \u00e9conomis\u00e9es<\/div>\t\t\t<div class=\"elementor-counter-number-wrapper\">\n\t\t\t\t<span class=\"elementor-counter-number-prefix\"><\/span>\n\t\t\t\t<span class=\"elementor-counter-number\" data-duration=\"2000\" data-to-value=\"12000\" data-from-value=\"0\" data-delimiter=\",\">0<\/span>\n\t\t\t\t<span class=\"elementor-counter-number-suffix\"><\/span>\n\t\t\t<\/div>\n\t\t<\/div>\n\t\t\t\t\t\t<\/div>\n\t\t\t\t<\/div>\n\t\t\t\t<\/div>\n\t\t\t\t<\/div>\n\t\t<div class=\"elementor-element elementor-element-f74c89f e-flex e-con-boxed e-con e-parent\" data-id=\"f74c89f\" data-element_type=\"container\" data-e-type=\"container\">\n\t\t\t\t\t<div class=\"e-con-inner\">\n\t\t\t\t<div class=\"elementor-element elementor-element-603d04f elementor-widget elementor-widget-xpro-template\" data-id=\"603d04f\" data-element_type=\"widget\" data-e-type=\"widget\" data-widget_type=\"xpro-template.default\">\n\t\t\t\t<div class=\"elementor-widget-container\">\n\t\t\t\t\t<style>.elementor-3275 .elementor-element.elementor-element-22a7556 > .elementor-container{max-width:1170px;}.elementor-3275 .elementor-element.elementor-element-22a7556{transition:background 0.3s, border 0.3s, border-radius 0.3s, box-shadow 0.3s;padding:4rem 0.9375rem 4rem 0.9375rem;}.elementor-3275 .elementor-element.elementor-element-22a7556 > .elementor-background-overlay{transition:background 0.3s, border-radius 0.3s, opacity 0.3s;}.elementor-3275 .elementor-element.elementor-element-fc90c8e.elementor-column > .elementor-widget-wrap{justify-content:center;}.elementor-widget-heading .elementor-heading-title{font-family:var( --e-global-typography-primary-font-family ), Sans-serif;font-weight:var( --e-global-typography-primary-font-weight );color:var( --e-global-color-primary );}.elementor-3275 .elementor-element.elementor-element-65a0d57{text-align:center;}.elementor-3275 .elementor-element.elementor-element-65a0d57 .elementor-heading-title{color:var( --e-global-color-b046fbd );}.elementor-3275 .elementor-element.elementor-element-65a0d57.xpro-widget-bg-overlay:before{transition:background 0.3s;}.elementor-3275 .elementor-element.elementor-element-0b56467{--spacer-size:25px;}.elementor-3275 .elementor-element.elementor-element-0b56467.xpro-widget-bg-overlay:before{transition:background 0.3s;}.elementor-3275 .elementor-element.elementor-element-e49c06f{--e-image-carousel-slides-to-show:3;}.elementor-3275 .elementor-element.elementor-element-e49c06f .swiper-wrapper{display:flex;align-items:flex-end;}.elementor-3275 .elementor-element.elementor-element-e49c06f .elementor-image-carousel-wrapper .elementor-image-carousel .swiper-slide-image{border-radius:10px 10px 10px 10px;}.elementor-3275 .elementor-element.elementor-element-e49c06f .elementor-image-carousel-caption{text-align:center;color:var( --e-global-color-b046fbd );font-size:20px;font-weight:700;text-transform:uppercase;font-style:normal;}.elementor-3275 .elementor-element.elementor-element-e49c06f.xpro-widget-bg-overlay:before{transition:background 0.3s;}@media(max-width:767px){.elementor-3275 .elementor-element.elementor-element-65a0d57{text-align:center;}}<\/style>\t\t<div data-elementor-type=\"container\" data-elementor-id=\"3275\" class=\"elementor elementor-3275\" data-elementor-post-type=\"elementor_library\">\n\t\t\t\t\t\t<section class=\"elementor-section elementor-top-section elementor-element elementor-element-22a7556 elementor-section-boxed elementor-section-height-default elementor-section-height-default\" data-id=\"22a7556\" data-element_type=\"section\" data-e-type=\"section\" data-settings=\"{&quot;background_background&quot;:&quot;classic&quot;}\">\n\t\t\t\t\t\t<div class=\"elementor-container elementor-column-gap-default\">\n\t\t\t\t\t<div class=\"elementor-column elementor-col-100 elementor-top-column elementor-element elementor-element-fc90c8e\" data-id=\"fc90c8e\" data-element_type=\"column\" data-e-type=\"column\">\n\t\t\t<div class=\"elementor-widget-wrap elementor-element-populated\">\n\t\t\t\t\t\t<div class=\"elementor-element elementor-element-65a0d57 animated-slow elementor-invisible elementor-widget elementor-widget-heading\" data-id=\"65a0d57\" data-element_type=\"widget\" data-e-type=\"widget\" data-settings=\"{&quot;_animation&quot;:&quot;fadeInDown&quot;}\" data-widget_type=\"heading.default\">\n\t\t\t\t<div class=\"elementor-widget-container\">\n\t\t\t\t\t<h2 class=\"elementor-heading-title elementor-size-default\">Nos projets<\/h2>\t\t\t\t<\/div>\n\t\t\t\t<\/div>\n\t\t\t\t<div class=\"elementor-element elementor-element-0b56467 elementor-widget elementor-widget-spacer\" data-id=\"0b56467\" data-element_type=\"widget\" data-e-type=\"widget\" data-widget_type=\"spacer.default\">\n\t\t\t\t<div class=\"elementor-widget-container\">\n\t\t\t\t\t\t\t<div class=\"elementor-spacer\">\n\t\t\t<div class=\"elementor-spacer-inner\"><\/div>\n\t\t<\/div>\n\t\t\t\t\t\t<\/div>\n\t\t\t\t<\/div>\n\t\t\t\t<div class=\"elementor-element elementor-element-e49c06f elementor-arrows-position-inside elementor-pagination-position-outside elementor-widget elementor-widget-image-carousel\" data-id=\"e49c06f\" data-element_type=\"widget\" data-e-type=\"widget\" data-settings=\"{&quot;slides_to_show&quot;:&quot;3&quot;,&quot;autoplay_speed&quot;:3000,&quot;navigation&quot;:&quot;both&quot;,&quot;autoplay&quot;:&quot;yes&quot;,&quot;pause_on_hover&quot;:&quot;yes&quot;,&quot;pause_on_interaction&quot;:&quot;yes&quot;,&quot;infinite&quot;:&quot;yes&quot;,&quot;speed&quot;:500,&quot;image_spacing_custom&quot;:{&quot;unit&quot;:&quot;px&quot;,&quot;size&quot;:20,&quot;sizes&quot;:[]},&quot;image_spacing_custom_tablet&quot;:{&quot;unit&quot;:&quot;px&quot;,&quot;size&quot;:&quot;&quot;,&quot;sizes&quot;:[]},&quot;image_spacing_custom_mobile&quot;:{&quot;unit&quot;:&quot;px&quot;,&quot;size&quot;:&quot;&quot;,&quot;sizes&quot;:[]}}\" data-widget_type=\"image-carousel.default\">\n\t\t\t\t<div class=\"elementor-widget-container\">\n\t\t\t\t\t\t\t<div class=\"elementor-image-carousel-wrapper swiper\" role=\"region\" aria-roledescription=\"carousel\" aria-label=\"Image Carrousel\" dir=\"ltr\">\n\t\t\t<div class=\"elementor-image-carousel swiper-wrapper\" aria-live=\"off\">\n\t\t\t\t\t\t\t\t<div class=\"swiper-slide\" role=\"group\" aria-roledescription=\"slide\" aria-label=\"1 de 3\"><figure class=\"swiper-slide-inner\"><img decoding=\"async\" class=\"swiper-slide-image\" src=\"https:\/\/unisource-future.com\/wp-content\/uploads\/2025\/11\/SolarCompliance-\u2013-PV-Anlage-nach-Solarpaket-Verordnung-umgesetzt.jpg\" alt=\"SolarCompliance - Installation PV mise en \u0153uvre conform\u00e9ment au r\u00e8glement sur le paquet solaire\" \/><figcaption class=\"elementor-image-carousel-caption\">SolarCompliance - Installation PV mise en \u0153uvre conform\u00e9ment au r\u00e8glement sur le paquet solaire<\/figcaption><\/figure><\/div><div class=\"swiper-slide\" role=\"group\" aria-roledescription=\"slide\" aria-label=\"2 sur 3\"><figure class=\"swiper-slide-inner\"><img decoding=\"async\" class=\"swiper-slide-image\" src=\"https:\/\/unisource-future.com\/wp-content\/uploads\/2025\/11\/PV.Connect.HS-\u2013-Aufdachanlage-mit-Hochspannungsintegration.jpg\" alt=\"PV.Connect.HS - Installation sur toiture avec int\u00e9gration haute tension\" \/><figcaption class=\"elementor-image-carousel-caption\">PV.Connect.HS - <a href=\"https:\/\/unisource-future.com\/fr\/conception-dinstallations-photovoltaiques-sur-toiture\/\" data-internallinksmanager029f6b8e52c=\"12\" title=\"https:\/\/unisource-future.com\/projektierung-photovoltaik-aufdachanlagen\/\">Installation sur toiture<\/a> avec int\u00e9gration haute tension<\/figcaption><\/figure><\/div><div class=\"swiper-slide\" role=\"group\" aria-roledescription=\"slide\" aria-label=\"3 sur 3\"><figure class=\"swiper-slide-inner\"><img decoding=\"async\" class=\"swiper-slide-image\" src=\"https:\/\/unisource-future.com\/wp-content\/uploads\/2025\/11\/PV.Connect.MS-\u2013-Aufdachanlage-mit-Mittelspannungsanbindung-fuer-Industrie.jpg\" alt=\"PV.Connect.MS - Installation sur toiture avec raccordement moyenne tension pour l&#039;industrie\" \/><figcaption class=\"elementor-image-carousel-caption\">PV.Connect.MS - Installation sur toiture avec raccordement moyenne tension pour <a href=\"https:\/\/unisource-future.com\/fr\/conseil-pour-le-commerce-et-lindustrie\/\" data-internallinksmanager029f6b8e52c=\"47\" title=\"https:\/\/unisource-future.com\/beratung-fuer-gewerbe-und-industrie\/\">Industrie<\/a><\/figcaption><\/figure><\/div>\t\t\t<\/div>\n\t\t\t\t\t\t\t\t\t\t\t\t<div class=\"elementor-swiper-button elementor-swiper-button-prev\" role=\"button\" tabindex=\"0\">\n\t\t\t\t\t\t<svg aria-hidden=\"true\" class=\"e-font-icon-svg e-eicon-chevron-left\" viewbox=\"0 0 1000 1000\" xmlns=\"http:\/\/www.w3.org\/2000\/svg\"><path d=\"M646 125C629 125 613 133 604 142L308 442C296 454 292 471 292 487 292 504 296 521 308 533L604 854C617 867 629 875 646 875 663 875 679 871 692 858 704 846 713 829 713 812 713 796 708 779 692 767L438 487 692 225C700 217 708 204 708 187 708 171 704 154 692 142 675 129 663 125 646 125Z\"><\/path><\/svg>\t\t\t\t\t<\/div>\n\t\t\t\t\t<div class=\"elementor-swiper-button elementor-swiper-button-next\" role=\"button\" tabindex=\"0\">\n\t\t\t\t\t\t<svg aria-hidden=\"true\" class=\"e-font-icon-svg e-eicon-chevron-right\" viewbox=\"0 0 1000 1000\" xmlns=\"http:\/\/www.w3.org\/2000\/svg\"><path d=\"M696 533C708 521 713 504 713 487 713 471 708 454 696 446L400 146C388 133 375 125 354 125 338 125 325 129 313 142 300 154 292 171 292 187 292 204 296 221 308 233L563 492 304 771C292 783 288 800 288 817 288 833 296 850 308 863 321 871 338 875 354 875 371 875 388 867 400 854L696 533Z\"><\/path><\/svg>\t\t\t\t\t<\/div>\n\t\t\t\t\n\t\t\t\t\t\t\t\t\t<div class=\"swiper-pagination\"><\/div>\n\t\t\t\t\t\t\t\t\t<\/div>\n\t\t\t\t\t\t<\/div>\n\t\t\t\t<\/div>\n\t\t\t\t\t<\/div>\n\t\t<\/div>\n\t\t\t\t\t<\/div>\n\t\t<\/section>\n\t\t\t\t<\/div>\n\t\t\t\t\t\t<\/div>\n\t\t\t\t<\/div>\n\t\t\t\t\t<\/div>\n\t\t\t\t<\/div>\n\t\t\t\t<\/div>","protected":false},"excerpt":{"rendered":"<p>Wer wir sind und wof\u00fcr wir stehen Technische Kompetenz. Pers\u00f6nliches Engagement. Klare Haltung. Hinter jedem erfolgreichen Projekt stehen Menschen mit Vision, Erfahrung und \u00dcberzeugung. Wir sind ein interdisziplin\u00e4res Team aus Technik, Projektmanagement, Beratung und Kommunikation \u2013 verbunden durch ein gemeinsames Ziel: den nachhaltigen Wandel des Energiesystems aktiv mitzugestalten. Kontakt aufnehmen Unser Weg begann mit pers\u00f6nlichem [&hellip;]<\/p>\n","protected":false},"author":1,"featured_media":3010,"parent":0,"menu_order":0,"comment_status":"closed","ping_status":"closed","template":"elementor_header_footer","meta":{"footnotes":""},"class_list":["post-3529","page","type-page","status-publish","has-post-thumbnail","hentry"],"_links":{"self":[{"href":"https:\/\/unisource-future.com\/fr\/wp-json\/wp\/v2\/pages\/3529","targetHints":{"allow":["GET"]}}],"collection":[{"href":"https:\/\/unisource-future.com\/fr\/wp-json\/wp\/v2\/pages"}],"about":[{"href":"https:\/\/unisource-future.com\/fr\/wp-json\/wp\/v2\/types\/page"}],"author":[{"embeddable":true,"href":"https:\/\/unisource-future.com\/fr\/wp-json\/wp\/v2\/users\/1"}],"replies":[{"embeddable":true,"href":"https:\/\/unisource-future.com\/fr\/wp-json\/wp\/v2\/comments?post=3529"}],"version-history":[{"count":10,"href":"https:\/\/unisource-future.com\/fr\/wp-json\/wp\/v2\/pages\/3529\/revisions"}],"predecessor-version":[{"id":3830,"href":"https:\/\/unisource-future.com\/fr\/wp-json\/wp\/v2\/pages\/3529\/revisions\/3830"}],"wp:featuredmedia":[{"embeddable":true,"href":"https:\/\/unisource-future.com\/fr\/wp-json\/wp\/v2\/media\/3010"}],"wp:attachment":[{"href":"https:\/\/unisource-future.com\/fr\/wp-json\/wp\/v2\/media?parent=3529"}],"curies":[{"name":"wp","href":"https:\/\/api.w.org\/{rel}","templated":true}]}}