{"id":523,"date":"2025-07-24T18:37:33","date_gmt":"2025-07-24T16:37:33","guid":{"rendered":"https:\/\/unisource-future.com\/?page_id=523"},"modified":"2025-11-19T15:53:10","modified_gmt":"2025-11-19T14:53:10","slug":"planungs-ingenieurbuero-fuer-erneuerbare-energien","status":"publish","type":"page","link":"https:\/\/unisource-future.com\/fr\/planungs-ingenieurbuero-fuer-erneuerbare-energien\/","title":{"rendered":"Planungs- &#038; Ingenieurb\u00fcro f\u00fcr Erneuerbare Energien"},"content":{"rendered":"<div data-elementor-type=\"wp-page\" data-elementor-id=\"523\" class=\"elementor elementor-523\" data-elementor-post-type=\"page\">\n\t\t\t\t<div class=\"elementor-element elementor-element-0247702 elementor-hidden-tablet elementor-hidden-mobile e-flex e-con-boxed e-con e-parent\" data-id=\"0247702\" data-element_type=\"container\" data-e-type=\"container\" data-settings=\"{&quot;background_background&quot;:&quot;classic&quot;}\">\n\t\t\t\t\t<div class=\"e-con-inner\">\n\t\t\t\t<div class=\"elementor-element elementor-element-22ed71b animated-slow elementor-widget__width-initial elementor-widget-tablet__width-initial elementor-invisible elementor-widget elementor-widget-heading\" data-id=\"22ed71b\" data-element_type=\"widget\" data-e-type=\"widget\" data-settings=\"{&quot;_animation&quot;:&quot;fadeInDown&quot;}\" data-widget_type=\"heading.default\">\n\t\t\t\t<div class=\"elementor-widget-container\">\n\t\t\t\t\t<h1 class=\"elementor-heading-title elementor-size-default\">Planungs- &amp; Ingenieur&shy;b\u00fcro f\u00fcr Erneuerbare Energien<\/h1>\t\t\t\t<\/div>\n\t\t\t\t<\/div>\n\t\t<div class=\"elementor-element elementor-element-667a574 e-grid e-con-full e-con e-child\" data-id=\"667a574\" data-element_type=\"container\" data-e-type=\"container\">\n\t\t\t\t<div class=\"elementor-element elementor-element-3e8a62e elementor-mobile-align-left elementor-widget elementor-widget-xpro-button\" data-id=\"3e8a62e\" data-element_type=\"widget\" data-e-type=\"widget\" data-widget_type=\"xpro-button.default\">\n\t\t\t\t<div class=\"elementor-widget-container\">\n\t\t\t\t\t\n<a  href=\"#kontakt\" class=\"xpro-elementor-button xpro-elementor-button-animation-none xpro-align-icon-right\">\n<span class=\"xpro-elementor-button-inner\">\n<span class=\"xpro-button-text\">Contact<\/span>\n<\/span>\n<\/a>\n\t\t\t\t<\/div>\n\t\t\t\t<\/div>\n\t\t\t\t<\/div>\n\t\t\t\t\t<\/div>\n\t\t\t\t<\/div>\n\t\t<div class=\"elementor-element elementor-element-49d0eb7 e-flex e-con-boxed e-con e-parent\" data-id=\"49d0eb7\" data-element_type=\"container\" data-e-type=\"container\" data-settings=\"{&quot;background_background&quot;:&quot;classic&quot;}\">\n\t\t\t\t\t<div class=\"e-con-inner\">\n\t\t\t\t<div class=\"elementor-element elementor-element-2ec521b animated-slow elementor-invisible elementor-widget elementor-widget-heading\" data-id=\"2ec521b\" data-element_type=\"widget\" data-e-type=\"widget\" data-settings=\"{&quot;_animation&quot;:&quot;fadeInDown&quot;}\" data-widget_type=\"heading.default\">\n\t\t\t\t<div class=\"elementor-widget-container\">\n\t\t\t\t\t<h2 class=\"elementor-heading-title elementor-size-default\">Ihr Partner f\u00fcr die Energie&shy;wende<\/h2>\t\t\t\t<\/div>\n\t\t\t\t<\/div>\n\t\t\t\t<div class=\"elementor-element elementor-element-d403943 elementor-widget elementor-widget-heading\" data-id=\"d403943\" data-element_type=\"widget\" data-e-type=\"widget\" data-widget_type=\"heading.default\">\n\t\t\t\t<div class=\"elementor-widget-container\">\n\t\t\t\t\t<h4 class=\"elementor-heading-title elementor-size-default\">Planungs- &amp; Ingenieurb\u00fcro f\u00fcr Erneuerbare Energien<\/h4>\t\t\t\t<\/div>\n\t\t\t\t<\/div>\n\t\t\t\t<div class=\"elementor-element elementor-element-52cc149 animated-slow elementor-invisible elementor-widget elementor-widget-text-editor\" data-id=\"52cc149\" data-element_type=\"widget\" data-e-type=\"widget\" data-settings=\"{&quot;_animation&quot;:&quot;fadeIn&quot;}\" data-widget_type=\"text-editor.default\">\n\t\t\t\t<div class=\"elementor-widget-container\">\n\t\t\t\t\t\t\t\t\t<p><span style=\"font-weight: 400;\">Wir sind spezialisiert auf die technische Planung, Projektierung und <a href=\"https:\/\/unisource-future.com\/fr\/deroulement-et-mise-en-oeuvre\/\" data-internallinksmanager029f6b8e52c=\"11\" title=\"https:\/\/unisource-future.com\/abwicklung-und-umsetzung\/\">Mise en \u0153uvre<\/a> von L\u00f6sungen im Bereich <a href=\"https:\/\/unisource-future.com\/fr\/theme-du-secteur-des-energies-renouvelables\/\" data-internallinksmanager029f6b8e52c=\"30\" title=\"https:\/\/unisource-future.com\/themen-bereich-erneuerbare-energien\/\">\u00e9nergies renouvelables<\/a>. Als unabh\u00e4ngiges Planungs- und Ingenieurb\u00fcro unterst\u00fctzen wir Unternehmen, Kommunen, <a href=\"https:\/\/unisource-future.com\/fr\/conseil-aux-investisseurs\/\" data-internallinksmanager029f6b8e52c=\"50\" title=\"https:\/\/unisource-future.com\/beratung-fuer-investoren\/\">Investisseurs<\/a> und Projektentwickler dabei, nachhaltige Energieprojekte effizient, wirtschaftlich und zukunftssicher zu realisieren.<\/span><\/p><p><span style=\"font-weight: 400;\">Notre <strong>Leistungsspektrum<\/strong> umfasst die vollst\u00e4ndige Projektabwicklung \u2013 von der ersten Standortbewertung bis zur Inbetriebnahme. Ob <a href=\"https:\/\/unisource-future.com\/fr\/ingenierie-de-raccordement-au-reseau\/\" data-internallinksmanager029f6b8e52c=\"19\" title=\"https:\/\/unisource-future.com\/netzanschlussplanung-engineering\/\">Installations photovolta\u00efques sur toiture<\/a>, <a href=\"https:\/\/unisource-future.com\/fr\/ingenierie-de-raccordement-au-reseau-pour-installations-photovoltaiques-au-sol\/\" data-internallinksmanager029f6b8e52c=\"20\" title=\"https:\/\/unisource-future.com\/netzanschlussplanung-engineering-fuer-photovoltaik-freiflaechenanlagen\/\">Installations au sol<\/a>, <a href=\"https:\/\/unisource-future.com\/fr\/gestion-de-projets-denergie-eolienne\/\" data-internallinksmanager029f6b8e52c=\"14\" title=\"https:\/\/unisource-future.com\/projektierung-projektmanagement-fuer-windenergie\/\">\u00c9nergie \u00e9olienne<\/a>, <a href=\"https:\/\/unisource-future.com\/fr\/solutions-de-stockage-pour-les-energies-renouvelables\/\" data-internallinksmanager029f6b8e52c=\"31\" title=\"https:\/\/unisource-future.com\/speicherloesungen-fuer-erneuerbare-energien\/\">Solutions de stockage<\/a> oder gr\u00fcne <a href=\"https:\/\/unisource-future.com\/fr\/ingenierie-pour-projets-dhydrogene\/\" data-internallinksmanager029f6b8e52c=\"22\" title=\"https:\/\/unisource-future.com\/engineering-fuer-wasserstoffprojekte\/\">Projets li\u00e9s \u00e0 l'hydrog\u00e8ne<\/a>: Wir verbinden technisches Know-how mit regulatorischer Expertise und wirtschaftlicher Weitsicht.<\/span><\/p>\t\t\t\t\t\t\t\t<\/div>\n\t\t\t\t<\/div>\n\t\t\t\t\t<\/div>\n\t\t\t\t<\/div>\n\t\t<div class=\"elementor-element elementor-element-3ada93a e-flex e-con-boxed e-con e-parent\" data-id=\"3ada93a\" data-element_type=\"container\" data-e-type=\"container\" id=\"leistungen\" data-settings=\"{&quot;background_background&quot;:&quot;classic&quot;}\">\n\t\t\t\t\t<div class=\"e-con-inner\">\n\t\t<div class=\"elementor-element elementor-element-ad30c9f e-con-full e-flex e-con e-child\" data-id=\"ad30c9f\" data-element_type=\"container\" data-e-type=\"container\">\n\t\t\t\t<div class=\"elementor-element elementor-element-1aa21d7 elementor-widget elementor-widget-heading\" data-id=\"1aa21d7\" data-element_type=\"widget\" data-e-type=\"widget\" data-widget_type=\"heading.default\">\n\t\t\t\t<div class=\"elementor-widget-container\">\n\t\t\t\t\t<h3 class=\"elementor-heading-title elementor-size-default\">Unsere Leistungen im \u00dcberblick<\/h3>\t\t\t\t<\/div>\n\t\t\t\t<\/div>\n\t\t\t\t<div class=\"elementor-element elementor-element-c59e74b elementor-icon-list--layout-traditional elementor-list-item-link-full_width elementor-widget elementor-widget-icon-list\" data-id=\"c59e74b\" data-element_type=\"widget\" data-e-type=\"widget\" data-widget_type=\"icon-list.default\">\n\t\t\t\t<div class=\"elementor-widget-container\">\n\t\t\t\t\t\t\t<ul class=\"elementor-icon-list-items\">\n\t\t\t\t\t\t\t<li class=\"elementor-icon-list-item\">\n\t\t\t\t\t\t\t\t\t\t\t<span class=\"elementor-icon-list-icon\">\n\t\t\t\t\t\t\t<svg aria-hidden=\"true\" class=\"e-font-icon-svg e-fas-chevron-circle-right\" viewbox=\"0 0 512 512\" xmlns=\"http:\/\/www.w3.org\/2000\/svg\"><path d=\"M256 8c137 0 248 111 248 248S393 504 256 504 8 393 8 256 119 8 256 8zm113.9 231L234.4 103.5c-9.4-9.4-24.6-9.4-33.9 0l-17 17c-9.4 9.4-9.4 24.6 0 33.9L285.1 256 183.5 357.6c-9.4 9.4-9.4 24.6 0 33.9l17 17c9.4 9.4 24.6 9.4 33.9 0L369.9 273c9.4-9.4 9.4-24.6 0-34z\"><\/path><\/svg>\t\t\t\t\t\t<\/span>\n\t\t\t\t\t\t\t\t\t\t<span class=\"elementor-icon-list-text\">Planification technique &amp; conception d'installations<\/span>\n\t\t\t\t\t\t\t\t\t<\/li>\n\t\t\t\t\t\t\t\t<li class=\"elementor-icon-list-item\">\n\t\t\t\t\t\t\t\t\t\t\t<span class=\"elementor-icon-list-icon\">\n\t\t\t\t\t\t\t<svg aria-hidden=\"true\" class=\"e-font-icon-svg e-fas-chevron-circle-right\" viewbox=\"0 0 512 512\" xmlns=\"http:\/\/www.w3.org\/2000\/svg\"><path d=\"M256 8c137 0 248 111 248 248S393 504 256 504 8 393 8 256 119 8 256 8zm113.9 231L234.4 103.5c-9.4-9.4-24.6-9.4-33.9 0l-17 17c-9.4 9.4-9.4 24.6 0 33.9L285.1 256 183.5 357.6c-9.4 9.4-9.4 24.6 0 33.9l17 17c9.4 9.4 24.6 9.4 33.9 0L369.9 273c9.4-9.4 9.4-24.6 0-34z\"><\/path><\/svg>\t\t\t\t\t\t<\/span>\n\t\t\t\t\t\t\t\t\t\t<span class=\"elementor-icon-list-text\"><a href=\"https:\/\/unisource-future.com\/fr\/planification-du-raccordement-au-reseau\/\" data-internallinksmanager029f6b8e52c=\"18\" title=\"https:\/\/unisource-future.com\/netzanschlussplanung\/\">Planification du raccordement au r\u00e9seau<\/a> &amp; Engineering<\/span>\n\t\t\t\t\t\t\t\t\t<\/li>\n\t\t\t\t\t\t\t\t<li class=\"elementor-icon-list-item\">\n\t\t\t\t\t\t\t\t\t\t\t<span class=\"elementor-icon-list-icon\">\n\t\t\t\t\t\t\t<svg aria-hidden=\"true\" class=\"e-font-icon-svg e-fas-chevron-circle-right\" viewbox=\"0 0 512 512\" xmlns=\"http:\/\/www.w3.org\/2000\/svg\"><path d=\"M256 8c137 0 248 111 248 248S393 504 256 504 8 393 8 256 119 8 256 8zm113.9 231L234.4 103.5c-9.4-9.4-24.6-9.4-33.9 0l-17 17c-9.4 9.4-9.4 24.6 0 33.9L285.1 256 183.5 357.6c-9.4 9.4-9.4 24.6 0 33.9l17 17c9.4 9.4 24.6 9.4 33.9 0L369.9 273c9.4-9.4 9.4-24.6 0-34z\"><\/path><\/svg>\t\t\t\t\t\t<\/span>\n\t\t\t\t\t\t\t\t\t\t<span class=\"elementor-icon-list-text\">Projektentwicklung &amp; Baukoordination<\/span>\n\t\t\t\t\t\t\t\t\t<\/li>\n\t\t\t\t\t\t\t\t<li class=\"elementor-icon-list-item\">\n\t\t\t\t\t\t\t\t\t\t\t<span class=\"elementor-icon-list-icon\">\n\t\t\t\t\t\t\t<svg aria-hidden=\"true\" class=\"e-font-icon-svg e-fas-chevron-circle-right\" viewbox=\"0 0 512 512\" xmlns=\"http:\/\/www.w3.org\/2000\/svg\"><path d=\"M256 8c137 0 248 111 248 248S393 504 256 504 8 393 8 256 119 8 256 8zm113.9 231L234.4 103.5c-9.4-9.4-24.6-9.4-33.9 0l-17 17c-9.4 9.4-9.4 24.6 0 33.9L285.1 256 183.5 357.6c-9.4 9.4-9.4 24.6 0 33.9l17 17c9.4 9.4 24.6 9.4 33.9 0L369.9 273c9.4-9.4 9.4-24.6 0-34z\"><\/path><\/svg>\t\t\t\t\t\t<\/span>\n\t\t\t\t\t\t\t\t\t\t<span class=\"elementor-icon-list-text\">Wirtschaftlichkeitsberechnungen &amp; F\u00f6rdermittelberatung<\/span>\n\t\t\t\t\t\t\t\t\t<\/li>\n\t\t\t\t\t\t\t\t<li class=\"elementor-icon-list-item\">\n\t\t\t\t\t\t\t\t\t\t\t<span class=\"elementor-icon-list-icon\">\n\t\t\t\t\t\t\t<svg aria-hidden=\"true\" class=\"e-font-icon-svg e-fas-chevron-circle-right\" viewbox=\"0 0 512 512\" xmlns=\"http:\/\/www.w3.org\/2000\/svg\"><path d=\"M256 8c137 0 248 111 248 248S393 504 256 504 8 393 8 256 119 8 256 8zm113.9 231L234.4 103.5c-9.4-9.4-24.6-9.4-33.9 0l-17 17c-9.4 9.4-9.4 24.6 0 33.9L285.1 256 183.5 357.6c-9.4 9.4-9.4 24.6 0 33.9l17 17c9.4 9.4 24.6 9.4 33.9 0L369.9 273c9.4-9.4 9.4-24.6 0-34z\"><\/path><\/svg>\t\t\t\t\t\t<\/span>\n\t\t\t\t\t\t\t\t\t\t<span class=\"elementor-icon-list-text\">Genehmigungsmanagement &amp; Beh\u00f6rdenkommunikation<\/span>\n\t\t\t\t\t\t\t\t\t<\/li>\n\t\t\t\t\t\t\t\t<li class=\"elementor-icon-list-item\">\n\t\t\t\t\t\t\t\t\t\t\t<span class=\"elementor-icon-list-icon\">\n\t\t\t\t\t\t\t<svg aria-hidden=\"true\" class=\"e-font-icon-svg e-fas-chevron-circle-right\" viewbox=\"0 0 512 512\" xmlns=\"http:\/\/www.w3.org\/2000\/svg\"><path d=\"M256 8c137 0 248 111 248 248S393 504 256 504 8 393 8 256 119 8 256 8zm113.9 231L234.4 103.5c-9.4-9.4-24.6-9.4-33.9 0l-17 17c-9.4 9.4-9.4 24.6 0 33.9L285.1 256 183.5 357.6c-9.4 9.4-9.4 24.6 0 33.9l17 17c9.4 9.4 24.6 9.4 33.9 0L369.9 273c9.4-9.4 9.4-24.6 0-34z\"><\/path><\/svg>\t\t\t\t\t\t<\/span>\n\t\t\t\t\t\t\t\t\t\t<span class=\"elementor-icon-list-text\">Strategische Energieberatung &amp; Machbarkeitsstudien<\/span>\n\t\t\t\t\t\t\t\t\t<\/li>\n\t\t\t\t\t\t<\/ul>\n\t\t\t\t\t\t<\/div>\n\t\t\t\t<\/div>\n\t\t\t\t<div class=\"elementor-element elementor-element-778e250 elementor-widget elementor-widget-heading\" data-id=\"778e250\" data-element_type=\"widget\" data-e-type=\"widget\" data-widget_type=\"heading.default\">\n\t\t\t\t<div class=\"elementor-widget-container\">\n\t\t\t\t\t<h4 class=\"elementor-heading-title elementor-size-default\">Unsere St\u00e4rke liegt in der Verbindung von Technik und Strategie.<\/h4>\t\t\t\t<\/div>\n\t\t\t\t<\/div>\n\t\t\t\t<div class=\"elementor-element elementor-element-3f4807b animated-slow elementor-invisible elementor-widget elementor-widget-text-editor\" data-id=\"3f4807b\" data-element_type=\"widget\" data-e-type=\"widget\" data-settings=\"{&quot;_animation&quot;:&quot;fadeIn&quot;}\" data-widget_type=\"text-editor.default\">\n\t\t\t\t<div class=\"elementor-widget-container\">\n\t\t\t\t\t\t\t\t\t<p data-start=\"1150\" data-end=\"1308\"><span style=\"font-weight: 400;\">Mit einem interdisziplin\u00e4ren Team aus Ingenieuren, Energieexperten und Projektmanagern entwickeln wir ma\u00dfgeschneiderte Energiel\u00f6sungen, die sowohl technisch ausgereift als auch wirtschaftlich tragf\u00e4hig sind. Wir begleiten Sie durch komplexe Planungsprozesse, koordinieren Genehmigungsverfahren und schaffen sichere Grundlagen f\u00fcr Investitionen.<\/span><\/p>\t\t\t\t\t\t\t\t<\/div>\n\t\t\t\t<\/div>\n\t\t\t\t<div class=\"elementor-element elementor-element-2c2c751 elementor-widget elementor-widget-xpro-button\" data-id=\"2c2c751\" data-element_type=\"widget\" data-e-type=\"widget\" data-widget_type=\"xpro-button.default\">\n\t\t\t\t<div class=\"elementor-widget-container\">\n\t\t\t\t\t\n<a  href=\"#kontakt\" class=\"xpro-elementor-button xpro-elementor-button-animation-none xpro-align-icon-right\">\n<span class=\"xpro-elementor-button-inner\">\n<span class=\"xpro-button-text\">Prendre contact<\/span>\n<\/span>\n<\/a>\n\t\t\t\t<\/div>\n\t\t\t\t<\/div>\n\t\t\t\t<\/div>\n\t\t<div class=\"elementor-element elementor-element-e1110ac e-con-full elementor-hidden-tablet elementor-hidden-mobile e-flex e-con e-child\" data-id=\"e1110ac\" data-element_type=\"container\" data-e-type=\"container\">\n\t\t\t\t<div class=\"elementor-element elementor-element-229a041 elementor-widget elementor-widget-image\" data-id=\"229a041\" data-element_type=\"widget\" data-e-type=\"widget\" data-widget_type=\"image.default\">\n\t\t\t\t<div class=\"elementor-widget-container\">\n\t\t\t\t\t\t\t\t\t\t\t\t\t\t\t<img fetchpriority=\"high\" decoding=\"async\" width=\"681\" height=\"1024\" src=\"https:\/\/unisource-future.com\/wp-content\/uploads\/2025\/07\/Partner-fuer-die-Energiewende-681x1024.jpg\" class=\"attachment-large size-large wp-image-546\" alt=\"Partner f\u00fcr die Energiewende\" srcset=\"https:\/\/unisource-future.com\/wp-content\/uploads\/2025\/07\/Partner-fuer-die-Energiewende-681x1024.jpg 681w, https:\/\/unisource-future.com\/wp-content\/uploads\/2025\/07\/Partner-fuer-die-Energiewende-199x300.jpg 199w, https:\/\/unisource-future.com\/wp-content\/uploads\/2025\/07\/Partner-fuer-die-Energiewende-768x1155.jpg 768w, https:\/\/unisource-future.com\/wp-content\/uploads\/2025\/07\/Partner-fuer-die-Energiewende.jpg 851w\" sizes=\"(max-width: 681px) 100vw, 681px\" title=\"Partner f\u00fcr die Energiewende\" \/>\t\t\t\t\t\t\t\t\t\t\t\t\t\t\t<\/div>\n\t\t\t\t<\/div>\n\t\t\t\t<\/div>\n\t\t\t\t\t<\/div>\n\t\t\t\t<\/div>\n\t\t<div class=\"elementor-element elementor-element-2f52a41 e-flex e-con-boxed e-con e-parent\" data-id=\"2f52a41\" data-element_type=\"container\" data-e-type=\"container\">\n\t\t\t\t\t<div class=\"e-con-inner\">\n\t\t\t\t<div class=\"elementor-element elementor-element-a02e7fd elementor-widget elementor-widget-xpro-template\" data-id=\"a02e7fd\" data-element_type=\"widget\" data-e-type=\"widget\" data-widget_type=\"xpro-template.default\">\n\t\t\t\t<div class=\"elementor-widget-container\">\n\t\t\t\t\t<style>.elementor-3275 .elementor-element.elementor-element-22a7556 > .elementor-container{max-width:1170px;}.elementor-3275 .elementor-element.elementor-element-22a7556{transition:background 0.3s, border 0.3s, border-radius 0.3s, box-shadow 0.3s;padding:4rem 0.9375rem 4rem 0.9375rem;}.elementor-3275 .elementor-element.elementor-element-22a7556 > .elementor-background-overlay{transition:background 0.3s, border-radius 0.3s, opacity 0.3s;}.elementor-3275 .elementor-element.elementor-element-fc90c8e.elementor-column > .elementor-widget-wrap{justify-content:center;}.elementor-widget-heading .elementor-heading-title{font-family:var( --e-global-typography-primary-font-family ), Sans-serif;font-weight:var( --e-global-typography-primary-font-weight );color:var( --e-global-color-primary );}.elementor-3275 .elementor-element.elementor-element-65a0d57{text-align:center;}.elementor-3275 .elementor-element.elementor-element-65a0d57 .elementor-heading-title{color:var( --e-global-color-b046fbd );}.elementor-3275 .elementor-element.elementor-element-65a0d57.xpro-widget-bg-overlay:before{transition:background 0.3s;}.elementor-3275 .elementor-element.elementor-element-0b56467{--spacer-size:25px;}.elementor-3275 .elementor-element.elementor-element-0b56467.xpro-widget-bg-overlay:before{transition:background 0.3s;}.elementor-3275 .elementor-element.elementor-element-e49c06f{--e-image-carousel-slides-to-show:3;}.elementor-3275 .elementor-element.elementor-element-e49c06f .swiper-wrapper{display:flex;align-items:flex-end;}.elementor-3275 .elementor-element.elementor-element-e49c06f .elementor-image-carousel-wrapper .elementor-image-carousel .swiper-slide-image{border-radius:10px 10px 10px 10px;}.elementor-3275 .elementor-element.elementor-element-e49c06f .elementor-image-carousel-caption{text-align:center;color:var( --e-global-color-b046fbd );font-size:20px;font-weight:700;text-transform:uppercase;font-style:normal;}.elementor-3275 .elementor-element.elementor-element-e49c06f.xpro-widget-bg-overlay:before{transition:background 0.3s;}@media(max-width:767px){.elementor-3275 .elementor-element.elementor-element-65a0d57{text-align:center;}}<\/style>\t\t<div data-elementor-type=\"container\" data-elementor-id=\"3275\" class=\"elementor elementor-3275\" data-elementor-post-type=\"elementor_library\">\n\t\t\t\t\t\t<section class=\"elementor-section elementor-top-section elementor-element elementor-element-22a7556 elementor-section-boxed elementor-section-height-default elementor-section-height-default\" data-id=\"22a7556\" data-element_type=\"section\" data-e-type=\"section\" data-settings=\"{&quot;background_background&quot;:&quot;classic&quot;}\">\n\t\t\t\t\t\t<div class=\"elementor-container elementor-column-gap-default\">\n\t\t\t\t\t<div class=\"elementor-column elementor-col-100 elementor-top-column elementor-element elementor-element-fc90c8e\" data-id=\"fc90c8e\" data-element_type=\"column\" data-e-type=\"column\">\n\t\t\t<div class=\"elementor-widget-wrap elementor-element-populated\">\n\t\t\t\t\t\t<div class=\"elementor-element elementor-element-65a0d57 animated-slow elementor-invisible elementor-widget elementor-widget-heading\" data-id=\"65a0d57\" data-element_type=\"widget\" data-e-type=\"widget\" data-settings=\"{&quot;_animation&quot;:&quot;fadeInDown&quot;}\" data-widget_type=\"heading.default\">\n\t\t\t\t<div class=\"elementor-widget-container\">\n\t\t\t\t\t<h2 class=\"elementor-heading-title elementor-size-default\">Nos projets<\/h2>\t\t\t\t<\/div>\n\t\t\t\t<\/div>\n\t\t\t\t<div class=\"elementor-element elementor-element-0b56467 elementor-widget elementor-widget-spacer\" data-id=\"0b56467\" data-element_type=\"widget\" data-e-type=\"widget\" data-widget_type=\"spacer.default\">\n\t\t\t\t<div class=\"elementor-widget-container\">\n\t\t\t\t\t\t\t<div class=\"elementor-spacer\">\n\t\t\t<div class=\"elementor-spacer-inner\"><\/div>\n\t\t<\/div>\n\t\t\t\t\t\t<\/div>\n\t\t\t\t<\/div>\n\t\t\t\t<div class=\"elementor-element elementor-element-e49c06f elementor-arrows-position-inside elementor-pagination-position-outside elementor-widget elementor-widget-image-carousel\" data-id=\"e49c06f\" data-element_type=\"widget\" data-e-type=\"widget\" data-settings=\"{&quot;slides_to_show&quot;:&quot;3&quot;,&quot;autoplay_speed&quot;:3000,&quot;navigation&quot;:&quot;both&quot;,&quot;autoplay&quot;:&quot;yes&quot;,&quot;pause_on_hover&quot;:&quot;yes&quot;,&quot;pause_on_interaction&quot;:&quot;yes&quot;,&quot;infinite&quot;:&quot;yes&quot;,&quot;speed&quot;:500,&quot;image_spacing_custom&quot;:{&quot;unit&quot;:&quot;px&quot;,&quot;size&quot;:20,&quot;sizes&quot;:[]},&quot;image_spacing_custom_tablet&quot;:{&quot;unit&quot;:&quot;px&quot;,&quot;size&quot;:&quot;&quot;,&quot;sizes&quot;:[]},&quot;image_spacing_custom_mobile&quot;:{&quot;unit&quot;:&quot;px&quot;,&quot;size&quot;:&quot;&quot;,&quot;sizes&quot;:[]}}\" data-widget_type=\"image-carousel.default\">\n\t\t\t\t<div class=\"elementor-widget-container\">\n\t\t\t\t\t\t\t<div class=\"elementor-image-carousel-wrapper swiper\" role=\"region\" aria-roledescription=\"carousel\" aria-label=\"Image Carrousel\" dir=\"ltr\">\n\t\t\t<div class=\"elementor-image-carousel swiper-wrapper\" aria-live=\"off\">\n\t\t\t\t\t\t\t\t<div class=\"swiper-slide\" role=\"group\" aria-roledescription=\"slide\" aria-label=\"1 of 3\" data-no-translation-aria-label=\"\"><figure class=\"swiper-slide-inner\"><img decoding=\"async\" class=\"swiper-slide-image\" src=\"https:\/\/unisource-future.com\/wp-content\/uploads\/2025\/11\/SolarCompliance-\u2013-PV-Anlage-nach-Solarpaket-Verordnung-umgesetzt.jpg\" alt=\"SolarCompliance - Installation PV mise en \u0153uvre conform\u00e9ment au r\u00e8glement sur le paquet solaire\" \/><figcaption class=\"elementor-image-carousel-caption\">SolarCompliance - Installation PV mise en \u0153uvre conform\u00e9ment au r\u00e8glement sur le paquet solaire<\/figcaption><\/figure><\/div><div class=\"swiper-slide\" role=\"group\" aria-roledescription=\"slide\" aria-label=\"2 of 3\" data-no-translation-aria-label=\"\"><figure class=\"swiper-slide-inner\"><img decoding=\"async\" class=\"swiper-slide-image\" src=\"https:\/\/unisource-future.com\/wp-content\/uploads\/2025\/11\/PV.Connect.HS-\u2013-Aufdachanlage-mit-Hochspannungsintegration.jpg\" alt=\"PV.Connect.HS - Installation sur toiture avec int\u00e9gration haute tension\" \/><figcaption class=\"elementor-image-carousel-caption\">PV.Connect.HS - <a href=\"https:\/\/unisource-future.com\/fr\/conception-dinstallations-photovoltaiques-sur-toiture\/\" data-internallinksmanager029f6b8e52c=\"12\" title=\"https:\/\/unisource-future.com\/projektierung-photovoltaik-aufdachanlagen\/\">Installation sur toiture<\/a> avec int\u00e9gration haute tension<\/figcaption><\/figure><\/div><div class=\"swiper-slide\" role=\"group\" aria-roledescription=\"slide\" aria-label=\"3 of 3\" data-no-translation-aria-label=\"\"><figure class=\"swiper-slide-inner\"><img decoding=\"async\" class=\"swiper-slide-image\" src=\"https:\/\/unisource-future.com\/wp-content\/uploads\/2025\/11\/PV.Connect.MS-\u2013-Aufdachanlage-mit-Mittelspannungsanbindung-fuer-Industrie.jpg\" alt=\"PV.Connect.MS - Installation sur toiture avec raccordement moyenne tension pour l&#039;industrie\" \/><figcaption class=\"elementor-image-carousel-caption\">PV.Connect.MS - Installation sur toiture avec raccordement moyenne tension pour <a href=\"https:\/\/unisource-future.com\/fr\/conseil-pour-le-commerce-et-lindustrie\/\" data-internallinksmanager029f6b8e52c=\"47\" title=\"https:\/\/unisource-future.com\/beratung-fuer-gewerbe-und-industrie\/\">Industrie<\/a><\/figcaption><\/figure><\/div>\t\t\t<\/div>\n\t\t\t\t\t\t\t\t\t\t\t\t<div class=\"elementor-swiper-button elementor-swiper-button-prev\" role=\"button\" tabindex=\"0\">\n\t\t\t\t\t\t<svg aria-hidden=\"true\" class=\"e-font-icon-svg e-eicon-chevron-left\" viewbox=\"0 0 1000 1000\" xmlns=\"http:\/\/www.w3.org\/2000\/svg\"><path d=\"M646 125C629 125 613 133 604 142L308 442C296 454 292 471 292 487 292 504 296 521 308 533L604 854C617 867 629 875 646 875 663 875 679 871 692 858 704 846 713 829 713 812 713 796 708 779 692 767L438 487 692 225C700 217 708 204 708 187 708 171 704 154 692 142 675 129 663 125 646 125Z\"><\/path><\/svg>\t\t\t\t\t<\/div>\n\t\t\t\t\t<div class=\"elementor-swiper-button elementor-swiper-button-next\" role=\"button\" tabindex=\"0\">\n\t\t\t\t\t\t<svg aria-hidden=\"true\" class=\"e-font-icon-svg e-eicon-chevron-right\" viewbox=\"0 0 1000 1000\" xmlns=\"http:\/\/www.w3.org\/2000\/svg\"><path d=\"M696 533C708 521 713 504 713 487 713 471 708 454 696 446L400 146C388 133 375 125 354 125 338 125 325 129 313 142 300 154 292 171 292 187 292 204 296 221 308 233L563 492 304 771C292 783 288 800 288 817 288 833 296 850 308 863 321 871 338 875 354 875 371 875 388 867 400 854L696 533Z\"><\/path><\/svg>\t\t\t\t\t<\/div>\n\t\t\t\t\n\t\t\t\t\t\t\t\t\t<div class=\"swiper-pagination\"><\/div>\n\t\t\t\t\t\t\t\t\t<\/div>\n\t\t\t\t\t\t<\/div>\n\t\t\t\t<\/div>\n\t\t\t\t\t<\/div>\n\t\t<\/div>\n\t\t\t\t\t<\/div>\n\t\t<\/section>\n\t\t\t\t<\/div>\n\t\t\t\t\t\t<\/div>\n\t\t\t\t<\/div>\n\t\t\t\t\t<\/div>\n\t\t\t\t<\/div>\n\t\t\t\t<\/div>","protected":false},"excerpt":{"rendered":"<p>Planungs- &amp; Ingenieur&shy;b\u00fcro f\u00fcr Erneuerbare Energien Kontakt Ihr Partner f\u00fcr die Energie&shy;wende Planungs- &amp; Ingenieurb\u00fcro f\u00fcr Erneuerbare Energien Wir sind spezialisiert auf die technische Planung, Projektierung und Umsetzung von L\u00f6sungen im Bereich erneuerbare Energien. Als unabh\u00e4ngiges Planungs- und Ingenieurb\u00fcro unterst\u00fctzen wir Unternehmen, Kommunen, Investoren und Projektentwickler dabei, nachhaltige Energieprojekte effizient, wirtschaftlich und zukunftssicher zu realisieren. [&hellip;]<\/p>\n","protected":false},"author":1,"featured_media":530,"parent":0,"menu_order":0,"comment_status":"closed","ping_status":"closed","template":"elementor_header_footer","meta":{"footnotes":""},"class_list":["post-523","page","type-page","status-publish","has-post-thumbnail","hentry"],"_links":{"self":[{"href":"https:\/\/unisource-future.com\/fr\/wp-json\/wp\/v2\/pages\/523","targetHints":{"allow":["GET"]}}],"collection":[{"href":"https:\/\/unisource-future.com\/fr\/wp-json\/wp\/v2\/pages"}],"about":[{"href":"https:\/\/unisource-future.com\/fr\/wp-json\/wp\/v2\/types\/page"}],"author":[{"embeddable":true,"href":"https:\/\/unisource-future.com\/fr\/wp-json\/wp\/v2\/users\/1"}],"replies":[{"embeddable":true,"href":"https:\/\/unisource-future.com\/fr\/wp-json\/wp\/v2\/comments?post=523"}],"version-history":[{"count":10,"href":"https:\/\/unisource-future.com\/fr\/wp-json\/wp\/v2\/pages\/523\/revisions"}],"predecessor-version":[{"id":3760,"href":"https:\/\/unisource-future.com\/fr\/wp-json\/wp\/v2\/pages\/523\/revisions\/3760"}],"wp:featuredmedia":[{"embeddable":true,"href":"https:\/\/unisource-future.com\/fr\/wp-json\/wp\/v2\/media\/530"}],"wp:attachment":[{"href":"https:\/\/unisource-future.com\/fr\/wp-json\/wp\/v2\/media?parent=523"}],"curies":[{"name":"wp","href":"https:\/\/api.w.org\/{rel}","templated":true}]}}