{"id":856,"date":"2025-07-30T10:04:47","date_gmt":"2025-07-30T08:04:47","guid":{"rendered":"https:\/\/unisource-future.com\/?page_id=856"},"modified":"2025-11-24T16:00:49","modified_gmt":"2025-11-24T15:00:49","slug":"mentions-legales","status":"publish","type":"page","link":"https:\/\/unisource-future.com\/fr\/mentions-legales\/","title":{"rendered":"Mentions l\u00e9gales"},"content":{"rendered":"<div data-elementor-type=\"wp-page\" data-elementor-id=\"856\" class=\"elementor elementor-856\" data-elementor-post-type=\"page\">\n\t\t\t\t<div class=\"elementor-element elementor-element-0247702 elementor-hidden-tablet elementor-hidden-mobile e-flex e-con-boxed e-con e-parent\" data-id=\"0247702\" data-element_type=\"container\" data-e-type=\"container\" data-settings=\"{&quot;background_background&quot;:&quot;classic&quot;}\">\n\t\t\t\t\t<div class=\"e-con-inner\">\n\t\t<div class=\"elementor-element elementor-element-7e766c4 e-con-full e-flex e-con e-child\" data-id=\"7e766c4\" data-element_type=\"container\" data-e-type=\"container\">\n\t\t\t\t<div class=\"elementor-element elementor-element-22ed71b animated-slow elementor-widget__width-initial elementor-invisible elementor-widget elementor-widget-heading\" data-id=\"22ed71b\" data-element_type=\"widget\" data-e-type=\"widget\" data-settings=\"{&quot;_animation&quot;:&quot;fadeInDown&quot;}\" data-widget_type=\"heading.default\">\n\t\t\t\t<div class=\"elementor-widget-container\">\n\t\t\t\t\t<h1 class=\"elementor-heading-title elementor-size-default\">Mentions l\u00e9gales<\/h1>\t\t\t\t<\/div>\n\t\t\t\t<\/div>\n\t\t\t\t<div class=\"elementor-element elementor-element-91ac654 elementor-mobile-align-center elementor-widget elementor-widget-xpro-button\" data-id=\"91ac654\" data-element_type=\"widget\" data-e-type=\"widget\" data-widget_type=\"xpro-button.default\">\n\t\t\t\t<div class=\"elementor-widget-container\">\n\t\t\t\t\t\n<a  href=\"#kontakt\" class=\"xpro-elementor-button xpro-elementor-button-animation-none xpro-align-icon-right\">\n<span class=\"xpro-elementor-button-inner\">\n<span class=\"xpro-button-text\">Contact<\/span>\n<\/span>\n<\/a>\n\t\t\t\t<\/div>\n\t\t\t\t<\/div>\n\t\t\t\t<\/div>\n\t\t\t\t\t<\/div>\n\t\t\t\t<\/div>\n\t\t<div class=\"elementor-element elementor-element-49d0eb7 e-flex e-con-boxed e-con e-parent\" data-id=\"49d0eb7\" data-element_type=\"container\" data-e-type=\"container\" data-settings=\"{&quot;background_background&quot;:&quot;classic&quot;}\">\n\t\t\t\t\t<div class=\"e-con-inner\">\n\t\t\t\t<div class=\"elementor-element elementor-element-afa4376 animated-slow elementor-invisible elementor-widget elementor-widget-heading\" data-id=\"afa4376\" data-element_type=\"widget\" data-e-type=\"widget\" data-settings=\"{&quot;_animation&quot;:&quot;fadeInDown&quot;}\" data-widget_type=\"heading.default\">\n\t\t\t\t<div class=\"elementor-widget-container\">\n\t\t\t\t\t<h1 class=\"elementor-heading-title elementor-size-default\">Informations sur le fournisseur de services<\/h1>\t\t\t\t<\/div>\n\t\t\t\t<\/div>\n\t\t\t\t<div class=\"elementor-element elementor-element-52cc149 animated-slow elementor-invisible elementor-widget elementor-widget-text-editor\" data-id=\"52cc149\" data-element_type=\"widget\" data-e-type=\"widget\" data-settings=\"{&quot;_animation&quot;:&quot;fadeIn&quot;}\" data-widget_type=\"text-editor.default\">\n\t\t\t\t<div class=\"elementor-widget-container\">\n\t\t\t\t\t\t\t\t\t<p><strong>Unisource GmbH<\/strong><br \/>Rue de l'Industrie 37b,<br \/>84570 Polling,<br \/>Allemagne<br \/>T\u00e9l. : +49 172 6401886<\/p><p>Registre : Registre du commerce<br \/>Num\u00e9ro d'enregistrement : HRB 32775<br \/>Tribunal d'enregistrement : Tribunal d'instance de Traunstein<br \/>Num\u00e9ro de TVA : DE366921253<\/p><p>Titre professionnel : <a href=\"https:\/\/unisource-future.com\/fr\/partenariat-dans-le-consulting-developpement-de-projets\/\" data-internallinksmanager029f6b8e52c=\"43\" title=\"https:\/\/unisource-future.com\/partnerschaft-in-consulting-projektentwicklung\/\">Conseil<\/a> et bureau d'ing\u00e9nieurs pour <a href=\"https:\/\/unisource-future.com\/fr\/theme-du-secteur-des-energies-renouvelables\/\" data-internallinksmanager029f6b8e52c=\"30\" title=\"https:\/\/unisource-future.com\/themen-bereich-erneuerbare-energien\/\">\u00c9nergie renouvelable<\/a><br \/>\u00c9tat d'attribution : Allemagne<br \/>Directeur g\u00e9n\u00e9ral : Stefan Niederhofer<br \/>Responsable de la protection des donn\u00e9es :<br \/>Stefan Niederhofer,<br \/>Place de l'\u00e9glise 10\/20,<br \/>A-4982 Obernberg am Inn<br \/>+49 172 6401886<br \/>Courrier \u00e9lectronique : <a href=\"mailto:stefan.niederhofer@unisource-future.com\">stefan.niederhofer@unisource-future.com<\/a><\/p><h3>Organe universel de conciliation<\/h3><p>Nous participons \u00e0 une proc\u00e9dure de r\u00e8glement des litiges devant un organisme de conciliation des consommateurs. Le site<br \/>l'organisme comp\u00e9tent est l'Office f\u00e9d\u00e9ral de conciliation universelle, Zentrums f\u00fcr Schlichtung e.V,<br \/>situ\u00e9 \u00e0 Strasburger Stra\u00dfe 8, 77694 Kehl am Rhein (https:\/\/www.verbraucherschlichter.de).<\/p><h3>Cr\u00e9dits photographiques<\/h3><p>Les images, photos et graphiques de ce site sont prot\u00e9g\u00e9s par des droits d'auteur.<\/p><p><strong>Les droits sur les images sont d\u00e9tenus par<\/strong><br \/>Stefan Niederhofer<br \/>Shutterstock<br \/>Tous les textes sont prot\u00e9g\u00e9s par des droits d'auteur.<\/p><p>Ic\u00f4ne utilis\u00e9e : Ic\u00f4ne photovolta\u00efque (Solar Panel Icon)<br \/>Cr\u00e9\u00e9 par Freepik, mis \u00e0 disposition par Flaticon.<br \/>Source : <a href=\"https:\/\/www.flaticon.com\/free-icons\/solar-panel\" target=\"_blank\" rel=\"noopener\">Ic\u00f4nes de panneaux solaires cr\u00e9\u00e9es par Freepik - Flaticon<\/a><\/p><p>Ic\u00f4ne utilis\u00e9e : Ic\u00f4ne de l'\u00e9nergie \u00e9olienne (<a href=\"https:\/\/unisource-future.com\/fr\/evaluation-du-site-eolien-pv\/\" data-internallinksmanager029f6b8e52c=\"3\" title=\"https:\/\/unisource-future.com\/standortbewertung-wind-pv\/\">Vent<\/a> Ic\u00f4ne de la turbine)<br \/>Cr\u00e9\u00e9 par Iconic Artisan, mis \u00e0 disposition par Flaticon.<br \/>Source : <a href=\"http:\/\/href=&quot;https:\/\/www.flaticon.com\/free-icons\/wind-turbine\" data-wplink-url-error=\"true\">Ic\u00f4nes d'\u00e9oliennes cr\u00e9\u00e9es par Iconic Artisan - Flaticon<\/a><\/p><p>Ic\u00f4ne utilis\u00e9e : <a href=\"https:\/\/unisource-future.com\/fr\/developpement-de-projets-dans-le-domaine-de-lhydrogene\/\" data-internallinksmanager029f6b8e52c=\"7\" title=\"https:\/\/unisource-future.com\/projektentwicklung-bereich-wasserstoff\/\">Hydrog\u00e8ne<\/a>-Ic\u00f4ne de l'hydrog\u00e8ne<br \/>Cr\u00e9\u00e9 par Smashicons, mis \u00e0 disposition par Flaticon.<br \/>Source :<br \/><a href=\"https:\/\/www.flaticon.com\/free-icons\/hydrogen\" target=\"_blank\" rel=\"noopener\">Ic\u00f4nes d'hydrog\u00e8ne cr\u00e9\u00e9es par Smashicons - Flaticon<\/a><\/p><p>Ic\u00f4ne utilis\u00e9e : Ic\u00f4ne de la batterie (Manufacturing \/ Battery Icon)<br \/>Cr\u00e9\u00e9 par kerismaker, mis \u00e0 disposition par Flaticon.<br \/>Source : <a href=\"http:\/\/href=&quot;https:\/\/www.flaticon.com\/free-icons\/manufacturing\" data-wplink-url-error=\"true\">Ic\u00f4nes de fabrication cr\u00e9\u00e9es par kerismaker - Flaticon<\/a><\/p><p><strong>Source<\/strong>: Cr\u00e9\u00e9 avec le <a href=\"https:\/\/www.adsimple.de\/impressum-generator\/\" target=\"_blank\" rel=\"noopener\">G\u00e9n\u00e9rateur de mentions l\u00e9gales<\/a> de AdSimple<\/p>\t\t\t\t\t\t\t\t<\/div>\n\t\t\t\t<\/div>\n\t\t\t\t\t<\/div>\n\t\t\t\t<\/div>\n\t\t\t\t<\/div>","protected":false},"excerpt":{"rendered":"<p>Impressum Kontakt Informationen \u00fcber den Diensteanbieter Unisource GmbHGewerbestra\u00dfe 37b,84570 Polling,DeutschlandTel.: +49 172 6401886 Register: HandelsregisterRegisternummer: HRB 32775Registergericht: Amtsgericht TraunsteinUSt-IdNr.: DE366921253 Berufsbezeichnung: Consulting und Ingenieurb\u00fcro f\u00fcr Erneuerbare EnergienVerleihungsstaat: DeutschlandGesch\u00e4ftsf\u00fchrer: Stefan NiederhoferDatenschutz Verantwortlicher:Stefan Niederhofer,Kirchenplatz 10\/20,A-4982 Obernberg am Inn+49 172 6401886E-Mail: stefan.niederhofer@unisource-future.com Universalschlichtungsstelle An einem Streitbeilegungsverfahren vor einer Verbraucherschlichtungsstelle nehmen wir teil. Diezust\u00e4ndige Stelle ist die Universalschlichtungsstelle des [&hellip;]<\/p>\n","protected":false},"author":1,"featured_media":860,"parent":0,"menu_order":0,"comment_status":"closed","ping_status":"closed","template":"elementor_header_footer","meta":{"footnotes":""},"class_list":["post-856","page","type-page","status-publish","has-post-thumbnail","hentry"],"_links":{"self":[{"href":"https:\/\/unisource-future.com\/fr\/wp-json\/wp\/v2\/pages\/856","targetHints":{"allow":["GET"]}}],"collection":[{"href":"https:\/\/unisource-future.com\/fr\/wp-json\/wp\/v2\/pages"}],"about":[{"href":"https:\/\/unisource-future.com\/fr\/wp-json\/wp\/v2\/types\/page"}],"author":[{"embeddable":true,"href":"https:\/\/unisource-future.com\/fr\/wp-json\/wp\/v2\/users\/1"}],"replies":[{"embeddable":true,"href":"https:\/\/unisource-future.com\/fr\/wp-json\/wp\/v2\/comments?post=856"}],"version-history":[{"count":10,"href":"https:\/\/unisource-future.com\/fr\/wp-json\/wp\/v2\/pages\/856\/revisions"}],"predecessor-version":[{"id":4147,"href":"https:\/\/unisource-future.com\/fr\/wp-json\/wp\/v2\/pages\/856\/revisions\/4147"}],"wp:featuredmedia":[{"embeddable":true,"href":"https:\/\/unisource-future.com\/fr\/wp-json\/wp\/v2\/media\/860"}],"wp:attachment":[{"href":"https:\/\/unisource-future.com\/fr\/wp-json\/wp\/v2\/media?parent=856"}],"curies":[{"name":"wp","href":"https:\/\/api.w.org\/{rel}","templated":true}]}}